{"id":8,"date":"2013-12-10T06:14:38","date_gmt":"2013-12-10T06:14:38","guid":{"rendered":"https:\/\/blogs.ua.es\/historiadecocentaina\/?page_id=8"},"modified":"2014-01-13T04:44:58","modified_gmt":"2014-01-13T03:44:58","slug":"valoracio","status":"publish","type":"page","link":"https:\/\/blogs.ua.es\/historiadecocentaina\/valoracio\/","title":{"rendered":"Valoraci\u00f3"},"content":{"rendered":"<p>Els tres autors del blog estem d&#8217;acord en qu\u00e8 la realitzaci\u00f3 d&#8217;aquesta pr\u00e0ctica de treball per a l&#8217;assignatura d&#8217;hist\u00f2ria moderna del Pa\u00eds Valenci\u00e0 ens ha sigut molt \u00fatil per adquirir m\u00e9s coneixements sobre la vila de Cocentaina durant els segles XIV al XVIII, havent-ne molts aspectes que desconeixiem sobre aquest poble que t\u00e9 m\u00e9s que la Fireta que es celebra tots els anys com a atraient tur\u00edstic, tantes coses que s&#8217;ens escap\u00e0ven, tants personatges importants contestans que ens han fet replantejar-ne la import\u00e0ncia de Cocentaina pel regne de Val\u00e8ncia i en l&#8217;actualitat per a l&#8217;hist\u00f2ria del Comtat, de la prov\u00edncia d&#8217;Alacant, i del Pa\u00eds Valenci\u00e0, que ens han fet estimar encara m\u00e9s aquest xicotet poble.<\/p>\n<p>Hem ent\u00e9s millor com era el municipi en aquells temps i la poblaci\u00f3 que hi vivia (en tots els \u00e1mbits esmentats en aquest bloc, molts de manera breu, encara que ens hagu\u00e9s agradat parlar-hi d&#8217;alguns temes amb m\u00e9s extensi\u00f3, ja sigui poblacional, social, econ\u00f2mic, productiu, religi\u00f3s, etc.) i per qu\u00e8 \u00e9s aix\u00ed actualment.<\/p>\n<p>Ens vam sorprendre de quantes entrades i camps vam poder escriure (i les que es van quedar al tinter), investigant, analitzant i buscant en qualsevol tipus de fonts, tant orals, com escrites, on-line, etc. , adquirint experi\u00e8ncia a l&#8217;hora de recercar informaci\u00f3.<\/p>\n<p>La seua realitzaci\u00f3 ha requerit esfor\u00e7 i comprom\u00eds per part dels tres, destinant part del nostre temps i dedicaci\u00f3 a ell, no sols al blog, sino a les xarxes socials creades al respecte per a difondre el nostre treball.<\/p>\n<p>&nbsp;<\/p>\n","protected":false},"excerpt":{"rendered":"<p>Els tres autors del blog estem d&#8217;acord en qu\u00e8 la realitzaci\u00f3 d&#8217;aquesta pr\u00e0ctica de treball per a l&#8217;assignatura d&#8217;hist\u00f2ria moderna del Pa\u00eds Valenci\u00e0 ens ha sigut molt \u00fatil per adquirir m\u00e9s coneixements sobre la vila de Cocentaina durant els segles &hellip; <a href=\"https:\/\/blogs.ua.es\/historiadecocentaina\/valoracio\/\">Continue reading <span class=\"meta-nav\">&rarr;<\/span><\/a><\/p>\n","protected":false},"author":1876,"featured_media":0,"parent":0,"menu_order":3,"comment_status":"open","ping_status":"open","template":"","meta":{"footnotes":""},"class_list":["post-8","page","type-page","status-publish","hentry"],"_links":{"self":[{"href":"https:\/\/blogs.ua.es\/historiadecocentaina\/wp-json\/wp\/v2\/pages\/8","targetHints":{"allow":["GET"]}}],"collection":[{"href":"https:\/\/blogs.ua.es\/historiadecocentaina\/wp-json\/wp\/v2\/pages"}],"about":[{"href":"https:\/\/blogs.ua.es\/historiadecocentaina\/wp-json\/wp\/v2\/types\/page"}],"author":[{"embeddable":true,"href":"https:\/\/blogs.ua.es\/historiadecocentaina\/wp-json\/wp\/v2\/users\/1876"}],"replies":[{"embeddable":true,"href":"https:\/\/blogs.ua.es\/historiadecocentaina\/wp-json\/wp\/v2\/comments?post=8"}],"version-history":[{"count":8,"href":"https:\/\/blogs.ua.es\/historiadecocentaina\/wp-json\/wp\/v2\/pages\/8\/revisions"}],"predecessor-version":[{"id":313,"href":"https:\/\/blogs.ua.es\/historiadecocentaina\/wp-json\/wp\/v2\/pages\/8\/revisions\/313"}],"wp:attachment":[{"href":"https:\/\/blogs.ua.es\/historiadecocentaina\/wp-json\/wp\/v2\/media?parent=8"}],"curies":[{"name":"wp","href":"https:\/\/api.w.org\/{rel}","templated":true}]}}