{"id":27,"date":"2011-10-04T13:31:33","date_gmt":"2011-10-04T13:31:33","guid":{"rendered":"https:\/\/blogs.ua.es\/historiadelosincas\/?page_id=27"},"modified":"2011-11-15T14:32:16","modified_gmt":"2011-11-15T14:32:16","slug":"mapa","status":"publish","type":"page","link":"https:\/\/blogs.ua.es\/historiadelosincas\/mapa\/","title":{"rendered":"Mapas"},"content":{"rendered":"<p><a href=\"https:\/\/blogs.ua.es\/historiadelosincas\/files\/2011\/10\/expansion-del-imperio-inca11.jpg\"><img loading=\"lazy\" decoding=\"async\" class=\"aligncenter size-full wp-image-69\" src=\"https:\/\/blogs.ua.es\/historiadelosincas\/files\/2011\/10\/expansion-del-imperio-inca11.jpg\" alt=\"expansion-del-imperio-inca[1]\" width=\"263\" height=\"410\" srcset=\"https:\/\/blogs.ua.es\/historiadelosincas\/files\/2011\/10\/expansion-del-imperio-inca11.jpg 263w, https:\/\/blogs.ua.es\/historiadelosincas\/files\/2011\/10\/expansion-del-imperio-inca11-192x300.jpg 192w\" sizes=\"auto, (max-width: 263px) 100vw, 263px\" \/><\/a><\/p>\n<p>Este mapa muestra las diferentes etapas de la expansion del imperio y los emperadores que reinaron durante aquellas conquistas.<\/p>\n<p>&nbsp;<\/p>\n<p><a href=\"https:\/\/blogs.ua.es\/historiadelosincas\/files\/2011\/10\/tahuantinsuyo1.gif\"><img loading=\"lazy\" decoding=\"async\" class=\"aligncenter size-full wp-image-124\" src=\"https:\/\/blogs.ua.es\/historiadelosincas\/files\/2011\/10\/tahuantinsuyo1.gif\" alt=\"\" width=\"339\" height=\"516\" srcset=\"https:\/\/blogs.ua.es\/historiadelosincas\/files\/2011\/10\/tahuantinsuyo1.gif 339w, https:\/\/blogs.ua.es\/historiadelosincas\/files\/2011\/10\/tahuantinsuyo1-197x300.gif 197w\" sizes=\"auto, (max-width: 339px) 100vw, 339px\" \/><\/a><\/p>\n<p>&nbsp;<\/p>\n<p>El gran Imperio incaico\u00a0 fue el m\u00e1s extenso de Am\u00e9rica y uno de los m\u00e1s grandes de la antig\u00fcedad, abarco casi toda la parte occidental de Sudam\u00e9rica (desde Colombia, pasando por Ecuador y Per\u00fa, Bolivia hasta Chile y una peque\u00f1a parte de Argentina). Con una poblaci\u00f3n de m\u00e1s de 12 millones de habitantes unidos por una sola lengua, el Quechua. Estaba gobernado por un emperador llamado Inca. Su capital, la ciudad de Cusco,\u00a0 (Ombligo en quechua), ubicada en medio de los Andes, era llamado por sus pobladores\u00a0 &#8216;Ombligo del Mundo&#8217;, ya que ellos pensaba que fuera del imperio no exist\u00edan \u00a0pueblos civilizados. Los Incas fueron los especialistas en la piedra.<\/p>\n","protected":false},"excerpt":{"rendered":"<p>Este mapa muestra las diferentes etapas de la expansion del imperio y los emperadores que reinaron durante aquellas conquistas. &nbsp; &nbsp; El gran Imperio incaico\u00a0 fue el m\u00e1s extenso de Am\u00e9rica y uno de los m\u00e1s grandes de la antig\u00fcedad, abarco casi toda la parte occidental de Sudam\u00e9rica (desde Colombia, pasando por Ecuador y Per\u00fa, [&hellip;]<\/p>\n","protected":false},"author":2160,"featured_media":0,"parent":0,"menu_order":0,"comment_status":"open","ping_status":"open","template":"","meta":{"footnotes":""},"class_list":["post-27","page","type-page","status-publish","hentry"],"_links":{"self":[{"href":"https:\/\/blogs.ua.es\/historiadelosincas\/wp-json\/wp\/v2\/pages\/27","targetHints":{"allow":["GET"]}}],"collection":[{"href":"https:\/\/blogs.ua.es\/historiadelosincas\/wp-json\/wp\/v2\/pages"}],"about":[{"href":"https:\/\/blogs.ua.es\/historiadelosincas\/wp-json\/wp\/v2\/types\/page"}],"author":[{"embeddable":true,"href":"https:\/\/blogs.ua.es\/historiadelosincas\/wp-json\/wp\/v2\/users\/2160"}],"replies":[{"embeddable":true,"href":"https:\/\/blogs.ua.es\/historiadelosincas\/wp-json\/wp\/v2\/comments?post=27"}],"version-history":[{"count":7,"href":"https:\/\/blogs.ua.es\/historiadelosincas\/wp-json\/wp\/v2\/pages\/27\/revisions"}],"predecessor-version":[{"id":30,"href":"https:\/\/blogs.ua.es\/historiadelosincas\/wp-json\/wp\/v2\/pages\/27\/revisions\/30"}],"wp:attachment":[{"href":"https:\/\/blogs.ua.es\/historiadelosincas\/wp-json\/wp\/v2\/media?parent=27"}],"curies":[{"name":"wp","href":"https:\/\/api.w.org\/{rel}","templated":true}]}}