{"id":79,"date":"2011-10-11T14:09:15","date_gmt":"2011-10-11T14:09:15","guid":{"rendered":"https:\/\/blogs.ua.es\/historiadelosincas\/?page_id=79"},"modified":"2012-01-24T20:41:27","modified_gmt":"2012-01-24T20:41:27","slug":"guerras","status":"publish","type":"page","link":"https:\/\/blogs.ua.es\/historiadelosincas\/guerras\/","title":{"rendered":"Presentaci\u00f3n"},"content":{"rendered":"<p>Hola<\/p>\n<p>Me llamo DIOP ISSA y soy un estudiante Erasmus en la Universidad de Alicante. Creo este blog para tratar de la\u00a0 civilizaci\u00f3n\u00a0 de los Incas que fue una de las \u00a0 m\u00e1s\u00a0 Brillosa.<\/p>\n<p>En el Blog se desarrollara los aspectos mas importantes la vida de dicha poblaci\u00f3n, es decir la cultura y su\u00a0 organizaci\u00f3n tanto pol\u00edtica como social del imperio. Los\u00a0 temas contienen contenidos generales pero hay algunos que est\u00e1n tratados mas\u00a0 espec\u00edficamente.<\/p>\n<p>Se trata tambi\u00e9n\u00a0 de los grandes\u00a0 acontecimientos desde la creaci\u00f3n del imperio hasta la invasi\u00f3n de los espa\u00f1oles.<\/p>\n<p>Si tiene\u00a0 cualquier sugerencia o duda sobre el tema.<\/p>\n<p>Gracias por su visita y buena lectura!<\/p>\n<p>&nbsp;<\/p>\n","protected":false},"excerpt":{"rendered":"<p>Hola Me llamo DIOP ISSA y soy un estudiante Erasmus en la Universidad de Alicante. Creo este blog para tratar de la\u00a0 civilizaci\u00f3n\u00a0 de los Incas que fue una de las \u00a0 m\u00e1s\u00a0 Brillosa. En el Blog se desarrollara los aspectos mas importantes la vida de dicha poblaci\u00f3n, es decir la cultura y su\u00a0 organizaci\u00f3n [&hellip;]<\/p>\n","protected":false},"author":2160,"featured_media":0,"parent":0,"menu_order":0,"comment_status":"open","ping_status":"open","template":"","meta":{"footnotes":""},"class_list":["post-79","page","type-page","status-publish","hentry"],"_links":{"self":[{"href":"https:\/\/blogs.ua.es\/historiadelosincas\/wp-json\/wp\/v2\/pages\/79","targetHints":{"allow":["GET"]}}],"collection":[{"href":"https:\/\/blogs.ua.es\/historiadelosincas\/wp-json\/wp\/v2\/pages"}],"about":[{"href":"https:\/\/blogs.ua.es\/historiadelosincas\/wp-json\/wp\/v2\/types\/page"}],"author":[{"embeddable":true,"href":"https:\/\/blogs.ua.es\/historiadelosincas\/wp-json\/wp\/v2\/users\/2160"}],"replies":[{"embeddable":true,"href":"https:\/\/blogs.ua.es\/historiadelosincas\/wp-json\/wp\/v2\/comments?post=79"}],"version-history":[{"count":13,"href":"https:\/\/blogs.ua.es\/historiadelosincas\/wp-json\/wp\/v2\/pages\/79\/revisions"}],"predecessor-version":[{"id":117,"href":"https:\/\/blogs.ua.es\/historiadelosincas\/wp-json\/wp\/v2\/pages\/79\/revisions\/117"}],"wp:attachment":[{"href":"https:\/\/blogs.ua.es\/historiadelosincas\/wp-json\/wp\/v2\/media?parent=79"}],"curies":[{"name":"wp","href":"https:\/\/api.w.org\/{rel}","templated":true}]}}