{"id":82,"date":"2011-10-11T14:16:29","date_gmt":"2011-10-11T14:16:29","guid":{"rendered":"https:\/\/blogs.ua.es\/historiadelosincas\/?page_id=82"},"modified":"2012-01-24T20:44:16","modified_gmt":"2012-01-24T20:44:16","slug":"contexto-historico","status":"publish","type":"page","link":"https:\/\/blogs.ua.es\/historiadelosincas\/contexto-historico\/","title":{"rendered":"Contexto hist\u00f3rico"},"content":{"rendered":"<p>Desde aproximadamente<span style=\"color: #888888\"><strong> 1450<\/strong><\/span> a <span style=\"color: #888888\"><strong>1530<\/strong><\/span>, la costa occidental de Am\u00e9rica del Sur prosper\u00f3 bajoel enorme imperio Inca. A su altura, se pod\u00eda comparar a los Inca con la antigua sociedad romana. Los \u00e9xitos de los Inca (sus carreteras, su gobierno y su sistema de cuentas) les ayudaron a dominar una zona enorme de Am\u00e9rica del Sur. Construyeron caminos entre el reino de Ecuador hasta la frontera sur de Argentina y Chile, creando un extenso sistema de comunicaci\u00f3n.<\/p>\n<p>Los incas eran un<strong><span style=\"color: #888888\"> pueblo de habla quechua<\/span>,<\/strong> originario, quiz\u00e1, de la regi\u00f3n tropical y selv\u00e1tica del este de los Andes, de donde habr\u00edan emigrado hacia el <strong><span style=\"color: #888888\">siglo XI<\/span>,<\/strong> estableci\u00e9ndose en la altiplanicie del Cuzco. Sus grandes aptitudes para la guerra y su organizaci\u00f3n, extendieron su poder a expensas de las tribus vecinas. Las tradiciones de los incas, de muy relativo valor hist\u00f3rico, relatan prolijamente el nacimiento del poderoso imperio.<\/p>\n<p><span style=\"color: #888888\"><strong>Este Gran Imperio, el\u00a0 m\u00e1s extenso de Am\u00e9rica<\/strong><\/span> y uno de los m\u00e1s grandes de la antiguedad abarc\u00f3 casi toda la\u00a0 parte de Occidental de Sudamerica (Desde Colombia, pasando por Ecuador y Per\u00fa,Bolivia hasta cubrir Chile y parte de Argentina). Con una poblaci\u00f3n de mas de <span style=\"color: #888888\"><strong>12 millones<\/strong><\/span> de habitantes unidos por una sola <span style=\"color: #888888\"><strong>lengua, el Quechua<\/strong><\/span>. Estaba gobernado por un emperador llamado<span style=\"color: #888888\"><strong> Inca<\/strong><\/span>. Su capital, la ciudad de <strong><span style=\"color: #888888\">Cusco<\/span><\/strong>, ubicada en medio de los Andes, era llamado por sus pobladores\u00a0 &#8216;Ombligo del Mundo&#8217;, ya que ellos pensaba que fuera del imperio no exist\u00edan pueblos civilizados. Los Incas fueron los especialistas en la piedra. Con ella constru\u00edan casi todo, Edificios P\u00fablicos, Templos, Sistemas de Regad\u00edo, Canales\u00a0 y Fuentes de Agua, Esculturas, etc. Son famosas sus inmensas piedras (de cientos de toneladas) talladas como piezas de inmensos\u00a0 rompecabezas para encajar a la perfecci\u00f3n con las otras piezas.<\/p>\n<p>Aunque el imperio Inca era grande y avanzado, floreci\u00f3 solo por un corto plazo. Empezando alrededor de <span style=\"color: #888888\"><strong>1450,<\/strong><\/span> dur\u00f3 menos que un siglo. En <span style=\"color: #888888\"><strong>1532,<\/strong> <strong>Francisco Pizarro<\/strong><\/span> y sus hombres llegaron de Panam\u00e1 durante una \u00e9poca de inquietud civil para los Inca.<span style=\"color: #888888\"><strong> Huayna Capac,<\/strong><\/span> elgobernante de aquellos tiempos, se hab\u00eda muerto y hab\u00eda dejado su reino a uno de sus hijos, <span style=\"color: #888888\"><strong>Huascar<\/strong><\/span>. Enfurecido, el otro hijo de Capac, <span style=\"color: #888888\"><strong>Atahualpa<\/strong><\/span> derrot\u00f3 y asesin\u00f3 a su hermano. Aprovechando la debilidad de una cultura en guerra civil, Pizarro atac\u00f3 y mat\u00f3 a Atahualpa, significando el fin del imperio Inca. Despu\u00e9s, fundi\u00f3 todo el oro de los Inca.<\/p>\n","protected":false},"excerpt":{"rendered":"<p>Desde aproximadamente 1450 a 1530, la costa occidental de Am\u00e9rica del Sur prosper\u00f3 bajoel enorme imperio Inca. A su altura, se pod\u00eda comparar a los Inca con la antigua sociedad romana. Los \u00e9xitos de los Inca (sus carreteras, su gobierno y su sistema de cuentas) les ayudaron a dominar una zona enorme de Am\u00e9rica del [&hellip;]<\/p>\n","protected":false},"author":2160,"featured_media":0,"parent":0,"menu_order":0,"comment_status":"open","ping_status":"open","template":"","meta":{"footnotes":""},"class_list":["post-82","page","type-page","status-publish","hentry"],"_links":{"self":[{"href":"https:\/\/blogs.ua.es\/historiadelosincas\/wp-json\/wp\/v2\/pages\/82","targetHints":{"allow":["GET"]}}],"collection":[{"href":"https:\/\/blogs.ua.es\/historiadelosincas\/wp-json\/wp\/v2\/pages"}],"about":[{"href":"https:\/\/blogs.ua.es\/historiadelosincas\/wp-json\/wp\/v2\/types\/page"}],"author":[{"embeddable":true,"href":"https:\/\/blogs.ua.es\/historiadelosincas\/wp-json\/wp\/v2\/users\/2160"}],"replies":[{"embeddable":true,"href":"https:\/\/blogs.ua.es\/historiadelosincas\/wp-json\/wp\/v2\/comments?post=82"}],"version-history":[{"count":7,"href":"https:\/\/blogs.ua.es\/historiadelosincas\/wp-json\/wp\/v2\/pages\/82\/revisions"}],"predecessor-version":[{"id":154,"href":"https:\/\/blogs.ua.es\/historiadelosincas\/wp-json\/wp\/v2\/pages\/82\/revisions\/154"}],"wp:attachment":[{"href":"https:\/\/blogs.ua.es\/historiadelosincas\/wp-json\/wp\/v2\/media?parent=82"}],"curies":[{"name":"wp","href":"https:\/\/api.w.org\/{rel}","templated":true}]}}