{"id":84,"date":"2011-10-11T14:16:46","date_gmt":"2011-10-11T14:16:46","guid":{"rendered":"https:\/\/blogs.ua.es\/historiadelosincas\/?page_id=84"},"modified":"2012-02-09T15:09:07","modified_gmt":"2012-02-09T15:09:07","slug":"bibliografias","status":"publish","type":"page","link":"https:\/\/blogs.ua.es\/historiadelosincas\/bibliografias\/","title":{"rendered":"Bibliografias"},"content":{"rendered":"<p><strong>Maria Concepci\u00f3n Bravo Guerreiro,<\/strong><em>El tiempo de los Incas<\/em>, I edici\u00f3n, 1986.<\/p>\n<p><strong>Louis Baudin, <\/strong><em>El impero socialista de los Incas,<\/em> 7 edici\u00f3n 1973.<\/p>\n<p><strong>ENCICLOPEDIA ENCARTA<br \/>\n<\/strong><\/p>\n<p><strong>ENCICLOPEDIA LAROUSSE<\/strong><\/p>\n","protected":false},"excerpt":{"rendered":"<p>Maria Concepci\u00f3n Bravo Guerreiro,El tiempo de los Incas, I edici\u00f3n, 1986. Louis Baudin, El impero socialista de los Incas, 7 edici\u00f3n 1973. ENCICLOPEDIA ENCARTA ENCICLOPEDIA LAROUSSE<\/p>\n","protected":false},"author":2160,"featured_media":0,"parent":0,"menu_order":0,"comment_status":"open","ping_status":"open","template":"","meta":{"footnotes":""},"class_list":["post-84","page","type-page","status-publish","hentry"],"_links":{"self":[{"href":"https:\/\/blogs.ua.es\/historiadelosincas\/wp-json\/wp\/v2\/pages\/84","targetHints":{"allow":["GET"]}}],"collection":[{"href":"https:\/\/blogs.ua.es\/historiadelosincas\/wp-json\/wp\/v2\/pages"}],"about":[{"href":"https:\/\/blogs.ua.es\/historiadelosincas\/wp-json\/wp\/v2\/types\/page"}],"author":[{"embeddable":true,"href":"https:\/\/blogs.ua.es\/historiadelosincas\/wp-json\/wp\/v2\/users\/2160"}],"replies":[{"embeddable":true,"href":"https:\/\/blogs.ua.es\/historiadelosincas\/wp-json\/wp\/v2\/comments?post=84"}],"version-history":[{"count":7,"href":"https:\/\/blogs.ua.es\/historiadelosincas\/wp-json\/wp\/v2\/pages\/84\/revisions"}],"predecessor-version":[{"id":172,"href":"https:\/\/blogs.ua.es\/historiadelosincas\/wp-json\/wp\/v2\/pages\/84\/revisions\/172"}],"wp:attachment":[{"href":"https:\/\/blogs.ua.es\/historiadelosincas\/wp-json\/wp\/v2\/media?parent=84"}],"curies":[{"name":"wp","href":"https:\/\/api.w.org\/{rel}","templated":true}]}}