{"id":122,"date":"2013-10-23T17:28:54","date_gmt":"2013-10-23T17:28:54","guid":{"rendered":"https:\/\/blogs.ua.es\/historiadevillajoyosa\/?page_id=122"},"modified":"2013-10-23T20:25:19","modified_gmt":"2013-10-23T20:25:19","slug":"planos-y-mapas","status":"publish","type":"page","link":"https:\/\/blogs.ua.es\/historiadevillajoyosa\/planos-y-mapas\/","title":{"rendered":"PLANOS Y MAPAS"},"content":{"rendered":"<p style=\"text-align: justify\">Autor :Roda Antonelli, Crist\u00f3bal de (1560-1631)<\/p>\n<p style=\"text-align: justify\">Fecha de Creaci\u00f3n: 1607<\/p>\n<p style=\"text-align: justify\">T\u00edtulo:\u00a0<em>&#8220;Pintura y tra\u00e7a de Villajoyosa y su huerta, y de los secanos que se pueden regar hazi\u00e9ndose el pantano por q. ser\u00e1n muchas las aguas pluviales que se recojeran en \u00e9l por tener tantas vertientes como tiene y sin hazer da\u00f1o a nadie, desde el qual pantano asta la villajoyosa ay una buena legua&#8221;<\/em><\/p>\n<figure id=\"attachment_124\" aria-describedby=\"caption-attachment-124\" style=\"width: 480px\" class=\"wp-caption alignright\"><img loading=\"lazy\" decoding=\"async\" class=\"size-full wp-image-124\" alt=\"00000034\" src=\"https:\/\/blogs.ua.es\/historiadevillajoyosa\/files\/2013\/10\/00000034-e1382549662287.jpg\" width=\"480\" height=\"635\" srcset=\"https:\/\/blogs.ua.es\/historiadevillajoyosa\/files\/2013\/10\/00000034-e1382549662287.jpg 480w, https:\/\/blogs.ua.es\/historiadevillajoyosa\/files\/2013\/10\/00000034-e1382549662287-226x300.jpg 226w\" sizes=\"auto, (max-width: 480px) 100vw, 480px\" \/><figcaption id=\"caption-attachment-124\" class=\"wp-caption-text\">Muestra el cauce del r\u00edo Amadorio desde Relleu hasta Villajoyosa se\u00f1al\u00e1ndose el lugar donde podr\u00eda ubicarse el pantano que solicita la villa de Villajoyosa para riego de su huerta.\u00a0Relieve por montes de perfil sombreados.\u00a0Representa vegetaci\u00f3n para diferenciar secano de huerta y galeotas en el mar. Indica caminos y las poblaciones de Orxeta, Relleu y Villajoyosa con peque\u00f1os edificios en alzado.<\/figcaption><\/figure>\n<p>&nbsp;<\/p>\n<p>&nbsp;<\/p>\n<p>&nbsp;<\/p>\n<p>&nbsp;<\/p>\n<p>&nbsp;<\/p>\n<p>&nbsp;<\/p>\n<p>&nbsp;<\/p>\n<p>&nbsp;<\/p>\n<p>&nbsp;<\/p>\n<p>&nbsp;<\/p>\n<p>&nbsp;<\/p>\n<p>&nbsp;<\/p>\n<p>&nbsp;<\/p>\n<p>&nbsp;<\/p>\n<p>&nbsp;<\/p>\n<p>&nbsp;<\/p>\n<p>&nbsp;<\/p>\n<p>&nbsp;<\/p>\n<p>&nbsp;<\/p>\n<figure id=\"attachment_135\" aria-describedby=\"caption-attachment-135\" style=\"width: 572px\" class=\"wp-caption alignright\"><img loading=\"lazy\" decoding=\"async\" class=\" wp-image-135\" alt=\"PUERTO\" src=\"https:\/\/blogs.ua.es\/historiadevillajoyosa\/files\/2013\/10\/PUERTO1.jpg\" width=\"572\" height=\"363\" srcset=\"https:\/\/blogs.ua.es\/historiadevillajoyosa\/files\/2013\/10\/PUERTO1.jpg 1167w, https:\/\/blogs.ua.es\/historiadevillajoyosa\/files\/2013\/10\/PUERTO1-300x190.jpg 300w, https:\/\/blogs.ua.es\/historiadevillajoyosa\/files\/2013\/10\/PUERTO1-1024x651.jpg 1024w\" sizes=\"auto, (max-width: 572px) 100vw, 572px\" \/><figcaption id=\"caption-attachment-135\" class=\"wp-caption-text\">Grabado de J. Garc\u00eda Campero con la vista de Vilajoiosa y su puerto en 1835. Museo Naval de Madrid.<\/figcaption><\/figure>\n<p>&nbsp;<\/p>\n<p>&nbsp;<\/p>\n<figure id=\"attachment_138\" aria-describedby=\"caption-attachment-138\" style=\"width: 481px\" class=\"wp-caption alignright\"><a href=\"https:\/\/blogs.ua.es\/historiadevillajoyosa\/files\/2013\/10\/ffff.png\"><img loading=\"lazy\" decoding=\"async\" class=\"size-full wp-image-138\" alt=\"\" src=\"https:\/\/blogs.ua.es\/historiadevillajoyosa\/files\/2013\/10\/ffff.png\" width=\"481\" height=\"490\" srcset=\"https:\/\/blogs.ua.es\/historiadevillajoyosa\/files\/2013\/10\/ffff.png 481w, https:\/\/blogs.ua.es\/historiadevillajoyosa\/files\/2013\/10\/ffff-294x300.png 294w\" sizes=\"auto, (max-width: 481px) 100vw, 481px\" \/><\/a><figcaption id=\"caption-attachment-138\" class=\"wp-caption-text\">Grabado de La Vila Joiosa que aparece en la Cr\u00f3nica de la inclita y coronada ciudad de Valencia y de su reyno del cronista Rafael Mart\u00edn de Viciana en 1564<br \/>Podemos ver el castillo medieval en la parte inferior izquierda, la iglesia de la Asunci\u00f3n. destaca la puerta de la pobla ubicada en el frente norte del recinto, articulando la calle mallor .<\/figcaption><\/figure>\n<p>&nbsp;<\/p>\n<p>&nbsp;<\/p>\n<p>&nbsp;<\/p>\n<p>&nbsp;<\/p>\n<p>&nbsp;<\/p>\n<p>&nbsp;<\/p>\n<p>&nbsp;<\/p>\n<p>&nbsp;<\/p>\n<p>&nbsp;<\/p>\n<p>&nbsp;<\/p>\n<p>&nbsp;<\/p>\n<p>&nbsp;<\/p>\n<p>&nbsp;<\/p>\n<p>&nbsp;<\/p>\n<p>&nbsp;<\/p>\n<p>&nbsp;<\/p>\n<p>&nbsp;<\/p>\n<figure id=\"attachment_142\" aria-describedby=\"caption-attachment-142\" style=\"width: 396px\" class=\"wp-caption alignright\"><img loading=\"lazy\" decoding=\"async\" class=\" wp-image-142\" alt=\"villajoyosa (1)\" src=\"https:\/\/blogs.ua.es\/historiadevillajoyosa\/files\/2013\/10\/villajoyosa-1-1024x1013.jpg\" width=\"396\" height=\"391\" srcset=\"https:\/\/blogs.ua.es\/historiadevillajoyosa\/files\/2013\/10\/villajoyosa-1-1024x1013.jpg 1024w, https:\/\/blogs.ua.es\/historiadevillajoyosa\/files\/2013\/10\/villajoyosa-1-300x296.jpg 300w, https:\/\/blogs.ua.es\/historiadevillajoyosa\/files\/2013\/10\/villajoyosa-1.jpg 1499w\" sizes=\"auto, (max-width: 396px) 100vw, 396px\" \/><figcaption id=\"caption-attachment-142\" class=\"wp-caption-text\">Atlas de Espa\u00f1a y sus Posesiones de Ultramar\u201d, realizado por Francisco Coello y Pascual Madoz . (1848-1880) Hasta la aparici\u00f3n del Mapa Topogr\u00e1fico Nacional fueron la mejor cartograf\u00eda espa\u00f1ola<\/figcaption><\/figure>\n<p>&nbsp;<\/p>\n<p>&nbsp;<\/p>\n<p>&nbsp;<\/p>\n<p>&nbsp;<\/p>\n<p>&nbsp;<\/p>\n<p>&nbsp;<\/p>\n<p>&nbsp;<\/p>\n<p>&nbsp;<\/p>\n<p>&nbsp;<\/p>\n<p>&nbsp;<\/p>\n<p>&nbsp;<\/p>\n<p>&nbsp;<\/p>\n<p>&nbsp;<\/p>\n<figure id=\"attachment_145\" aria-describedby=\"caption-attachment-145\" style=\"width: 565px\" class=\"wp-caption aligncenter\"><a href=\"https:\/\/blogs.ua.es\/historiadevillajoyosa\/files\/2013\/10\/plano-actual-de-Villajoyosa.png\"><img loading=\"lazy\" decoding=\"async\" class=\"size-large wp-image-145 \" alt=\"plano actual de Villajoyosa\" src=\"https:\/\/blogs.ua.es\/historiadevillajoyosa\/files\/2013\/10\/plano-actual-de-Villajoyosa-1024x564.png\" width=\"565\" height=\"311\" srcset=\"https:\/\/blogs.ua.es\/historiadevillajoyosa\/files\/2013\/10\/plano-actual-de-Villajoyosa-1024x564.png 1024w, https:\/\/blogs.ua.es\/historiadevillajoyosa\/files\/2013\/10\/plano-actual-de-Villajoyosa-300x165.png 300w, https:\/\/blogs.ua.es\/historiadevillajoyosa\/files\/2013\/10\/plano-actual-de-Villajoyosa.png 1185w\" sizes=\"auto, (max-width: 565px) 100vw, 565px\" \/><\/a><figcaption id=\"caption-attachment-145\" class=\"wp-caption-text\">Plano actual de Villajoyosa. Se conserva la iglesia y lienzos de murallas del Este y del Oeste<\/figcaption><\/figure>\n<figure id=\"attachment_51\" aria-describedby=\"caption-attachment-51\" style=\"width: 621px\" class=\"wp-caption aligncenter\"><a href=\"https:\/\/blogs.ua.es\/historiadevillajoyosa\/files\/2013\/10\/CASCO-ANTIGUO.jpg\"><img loading=\"lazy\" decoding=\"async\" class=\"wp-image-51 \" alt=\"Casco antiguo de Villajoyosa delimitado por los torreones de \u00e9poca moderna que se levantaron sobre los restos de la muralla de la \u00e9poca medieval\" src=\"https:\/\/blogs.ua.es\/historiadevillajoyosa\/files\/2013\/10\/CASCO-ANTIGUO.jpg\" width=\"621\" height=\"500\" srcset=\"https:\/\/blogs.ua.es\/historiadevillajoyosa\/files\/2013\/10\/CASCO-ANTIGUO.jpg 887w, https:\/\/blogs.ua.es\/historiadevillajoyosa\/files\/2013\/10\/CASCO-ANTIGUO-300x241.jpg 300w\" sizes=\"auto, (max-width: 621px) 100vw, 621px\" \/><\/a><figcaption id=\"caption-attachment-51\" class=\"wp-caption-text\">Casco antiguo de Villajoyosa delimitado por los torreones de \u00e9poca moderna que se levantaron sobre los restos de la muralla de la \u00e9poca medieval<\/figcaption><\/figure>\n","protected":false},"excerpt":{"rendered":"<p>Autor :Roda Antonelli, Crist\u00f3bal de (1560-1631) Fecha de Creaci\u00f3n: 1607 T\u00edtulo:\u00a0&#8220;Pintura y tra\u00e7a de Villajoyosa y su huerta, y de los secanos que se pueden regar hazi\u00e9ndose el pantano por q. ser\u00e1n muchas las aguas pluviales que se recojeran en \u00e9l por tener tantas vertientes como tiene y sin hazer da\u00f1o a nadie, desde el [&hellip;]<\/p>\n","protected":false},"author":3194,"featured_media":0,"parent":0,"menu_order":3,"comment_status":"open","ping_status":"open","template":"","meta":{"footnotes":""},"class_list":["post-122","page","type-page","status-publish","hentry"],"_links":{"self":[{"href":"https:\/\/blogs.ua.es\/historiadevillajoyosa\/wp-json\/wp\/v2\/pages\/122","targetHints":{"allow":["GET"]}}],"collection":[{"href":"https:\/\/blogs.ua.es\/historiadevillajoyosa\/wp-json\/wp\/v2\/pages"}],"about":[{"href":"https:\/\/blogs.ua.es\/historiadevillajoyosa\/wp-json\/wp\/v2\/types\/page"}],"author":[{"embeddable":true,"href":"https:\/\/blogs.ua.es\/historiadevillajoyosa\/wp-json\/wp\/v2\/users\/3194"}],"replies":[{"embeddable":true,"href":"https:\/\/blogs.ua.es\/historiadevillajoyosa\/wp-json\/wp\/v2\/comments?post=122"}],"version-history":[{"count":12,"href":"https:\/\/blogs.ua.es\/historiadevillajoyosa\/wp-json\/wp\/v2\/pages\/122\/revisions"}],"predecessor-version":[{"id":141,"href":"https:\/\/blogs.ua.es\/historiadevillajoyosa\/wp-json\/wp\/v2\/pages\/122\/revisions\/141"}],"wp:attachment":[{"href":"https:\/\/blogs.ua.es\/historiadevillajoyosa\/wp-json\/wp\/v2\/media?parent=122"}],"curies":[{"name":"wp","href":"https:\/\/api.w.org\/{rel}","templated":true}]}}