{"id":14,"date":"2013-10-19T08:16:22","date_gmt":"2013-10-19T08:16:22","guid":{"rendered":"https:\/\/blogs.ua.es\/historiadevillajoyosa\/?page_id=14"},"modified":"2013-11-02T10:51:07","modified_gmt":"2013-11-02T10:51:07","slug":"bibliografia","status":"publish","type":"page","link":"https:\/\/blogs.ua.es\/historiadevillajoyosa\/bibliografia\/","title":{"rendered":"BIBLIOGRAF\u00cdA"},"content":{"rendered":"<ul>\n<li style=\"text-align: justify\">SOLER MILLA .J.L 2010. Villajoyosa y su integraci\u00f3n al patrimonio regio en 1443: Fisonom\u00eda pol\u00edtica-econ\u00f3mica de una villa mar\u00edtima valenciana, La Vila Joiosa. El Centenario del t\u00edtulo de ciudad 1911-2011, La Vila Joioisa 17-29<\/li>\n<\/ul>\n<ul style=\"text-align: justify\">\n<li>La Vila\u00a0 Joiosa Arqueolog\u00eda I Museu, Museos Municipales en el Marq. Marq diciembre 2011-febrero 2012.<\/li>\n<\/ul>\n<ul style=\"text-align: justify\">\n<li>LLINARES IZQUIERDO, M. M, La Iglesia Fortaleza de la Ciudad de Villajoyosa.\u00a0 Ajuntament de la Vila Joiosa, Concejal\u00eda de Cultura.\u00a0 2001, Villajoyosa.<\/li>\n<\/ul>\n<ul style=\"text-align: justify\">\n<li>ESPINOSA RUIZ, A, JOS\u00c9 PAY\u00c0 NICOLAU Y M\u00aa DEL MAR ,El barri vell = El casco antiguo , Ajuntament de la Vila Joiosa, 2001<\/li>\n<\/ul>\n<ul style=\"text-align: justify\">\n<li>VILA PASTOR, MA PAU,\u00a0 La nostra mem\u00f2ria escrita : aproximaci\u00f3 als pergamins de l&#8217;arxiu municipal de La Vila Joiosa, Companya de Catalans, 1997<\/li>\n<\/ul>\n<ul style=\"text-align: justify\">\n<li>GALIANO SORIANO, AGUST\u00cd. La Vila Joiosa. El centenario del t\u00edtulo de ciudad. La villa de Vilajoiosa, Bernat de Sarri\u00e0 y el 1300. \u00a02011. Excmo. Ayuntamiento de Villajoyosa, 2010<\/li>\n<\/ul>\n<ul style=\"text-align: justify\">\n<li>MART\u00cd MIQUEL, Ignacio: Historia de Villajoyosa, manuscrito original conservado en el Museu de la Vila Joiosa, escrito en 1877<\/li>\n<\/ul>\n<ul>\n<li style=\"text-align: justify\">Decreto 237\/2003, de 28 de noviembre, por el que declara Bien de Inter\u00e9s Cultural el Conjunto Hist\u00f3rico de Villajoyosa.<\/li>\n<\/ul>\n<ul>\n<li style=\"text-align: justify\">MEN\u00c9NDEZ FUEYO, JL.: Centinelas de la costa: torres de defensa y de la huerta de Alicante. 1997. Alicante.<\/li>\n<\/ul>\n<ul>\n<li style=\"text-align: justify\">ORTS I BOSCH, P. M. 1972: Introd\u00facelo a la Historia de la Vila Joiosa i el Notari Andreu Mayor, Alicante (2<sup>a<\/sup> edici\u00f3n Villajoyosa 1999).<\/li>\n<\/ul>\n<ul>\n<li style=\"text-align: justify\">PAYA NICOLAU, J. 1987: \u201cCarta Pobla de la Vila Joiosa\u201d, Revista anual de Moros y Cristianos 24, La Vila Joiosa<\/li>\n<\/ul>\n<p>&nbsp;<\/p>\n<p>&nbsp;<\/p>\n","protected":false},"excerpt":{"rendered":"<p>SOLER MILLA .J.L 2010. Villajoyosa y su integraci\u00f3n al patrimonio regio en 1443: Fisonom\u00eda pol\u00edtica-econ\u00f3mica de una villa mar\u00edtima valenciana, La Vila Joiosa. El Centenario del t\u00edtulo de ciudad 1911-2011, La Vila Joioisa 17-29 La Vila\u00a0 Joiosa Arqueolog\u00eda I Museu, Museos Municipales en el Marq. Marq diciembre 2011-febrero 2012. LLINARES IZQUIERDO, M. M, La Iglesia [&hellip;]<\/p>\n","protected":false},"author":3194,"featured_media":0,"parent":0,"menu_order":4,"comment_status":"open","ping_status":"open","template":"","meta":{"footnotes":""},"class_list":["post-14","page","type-page","status-publish","hentry"],"_links":{"self":[{"href":"https:\/\/blogs.ua.es\/historiadevillajoyosa\/wp-json\/wp\/v2\/pages\/14","targetHints":{"allow":["GET"]}}],"collection":[{"href":"https:\/\/blogs.ua.es\/historiadevillajoyosa\/wp-json\/wp\/v2\/pages"}],"about":[{"href":"https:\/\/blogs.ua.es\/historiadevillajoyosa\/wp-json\/wp\/v2\/types\/page"}],"author":[{"embeddable":true,"href":"https:\/\/blogs.ua.es\/historiadevillajoyosa\/wp-json\/wp\/v2\/users\/3194"}],"replies":[{"embeddable":true,"href":"https:\/\/blogs.ua.es\/historiadevillajoyosa\/wp-json\/wp\/v2\/comments?post=14"}],"version-history":[{"count":10,"href":"https:\/\/blogs.ua.es\/historiadevillajoyosa\/wp-json\/wp\/v2\/pages\/14\/revisions"}],"predecessor-version":[{"id":305,"href":"https:\/\/blogs.ua.es\/historiadevillajoyosa\/wp-json\/wp\/v2\/pages\/14\/revisions\/305"}],"wp:attachment":[{"href":"https:\/\/blogs.ua.es\/historiadevillajoyosa\/wp-json\/wp\/v2\/media?parent=14"}],"curies":[{"name":"wp","href":"https:\/\/api.w.org\/{rel}","templated":true}]}}