{"id":16,"date":"2013-10-19T08:17:34","date_gmt":"2013-10-19T08:17:34","guid":{"rendered":"https:\/\/blogs.ua.es\/historiadevillajoyosa\/?page_id=16"},"modified":"2014-02-20T19:59:56","modified_gmt":"2014-02-20T19:59:56","slug":"presentacion","status":"publish","type":"page","link":"https:\/\/blogs.ua.es\/historiadevillajoyosa\/presentacion\/","title":{"rendered":"PRESENTACI\u00d3N"},"content":{"rendered":"<h1 style=\"text-align: center\"><span style=\"color: #000080\">\u00a1Bienvenidos!<\/span><\/h1>\n<p>&nbsp;<\/p>\n<h1><\/h1>\n<p style=\"text-align: justify\">\u00a0 \u00a0 \u00a0 \u00a0 \u00a0 \u00a0 Este blogs ha sido creado\u00a0para el estudio \u00a0de la \u00a0Historia de la ciudad de Villajoyosa.<\/p>\n<p style=\"text-align: justify\"><a href=\"https:\/\/blogs.ua.es\/historiadevillajoyosa\/files\/2013\/10\/mano_ua.jpg\"><img loading=\"lazy\" decoding=\"async\" class=\" wp-image-69 alignright\" alt=\"mano_ua\" src=\"https:\/\/blogs.ua.es\/historiadevillajoyosa\/files\/2013\/10\/mano_ua.jpg\" width=\"134\" height=\"172\" srcset=\"https:\/\/blogs.ua.es\/historiadevillajoyosa\/files\/2013\/10\/mano_ua.jpg 319w, https:\/\/blogs.ua.es\/historiadevillajoyosa\/files\/2013\/10\/mano_ua-233x300.jpg 233w\" sizes=\"auto, (max-width: 134px) 100vw, 134px\" \/><\/a><\/p>\n<p style=\"text-align: justify\">El objetivo es profundizar y mostrar una \u00e9poca de una ciudad costera y din\u00e1mica como es Villajoyosa que nos ayude a \u00a0comprender y entender su idiosincrasia, as\u00ed como recuperar aquellos hechos que merecen ser recordados, por lo que se pretende \u00a0abrir una ventana m\u00e1s hacia \u00a0el conocimiento hist\u00f3rico que sirva a estudiantes y personas con inter\u00e9s por el pasado menos reciente.<\/p>\n<p style=\"text-align: justify\">Para ello, me voy a servir de los archivos, as\u00ed como de los trabajos contempor\u00e1neos que se han realizado sobre la historia de Villajoyosa durante la Edad Media y Moderna, como tambi\u00e9n de las \u00a0fotograf\u00edas, planos, dibujos y restos arqueol\u00f3gicos que podamos encontrar.<\/p>\n<p style=\"text-align: justify\">Espero que lo encontr\u00e9is interesante y que opin\u00e9is sobre el mismo.<\/p>\n<h2 style=\"text-align: right\"><a href=\"https:\/\/blogs.ua.es\/historiadevillajoyosa\/files\/2013\/10\/es-valencia-flag1s.gif\"><img loading=\"lazy\" decoding=\"async\" class=\"aligncenter size-full wp-image-240\" alt=\"es-valencia-flag1s\" src=\"https:\/\/blogs.ua.es\/historiadevillajoyosa\/files\/2013\/10\/es-valencia-flag1s.gif\" width=\"76\" height=\"54\" \/><\/a>\u00a0<span style=\"color: #000080\"> \u00a1Gracias por visitarla!<\/span><\/h2>\n","protected":false},"excerpt":{"rendered":"<p>\u00a1Bienvenidos! &nbsp; \u00a0 \u00a0 \u00a0 \u00a0 \u00a0 \u00a0 Este blogs ha sido creado\u00a0para el estudio \u00a0de la \u00a0Historia de la ciudad de Villajoyosa. El objetivo es profundizar y mostrar una \u00e9poca de una ciudad costera y din\u00e1mica como es Villajoyosa que nos ayude a \u00a0comprender y entender su idiosincrasia, as\u00ed como recuperar aquellos hechos que [&hellip;]<\/p>\n","protected":false},"author":3194,"featured_media":0,"parent":0,"menu_order":1,"comment_status":"open","ping_status":"open","template":"","meta":{"footnotes":""},"class_list":["post-16","page","type-page","status-publish","hentry"],"_links":{"self":[{"href":"https:\/\/blogs.ua.es\/historiadevillajoyosa\/wp-json\/wp\/v2\/pages\/16","targetHints":{"allow":["GET"]}}],"collection":[{"href":"https:\/\/blogs.ua.es\/historiadevillajoyosa\/wp-json\/wp\/v2\/pages"}],"about":[{"href":"https:\/\/blogs.ua.es\/historiadevillajoyosa\/wp-json\/wp\/v2\/types\/page"}],"author":[{"embeddable":true,"href":"https:\/\/blogs.ua.es\/historiadevillajoyosa\/wp-json\/wp\/v2\/users\/3194"}],"replies":[{"embeddable":true,"href":"https:\/\/blogs.ua.es\/historiadevillajoyosa\/wp-json\/wp\/v2\/comments?post=16"}],"version-history":[{"count":18,"href":"https:\/\/blogs.ua.es\/historiadevillajoyosa\/wp-json\/wp\/v2\/pages\/16\/revisions"}],"predecessor-version":[{"id":490,"href":"https:\/\/blogs.ua.es\/historiadevillajoyosa\/wp-json\/wp\/v2\/pages\/16\/revisions\/490"}],"wp:attachment":[{"href":"https:\/\/blogs.ua.es\/historiadevillajoyosa\/wp-json\/wp\/v2\/media?parent=16"}],"curies":[{"name":"wp","href":"https:\/\/api.w.org\/{rel}","templated":true}]}}