{"id":18,"date":"2013-10-19T08:19:41","date_gmt":"2013-10-19T08:19:41","guid":{"rendered":"https:\/\/blogs.ua.es\/historiadevillajoyosa\/?page_id=18"},"modified":"2013-11-07T20:06:21","modified_gmt":"2013-11-07T20:06:21","slug":"un-poco-de-historia","status":"publish","type":"page","link":"https:\/\/blogs.ua.es\/historiadevillajoyosa\/un-poco-de-historia\/","title":{"rendered":"UN POCO DE HISTORIA"},"content":{"rendered":"<figure id=\"attachment_51\" aria-describedby=\"caption-attachment-51\" style=\"width: 300px\" class=\"wp-caption aligncenter\"><a href=\"https:\/\/blogs.ua.es\/historiadevillajoyosa\/files\/2013\/10\/CASCO-ANTIGUO.jpg\"><img loading=\"lazy\" decoding=\"async\" class=\"size-medium wp-image-51\" alt=\"Casco antiguo de Villajoyosa delimitado por los torreones de \u00e9poca moderna que se levantaron sobre los restos de la muralla de la \u00e9poca medieval\" src=\"https:\/\/blogs.ua.es\/historiadevillajoyosa\/files\/2013\/10\/CASCO-ANTIGUO-300x241.jpg\" width=\"300\" height=\"241\" srcset=\"https:\/\/blogs.ua.es\/historiadevillajoyosa\/files\/2013\/10\/CASCO-ANTIGUO-300x241.jpg 300w, https:\/\/blogs.ua.es\/historiadevillajoyosa\/files\/2013\/10\/CASCO-ANTIGUO.jpg 887w\" sizes=\"auto, (max-width: 300px) 100vw, 300px\" \/><\/a><figcaption id=\"caption-attachment-51\" class=\"wp-caption-text\">Casco antiguo de Villajoyosa delimitado por los torreones de \u00e9poca moderna que se levantaron sobre los restos de la muralla de la \u00e9poca medieval<\/figcaption><\/figure>\n<p style=\"text-align: justify\">\u00a0 \u00a0 \u00a0 \u00a0 Villajoyosa, por lo que sabemos , fue una villa nueva,\u00a0 fundada \u00a0en 1300 por Bernat de Sarri\u00e1, noble y capit\u00e1n general de la escuadra de la Corona de Arag\u00f3n,\u00a0 al servicio del rey Jaume II, durante los momentos de expansi\u00f3n territorial del\u00a0 reino de Arag\u00f3n por tierras alicantinas.<\/p>\n<p style=\"text-align: justify\">La nueva poblaci\u00f3n fue \u00a0bautizada con el nombre de Vila Joiosa, que en catal\u00e1n antiguo quiere decir \u201cciudad alegre\u201d, siendo la \u00fanica ciudad de poblaci\u00f3n totalmente\u00a0 cristiana ya que fue repoblada por catalanes y aragoneses que trajeron sus costumbres y su idioma a una zona de pueblos y ciudades de poblaci\u00f3n mayoritariamente musulmana.<\/p>\n<p style=\"text-align: justify\">Sabemos que el d\u00eda 8 de mayo de 1300, Bernat de Sarri\u00e1 concedi\u00f3 a la ciudad una carta pobla, \u00a0la cual \u00a0fijaba las condiciones de posesi\u00f3n de las tierras, los impuestos, los derechos y los \u00a0deberes de los nuevos habitantes.<\/p>\n<p style=\"text-align: justify\">En 1321, el lugar pas\u00f3 al infante Pedro, Duque de Ribagorza, y mas tarde fueron distintas familias las que se \u00a0\u00a0sucedieron en la posesi\u00f3n de la ciudad, hasta que en n 1443 obtuvo el codiciado privilegio de pasar a ser villa real.<\/p>\n<p style=\"text-align: justify\">Durante \u00a0toda la Edad Moderna, Villajoyosa tuvo un papel importante en la defensa de las costas alicantinas frente a los numerosos y considerables ataques piratas berberiscos. Como parte del mismo sistema defensivo se erigieron torres vig\u00eda costeras y se construyeron murallas alrededor de la ciudad. Ya en el siglo XVIII tras el cese de las incursiones de los piratas y corsarios la ciudad pudo crecer fuera de sus murallas.<\/p>\n","protected":false},"excerpt":{"rendered":"<p>\u00a0 \u00a0 \u00a0 \u00a0 Villajoyosa, por lo que sabemos , fue una villa nueva,\u00a0 fundada \u00a0en 1300 por Bernat de Sarri\u00e1, noble y capit\u00e1n general de la escuadra de la Corona de Arag\u00f3n,\u00a0 al servicio del rey Jaume II, durante los momentos de expansi\u00f3n territorial del\u00a0 reino de Arag\u00f3n por tierras alicantinas. La nueva poblaci\u00f3n [&hellip;]<\/p>\n","protected":false},"author":3194,"featured_media":0,"parent":0,"menu_order":3,"comment_status":"open","ping_status":"open","template":"","meta":{"footnotes":""},"class_list":["post-18","page","type-page","status-publish","hentry"],"_links":{"self":[{"href":"https:\/\/blogs.ua.es\/historiadevillajoyosa\/wp-json\/wp\/v2\/pages\/18","targetHints":{"allow":["GET"]}}],"collection":[{"href":"https:\/\/blogs.ua.es\/historiadevillajoyosa\/wp-json\/wp\/v2\/pages"}],"about":[{"href":"https:\/\/blogs.ua.es\/historiadevillajoyosa\/wp-json\/wp\/v2\/types\/page"}],"author":[{"embeddable":true,"href":"https:\/\/blogs.ua.es\/historiadevillajoyosa\/wp-json\/wp\/v2\/users\/3194"}],"replies":[{"embeddable":true,"href":"https:\/\/blogs.ua.es\/historiadevillajoyosa\/wp-json\/wp\/v2\/comments?post=18"}],"version-history":[{"count":5,"href":"https:\/\/blogs.ua.es\/historiadevillajoyosa\/wp-json\/wp\/v2\/pages\/18\/revisions"}],"predecessor-version":[{"id":388,"href":"https:\/\/blogs.ua.es\/historiadevillajoyosa\/wp-json\/wp\/v2\/pages\/18\/revisions\/388"}],"wp:attachment":[{"href":"https:\/\/blogs.ua.es\/historiadevillajoyosa\/wp-json\/wp\/v2\/media?parent=18"}],"curies":[{"name":"wp","href":"https:\/\/api.w.org\/{rel}","templated":true}]}}