{"id":47,"date":"2013-10-20T19:14:42","date_gmt":"2013-10-20T19:14:42","guid":{"rendered":"https:\/\/blogs.ua.es\/historiadevillajoyosa\/?page_id=47"},"modified":"2013-10-20T19:16:52","modified_gmt":"2013-10-20T19:16:52","slug":"cronologia","status":"publish","type":"page","link":"https:\/\/blogs.ua.es\/historiadevillajoyosa\/cronologia\/","title":{"rendered":"CRONOLOG\u00cdA"},"content":{"rendered":"<div align=\"center\">\n<table border=\"1\" cellspacing=\"0\" cellpadding=\"0\">\n<tbody>\n<tr>\n<td valign=\"top\" width=\"92\">\n<p align=\"center\">A\u00d1O<\/p>\n<\/td>\n<td valign=\"top\" width=\"484\">ACONTECIMIENTO<\/td>\n<\/tr>\n<tr>\n<td width=\"92\">\n<p align=\"center\">1300<\/p>\n<\/td>\n<td valign=\"top\" width=\"484\">Carta puebla del 8 de mayo donde se funda con el top\u00f3nimo de Villajoyosa<\/td>\n<\/tr>\n<tr>\n<td width=\"92\">\n<p align=\"center\">1304<\/p>\n<\/td>\n<td valign=\"top\" width=\"484\">Moros granadinos se llevaron presos 200 vileros (toda la poblaci\u00f3n) aAlmer\u00eda<\/td>\n<\/tr>\n<tr>\n<td width=\"92\">\n<p align=\"center\">1307<\/p>\n<\/td>\n<td valign=\"top\" width=\"484\">Jaume II pas\u00f3 por Vilajoiosa el doce de febrero<\/td>\n<\/tr>\n<tr>\n<td width=\"92\">\n<p align=\"center\">1308<\/p>\n<\/td>\n<td valign=\"top\" width=\"484\">Comienza un pleito por la posesi\u00f3n de la Pobla entre Bernat de Sarria y la Orden de Santiago anterior propietario de las tierras<\/td>\n<\/tr>\n<tr>\n<td width=\"92\">\n<p align=\"center\">1312<\/p>\n<\/td>\n<td valign=\"top\" width=\"484\">Sarri\u00e0 les tuvo que devolver Orxeta y Vilajoiosa<\/td>\n<\/tr>\n<tr>\n<td width=\"92\">\n<p align=\"center\">1326 y 1328<\/p>\n<\/td>\n<td valign=\"top\" width=\"484\">Sarri\u00e0 intent\u00f3 tomar Vilajoiosa por la fuerza en 1326 y 1328, sin \u00e9xito por la oposici\u00f3n del rey.<\/td>\n<\/tr>\n<tr>\n<td width=\"92\">\n<p align=\"center\">1327<\/p>\n<\/td>\n<td valign=\"top\" width=\"484\">Privilegio de reconocimiento y oficialidad del carregador de La Vila Joiosa se dispon\u00eda que se dedicara a la extracci\u00f3n de higos, pasas, vinos y frutos secos del lugar<\/td>\n<\/tr>\n<tr>\n<td width=\"92\">\n<p align=\"center\">1393<\/p>\n<\/td>\n<td valign=\"top\" width=\"484\">En 1393 el rey Joan I (1387- 1396) empe\u00f1\u00f3 Vilajoiosa (ya separada de Orxeta) a un particular de Val\u00e8ncia, Miquel Novals<\/td>\n<\/tr>\n<tr>\n<td width=\"92\">\n<p align=\"center\">1427-1428<\/p>\n<\/td>\n<td valign=\"top\" width=\"484\">Jofre de Meya construy\u00f3 una \u201cnau\u201d en este peque\u00f1o puerto, en la misma desembocadura del Amadorio.<\/td>\n<\/tr>\n<tr>\n<td width=\"92\">\n<p align=\"center\">1443<\/p>\n<\/td>\n<td valign=\"top\" width=\"484\">Pasa a posesi\u00f3n Real de la corona de Arag\u00f3n<\/td>\n<\/tr>\n<tr>\n<td width=\"92\">\n<p align=\"center\">1452<\/p>\n<\/td>\n<td valign=\"top\" width=\"484\">Privilegio de pescar libremente<\/td>\n<\/tr>\n<tr>\n<td width=\"92\">\n<p align=\"center\">1538<\/p>\n<\/td>\n<td valign=\"top\" width=\"484\">Importante ataque berberisco<\/td>\n<\/tr>\n<tr>\n<td width=\"92\">\n<p align=\"center\">1551<\/p>\n<\/td>\n<td valign=\"top\" width=\"484\">Real orden para que se fortifiquen las murallas<\/td>\n<\/tr>\n<\/tbody>\n<\/table>\n<\/div>\n","protected":false},"excerpt":{"rendered":"<p>A\u00d1O ACONTECIMIENTO 1300 Carta puebla del 8 de mayo donde se funda con el top\u00f3nimo de Villajoyosa 1304 Moros granadinos se llevaron presos 200 vileros (toda la poblaci\u00f3n) aAlmer\u00eda 1307 Jaume II pas\u00f3 por Vilajoiosa el doce de febrero 1308 Comienza un pleito por la posesi\u00f3n de la Pobla entre Bernat de Sarria y la [&hellip;]<\/p>\n","protected":false},"author":3194,"featured_media":0,"parent":0,"menu_order":5,"comment_status":"open","ping_status":"open","template":"","meta":{"footnotes":""},"class_list":["post-47","page","type-page","status-publish","hentry"],"_links":{"self":[{"href":"https:\/\/blogs.ua.es\/historiadevillajoyosa\/wp-json\/wp\/v2\/pages\/47","targetHints":{"allow":["GET"]}}],"collection":[{"href":"https:\/\/blogs.ua.es\/historiadevillajoyosa\/wp-json\/wp\/v2\/pages"}],"about":[{"href":"https:\/\/blogs.ua.es\/historiadevillajoyosa\/wp-json\/wp\/v2\/types\/page"}],"author":[{"embeddable":true,"href":"https:\/\/blogs.ua.es\/historiadevillajoyosa\/wp-json\/wp\/v2\/users\/3194"}],"replies":[{"embeddable":true,"href":"https:\/\/blogs.ua.es\/historiadevillajoyosa\/wp-json\/wp\/v2\/comments?post=47"}],"version-history":[{"count":3,"href":"https:\/\/blogs.ua.es\/historiadevillajoyosa\/wp-json\/wp\/v2\/pages\/47\/revisions"}],"predecessor-version":[{"id":50,"href":"https:\/\/blogs.ua.es\/historiadevillajoyosa\/wp-json\/wp\/v2\/pages\/47\/revisions\/50"}],"wp:attachment":[{"href":"https:\/\/blogs.ua.es\/historiadevillajoyosa\/wp-json\/wp\/v2\/media?parent=47"}],"curies":[{"name":"wp","href":"https:\/\/api.w.org\/{rel}","templated":true}]}}