{"id":204,"date":"2013-12-17T16:57:42","date_gmt":"2013-12-17T16:57:42","guid":{"rendered":"https:\/\/blogs.ua.es\/historiaelche18\/?page_id=204"},"modified":"2014-01-11T09:10:03","modified_gmt":"2014-01-11T09:10:03","slug":"bibliografia-3","status":"publish","type":"page","link":"https:\/\/blogs.ua.es\/historiaelche18\/bibliografia-3\/","title":{"rendered":"Bibliograf\u00eda"},"content":{"rendered":"<p>&#8211;\u00a0\u00a0\u00a0\u00a0\u00a0\u00a0\u00a0\u00a0\u00a0 Alberola Rom\u00e1, A., Cat\u00e1strofe, econom\u00eda y pol\u00edtica en la Valencia del siglo XVIII, Inst. Alfonso el Magn\u00e1nimo, Valencia, 1999.<\/p>\n<p>&#8211;\u00a0\u00a0\u00a0\u00a0\u00a0\u00a0\u00a0\u00a0\u00a0 Alberola Rom\u00e1, A., y Bernab\u00e9 Gil, D., \u201cTercianas y calenturas en tierras meridionales valencianas: una aproximaci\u00f3n a la realidad m\u00e9dica y social del siglo XVIII\u201d en Revista de Historia Moderna N\u00ba17. 1998-99. pp. 95-112.<\/p>\n<p>&#8211;\u00a0\u00a0\u00a0\u00a0\u00a0\u00a0\u00a0\u00a0\u00a0 AMO. Epidemias, 1555-1803, documento n\u00ba71, <i>El intendente de Valencia a la Junta de Propios de Elche<\/i>. Valencia, 28-9-1787.<\/p>\n<p>&#8211;\u00a0\u00a0\u00a0\u00a0\u00a0\u00a0\u00a0\u00a0\u00a0 Anuario de Patrimonio Cultural Monumental 2008. pp. 225-235<\/p>\n<p>&#8211;\u00a0\u00a0\u00a0\u00a0\u00a0\u00a0\u00a0\u00a0\u00a0 Baldequ\u00ed Escadell, R., Pradells Nadal, J., \u201cLa familia de Don Leonardo Soler de Cornella. Un linaje de caballeros en Elche durante el siglo XVIII\u201d en Revista de Historia Moderna N\u00ba11. 1992. pp. 25-65.<\/p>\n<p>&#8211;\u00a0\u00a0\u00a0\u00a0\u00a0\u00a0\u00a0\u00a0\u00a0 Brotons Garc\u00eda, B., <i>Historia del campo de Elche<\/i>, Institut Municipal de Cultura, Elche, 2000<\/p>\n<p>&#8211;\u00a0\u00a0\u00a0\u00a0\u00a0\u00a0\u00a0\u00a0\u00a0 Casta\u00f1o Garcia, J.,\u00a0 i Sansano Belso, B., \u00abEl text literari de la Festa o Misteri d&#8217;Elx: achis, M., \u201cUn elogi del Misteri d\u2019Elx en el segle XVIII\u201d en la Festa d\u2019Elx. Ayuntamiento de notes a la seua evoluci\u00f3\u00bb,\u00a0<em>Festa d&#8217;Elx<\/em>, N\u00ba44 (1992), p. 93-99.<\/p>\n<p>&#8211;\u00a0\u00a0\u00a0\u00a0\u00a0\u00a0\u00a0\u00a0\u00a0 Casta\u00f1o, J, i Sansano i Belso, G \u201cEl text literari de la Festa o Misteri d&#8217;Elx: Notes a la seua evoluci\u00f3\u201d, a Festa d&#8217;Elx, n\u00fam. 44, Ed. Ajuntament d&#8217;Elx, Elx, 1992, p. 93-99.<\/p>\n<p>&#8211;\u00a0\u00a0\u00a0\u00a0\u00a0\u00a0\u00a0\u00a0\u00a0 Die Maculet, R., Alberola Rom\u00e1, A., \u201cUna boda en la peque\u00f1a nobleza alicantina del setecientos: Los Soler de Cornell\u00e1 y los Juan a trav\u00e9s de su correspondencia\u201d en Revista de Historia Moderna N\u00ba13\/14. 1995. pp. 253-311.<\/p>\n<p>&#8211;\u00a0\u00a0\u00a0\u00a0\u00a0\u00a0\u00a0\u00a0\u00a0 Ferrando, A., \u201cLa llengua del Misteri d&#8217;Elx\u201d, La Corona\u00a0 d&#8217;Arag\u00f3 i les lleng\u00fces rom\u00e0niques. Miscel\u00b7l\u00e0nia d&#8217;homenatge per a Germ\u00e0 Col\u00f3n, G. Haltus, G. L\u00fcdi, M. Metzeltin (ed.), T\u00fcbingen, 1989, p. 75-89.<\/p>\n<p>&#8211;\u00a0\u00a0\u00a0\u00a0\u00a0\u00a0\u00a0\u00a0\u00a0 Gil Olcina, A. y Canales Mart\u00ednez, G., \u201cLa desintegraci\u00f3n del patrimonio se\u00f1orial en un gran estado valenciano: el marquesado de Elche\u201d, <i>Revista de Historia Moderna<\/i>, 12, 1993, pp 227 \u2013 246.<\/p>\n<p>&#8211;\u00a0\u00a0\u00a0\u00a0\u00a0\u00a0\u00a0\u00a0\u00a0 Gil, A., \u201cLa escuela en Elche : una mirada hist\u00f3rica al mundo de la ense\u00f1anza\u201d. Ed. Centro de cultura tradicional. 2000. pp. 17-24.<\/p>\n<p>&#8211;\u00a0\u00a0\u00a0\u00a0\u00a0\u00a0\u00a0\u00a0\u00a0 Gim\u00e9nez L\u00f3pez, E., \u201cEl establecimiento del poder territorial en Valencia tras la Nueva Planta borb\u00f3nica\u201d, en <i>Estudis: Revista de Historia Moderna<\/i>, 13, 1988, pp. 217-239<\/p>\n<p>&#8211;\u00a0\u00a0\u00a0\u00a0\u00a0\u00a0\u00a0\u00a0\u00a0 G\u00f3mez, M\u00aa C., : \u00abAl voltant de la m\u00fasica del Misteri d&#8217;Elx (consuetes de 1709 i 1722)\u00bb, a M\u00f3n i Misteri de\u00a0 la Festa d&#8217;Elx, Conselleria de Cultura, Educaci\u00f3 i Ci\u00e8ncia, Val\u00e8ncia, 1986, p. 255-263.<\/p>\n<p>&#8211;\u00a0\u00a0\u00a0\u00a0\u00a0\u00a0\u00a0\u00a0\u00a0 Gonz\u00e1lez Bueno, A.\u00a0\u201cAntonio Jos\u00e9 Cavanilles (1745-1804). La pasi\u00f3n por la Ciencia\u201d. Fundaci\u00f3n Jorge Juan. Madrid. 2002.<\/p>\n<p>&#8211;\u00a0\u00a0\u00a0\u00a0\u00a0\u00a0\u00a0\u00a0\u00a0 Gozalvez, V., \u201cLa ciudad de Elche: estudio geogr\u00e1fico\u201d.1976. p. 65<b><\/b><\/p>\n<p>&#8211;\u00a0\u00a0\u00a0\u00a0\u00a0\u00a0\u00a0\u00a0\u00a0 Guerrero, A. C., \u00a0\u201c<i>Viajeros brit\u00e1nicos en la Espa\u00f1a del siglo XVIII<\/i>\u201d Madrid. 1990, p.65-67.<\/p>\n<p>&#8211;\u00a0\u00a0\u00a0\u00a0\u00a0\u00a0\u00a0\u00a0\u00a0 <a href=\"http:\/\/www.cult.gva.es\/dgpa\/bics\/listado_bics.asp\">http:\/\/www.cult.gva.es\/dgpa\/bics\/listado_bics.asp<\/a> (23\/11\/2013, 11:32)<\/p>\n<p>&#8211;\u00a0\u00a0\u00a0\u00a0\u00a0\u00a0\u00a0\u00a0\u00a0 <a href=\"http:\/\/www.ine.es\/censo2001\/historia.htm\">http:\/\/www.ine.es\/censo2001\/historia.htm<\/a> (16\/10\/2013, 18:42)<\/p>\n<p>&#8211;\u00a0\u00a0\u00a0\u00a0\u00a0\u00a0\u00a0\u00a0\u00a0 Irles Vicente, M.C., \u201cCesi\u00f3n de la propiedad en el se\u00f1or\u00edo de Elche: los arrendamientos r\u00fasticos ilicitanos a principios del siglo XVIII (1715-1730)\u201d <i>Revista de historia moderna<\/i>, 6-7, pp. 231-244<\/p>\n<p>&#8211;\u00a0\u00a0\u00a0\u00a0\u00a0\u00a0\u00a0\u00a0\u00a0 Irles Vicente, M.C., <i>El arrendamiento r\u00fastico y urbano en el siglo XVIII : el caso de Elche, 1715-1730,<\/i> Universidad de Alicante, Alicante, 1991<\/p>\n<p>&#8211;\u00a0\u00a0\u00a0\u00a0\u00a0\u00a0\u00a0\u00a0\u00a0 Louis Joseph, A., \u201cItinerario descriptivo de las provincias de Espa\u00f1a: su situaci\u00f3n geogr\u00e1fica, poblaci\u00f3n, historia civil y natural, agricultura, comercio, industria, hombres c\u00e9lebres y car\u00e1cter y costumbres de sus habitantes\u201d. Google Books. 1826. p. 129.<\/p>\n<p>&#8211;\u00a0\u00a0\u00a0\u00a0\u00a0\u00a0\u00a0\u00a0\u00a0 Mora Ant\u00f3n, J. \u201cLa demograf\u00eda\u201d en Elche. Una mirada hist\u00f3rica. Ayuntamiento de Elche. 2008.<\/p>\n<p>&#8211;\u00a0\u00a0\u00a0\u00a0\u00a0\u00a0\u00a0\u00a0\u00a0 Peyron, J. F., \u201cEssais sur l&#8217;Espagne\u201d. Voyage fait en 1777 et 1778; o\u00f9 l&#8217;on traite des moeurs, du caractere, des monuments, du commerce, du th\u00e9atre et des tribunaux particuliers \u00e0 ce royaume.\u00a0 Google Books.<\/p>\n<p>&#8211;\u00a0\u00a0\u00a0\u00a0\u00a0\u00a0\u00a0\u00a0\u00a0 Ramos Folques, A., \u201cExcavaciones en la Alcudia (Elche)\u201d, Servicio de Investigaci\u00f3n Prehist\u00f3rica. Diputaci\u00f3n provincial de Valencia. Serie de trabajos varios. N\u00fam 39. Valencia. 1970. 5-9<\/p>\n<p>&#8211;\u00a0\u00a0\u00a0\u00a0\u00a0\u00a0\u00a0\u00a0\u00a0 Rosenberg, P.,\u00a0and Van De Sandt,\u00a0u., \u201c<i>Pierre Peyron 1744-1814<\/i>\u201d. \u00e9d.\u00a0Arth\u00e9na. 1983<\/p>\n<p>&#8211;\u00a0\u00a0\u00a0\u00a0\u00a0\u00a0\u00a0\u00a0\u00a0 Ruiz Torres, P., Se\u00f1ores y propietarios: cambio social en el sur del Pa\u00eds Valenciano, 1650-1850, Inst. Alfonso el Magn\u00e1nimo, Valencia, 1981.<\/p>\n<p>&#8211;\u00a0\u00a0\u00a0\u00a0\u00a0\u00a0\u00a0\u00a0\u00a0 Ruiz Torres, P.M., \u201cFuerzas productivas y producci\u00f3n agraria en el Pa\u00eds Valenciano: crecimiento y crisis en el campo de Elche\u201d, <i>Estudis. Revista de hist\u00f2ria moderna<\/i>, 7, 1978, pp. 61-110.<\/p>\n<p>&#8211;\u00a0\u00a0\u00a0\u00a0\u00a0\u00a0\u00a0\u00a0\u00a0 Sanch\u00eds Guarner, M., &#8220;Els palmeres d&#8217;Elx: vister perls viatgers estrager del segle XVIII\u201d en la Festa d\u2019Elx. N\u00ba2. 1985. p\u00e1gs. 54-55.<\/p>\n<p>&#8211;\u00a0\u00a0\u00a0\u00a0\u00a0\u00a0\u00a0\u00a0\u00a0 Sempere L\u00f3pez, A., Pastor Clement, R., \u201cNotas para el estudio de la Guerra de Sucesi\u00f3n en Elche\u201d en Festa d\u2019Elx N\u00ba44. 1992. pp. 33-38.<\/p>\n<p>&#8211;\u00a0\u00a0\u00a0\u00a0\u00a0\u00a0\u00a0\u00a0\u00a0 Swinburne, H.,<b> <\/b><i>Travels through Spain in the years<\/i> 1775 <i>and<\/i> 1776. Google Books. 1779. p. 184.<\/p>\n","protected":false},"excerpt":{"rendered":"<p>&#8211;\u00a0\u00a0\u00a0\u00a0\u00a0\u00a0\u00a0\u00a0\u00a0 Alberola Rom\u00e1, A., Cat\u00e1strofe, econom\u00eda y pol\u00edtica en la Valencia del siglo XVIII, Inst. Alfonso el Magn\u00e1nimo, Valencia, 1999. &#8211;\u00a0\u00a0\u00a0\u00a0\u00a0\u00a0\u00a0\u00a0\u00a0 Alberola Rom\u00e1, A., y Bernab\u00e9 Gil, D., \u201cTercianas y calenturas en tierras meridionales valencianas: una aproximaci\u00f3n a la realidad m\u00e9dica y social del siglo XVIII\u201d en Revista de Historia Moderna N\u00ba17. 1998-99. pp. 95-112. [&hellip;]<\/p>\n","protected":false},"author":3148,"featured_media":0,"parent":0,"menu_order":4,"comment_status":"open","ping_status":"open","template":"","meta":{"footnotes":""},"class_list":["post-204","page","type-page","status-publish","hentry"],"_links":{"self":[{"href":"https:\/\/blogs.ua.es\/historiaelche18\/wp-json\/wp\/v2\/pages\/204","targetHints":{"allow":["GET"]}}],"collection":[{"href":"https:\/\/blogs.ua.es\/historiaelche18\/wp-json\/wp\/v2\/pages"}],"about":[{"href":"https:\/\/blogs.ua.es\/historiaelche18\/wp-json\/wp\/v2\/types\/page"}],"author":[{"embeddable":true,"href":"https:\/\/blogs.ua.es\/historiaelche18\/wp-json\/wp\/v2\/users\/3148"}],"replies":[{"embeddable":true,"href":"https:\/\/blogs.ua.es\/historiaelche18\/wp-json\/wp\/v2\/comments?post=204"}],"version-history":[{"count":4,"href":"https:\/\/blogs.ua.es\/historiaelche18\/wp-json\/wp\/v2\/pages\/204\/revisions"}],"predecessor-version":[{"id":244,"href":"https:\/\/blogs.ua.es\/historiaelche18\/wp-json\/wp\/v2\/pages\/204\/revisions\/244"}],"wp:attachment":[{"href":"https:\/\/blogs.ua.es\/historiaelche18\/wp-json\/wp\/v2\/media?parent=204"}],"curies":[{"name":"wp","href":"https:\/\/api.w.org\/{rel}","templated":true}]}}