{"id":206,"date":"2013-12-17T16:57:54","date_gmt":"2013-12-17T16:57:54","guid":{"rendered":"https:\/\/blogs.ua.es\/historiaelche18\/?page_id=206"},"modified":"2013-12-19T11:25:58","modified_gmt":"2013-12-19T11:25:58","slug":"introduccion-a-la-historia-de-elche-2","status":"publish","type":"page","link":"https:\/\/blogs.ua.es\/historiaelche18\/introduccion-a-la-historia-de-elche-2\/","title":{"rendered":"Introducci\u00f3n a la historia de Elche"},"content":{"rendered":"<p style=\"text-align: justify\">Elche (en valenciano <i>Elx<\/i>) es una ciudad y municipio espa\u00f1ol situado en la provincia de Alicante, en la Comunidad Valenciana (Espa\u00f1a). Es capital de la comarca del Bajo Vinalop\u00f3, a orillas del r\u00edo Vinalop\u00f3.<\/p>\n<p style=\"text-align: justify\">La historia de la ciudad de Elche comienza en el siglo V a. C. cuando fue fundada la ciudad ibera de <i>Ilici<\/i>. Con la llegada de los romanos, se desarroll\u00f3 un proceso de formaci\u00f3n de una colonia poblada con veteranos de las Guerras C\u00e1ntabras, que pasar\u00eda a llamarse <i>Colonia Iulia Illici Augusta<\/i>, en torno al a\u00f1o 26 a.C.<\/p>\n<p style=\"text-align: justify\">Bajo el dominio musulm\u00e1n en la Edad Media, la ciudad se estableci\u00f3 en su emplazamiento actual. A ra\u00edz de la conquista cristiana, alrededor del a\u00f1o 1250, la ciudad pas\u00f3 a la Corona de Castilla. En el a\u00f1o 1265 los musulmanes fueron expulsados de la ciudad tras una rebeli\u00f3n y, en 1305, Elche fue cedida al Reino de Valencia.<\/p>\n<p style=\"text-align: justify\">Durante el reinado de Amadeo I en 1871, el monarca le otorg\u00f3 el t\u00edtulo de Ciudad, tras una visita a la villa. Durante los a\u00f1os 60 y 70 del siglo XX, la ciudad experiment\u00f3 un fuerte aumento de poblaci\u00f3n ligado a la industrializaci\u00f3n, que convertir\u00eda a Elche en uno de los principales productores de calzado de Europa.<\/p>\n<p style=\"text-align: justify\">El Palmeral de Elche, junto con la representaci\u00f3n sacra del Misterio de Elche, han sido declarados por la Unesco Patrimonio de la Humanidad y Obra Maestra del Patrimonio Oral e Intangible de la Humanidad respectivamente. Estos s\u00edmbolos de identidad ilicitanos son unos de los principales atractivos tur\u00edsticos de esta ciudad de tradici\u00f3n industrial.<\/p>\n<p style=\"text-align: justify\">Elche es el \u00fanico lugar del mundo en el que la elaboraci\u00f3n artesanal de la palma blanca persiste. El Ayuntamiento env\u00eda anualmente para la Semana Santa las palmas blancas a autoridades eclesi\u00e1sticas y pol\u00edticas, como a los Reyes de Espa\u00f1a, el Papa o el presidente del Gobierno.<\/p>\n<p style=\"text-align: center\"><a href=\"https:\/\/blogs.ua.es\/historiaelche18\/files\/2013\/12\/elche-situ.jpg\"><img loading=\"lazy\" decoding=\"async\" class=\" wp-image-212 aligncenter\" alt=\"elche situ\" src=\"https:\/\/blogs.ua.es\/historiaelche18\/files\/2013\/12\/elche-situ-300x156.jpg\" width=\"400\" height=\"256\" \/><\/a><\/p>\n","protected":false},"excerpt":{"rendered":"<p>Elche (en valenciano Elx) es una ciudad y municipio espa\u00f1ol situado en la provincia de Alicante, en la Comunidad Valenciana (Espa\u00f1a). Es capital de la comarca del Bajo Vinalop\u00f3, a orillas del r\u00edo Vinalop\u00f3. La historia de la ciudad de Elche comienza en el siglo V a. C. cuando fue fundada la ciudad ibera de [&hellip;]<\/p>\n","protected":false},"author":3148,"featured_media":0,"parent":0,"menu_order":0,"comment_status":"open","ping_status":"open","template":"","meta":{"footnotes":""},"class_list":["post-206","page","type-page","status-publish","hentry"],"_links":{"self":[{"href":"https:\/\/blogs.ua.es\/historiaelche18\/wp-json\/wp\/v2\/pages\/206","targetHints":{"allow":["GET"]}}],"collection":[{"href":"https:\/\/blogs.ua.es\/historiaelche18\/wp-json\/wp\/v2\/pages"}],"about":[{"href":"https:\/\/blogs.ua.es\/historiaelche18\/wp-json\/wp\/v2\/types\/page"}],"author":[{"embeddable":true,"href":"https:\/\/blogs.ua.es\/historiaelche18\/wp-json\/wp\/v2\/users\/3148"}],"replies":[{"embeddable":true,"href":"https:\/\/blogs.ua.es\/historiaelche18\/wp-json\/wp\/v2\/comments?post=206"}],"version-history":[{"count":3,"href":"https:\/\/blogs.ua.es\/historiaelche18\/wp-json\/wp\/v2\/pages\/206\/revisions"}],"predecessor-version":[{"id":213,"href":"https:\/\/blogs.ua.es\/historiaelche18\/wp-json\/wp\/v2\/pages\/206\/revisions\/213"}],"wp:attachment":[{"href":"https:\/\/blogs.ua.es\/historiaelche18\/wp-json\/wp\/v2\/media?parent=206"}],"curies":[{"name":"wp","href":"https:\/\/api.w.org\/{rel}","templated":true}]}}