{"id":208,"date":"2013-12-17T16:58:04","date_gmt":"2013-12-17T16:58:04","guid":{"rendered":"https:\/\/blogs.ua.es\/historiaelche18\/?page_id=208"},"modified":"2014-01-13T20:54:52","modified_gmt":"2014-01-13T20:54:52","slug":"presentacion-2","status":"publish","type":"page","link":"https:\/\/blogs.ua.es\/historiaelche18\/presentacion-2\/","title":{"rendered":"Presentaci\u00f3n"},"content":{"rendered":"<p>Hola, somos Octavio, Fernando y Pedro J., alumnos de la asignatura Historia Moderna del Pa\u00eds Valenciano, del quinto curso de la Licenciatura de Historia e impartida por los profesores\u00a0Jos\u00e9 Mallol Ferr\u00e1ndiz y Antonio Carrasco Rodr\u00edguez.<\/p>\n<p>Este blog intenta acercar a los interesados a la historia de <strong>Elche<\/strong> durante el <strong>siglo XVIII<\/strong>; en el pod\u00e9is encontrar diferentes entradas que tratar\u00e1n diversos temas enmarcados dentro de las categor\u00edas de pol\u00edtica, administraci\u00f3n, econom\u00eda, sociedad y cultura.<\/p>\n<p>Esperamos que el blog os resulte ameno e interesante y que os anim\u00e9is a dejar vuestros comentarios.<\/p>\n<p>\u00a1Gracias por visitarnos!<\/p>\n","protected":false},"excerpt":{"rendered":"<p>Hola, somos Octavio, Fernando y Pedro J., alumnos de la asignatura Historia Moderna del Pa\u00eds Valenciano, del quinto curso de la Licenciatura de Historia e impartida por los profesores\u00a0Jos\u00e9 Mallol Ferr\u00e1ndiz y Antonio Carrasco Rodr\u00edguez. Este blog intenta acercar a los interesados a la historia de Elche durante el siglo XVIII; en el pod\u00e9is encontrar [&hellip;]<\/p>\n","protected":false},"author":3148,"featured_media":0,"parent":0,"menu_order":0,"comment_status":"open","ping_status":"open","template":"","meta":{"footnotes":""},"class_list":["post-208","page","type-page","status-publish","hentry"],"_links":{"self":[{"href":"https:\/\/blogs.ua.es\/historiaelche18\/wp-json\/wp\/v2\/pages\/208","targetHints":{"allow":["GET"]}}],"collection":[{"href":"https:\/\/blogs.ua.es\/historiaelche18\/wp-json\/wp\/v2\/pages"}],"about":[{"href":"https:\/\/blogs.ua.es\/historiaelche18\/wp-json\/wp\/v2\/types\/page"}],"author":[{"embeddable":true,"href":"https:\/\/blogs.ua.es\/historiaelche18\/wp-json\/wp\/v2\/users\/3148"}],"replies":[{"embeddable":true,"href":"https:\/\/blogs.ua.es\/historiaelche18\/wp-json\/wp\/v2\/comments?post=208"}],"version-history":[{"count":4,"href":"https:\/\/blogs.ua.es\/historiaelche18\/wp-json\/wp\/v2\/pages\/208\/revisions"}],"predecessor-version":[{"id":248,"href":"https:\/\/blogs.ua.es\/historiaelche18\/wp-json\/wp\/v2\/pages\/208\/revisions\/248"}],"wp:attachment":[{"href":"https:\/\/blogs.ua.es\/historiaelche18\/wp-json\/wp\/v2\/media?parent=208"}],"curies":[{"name":"wp","href":"https:\/\/api.w.org\/{rel}","templated":true}]}}