{"id":167,"date":"2013-01-03T09:11:00","date_gmt":"2013-01-03T07:11:00","guid":{"rendered":"https:\/\/blogs.ua.es\/historiagandia\/?page_id=167"},"modified":"2014-01-16T01:54:53","modified_gmt":"2014-01-15T23:54:53","slug":"bibliografia-2","status":"publish","type":"page","link":"https:\/\/blogs.ua.es\/historiagandia\/bibliografia-2\/","title":{"rendered":"Bibliograf\u00eda anotada"},"content":{"rendered":"<p style=\"text-align: justify\">&#8211; BALLESTER HERM\u00c1N, Carolina y DELICADO MART\u00cdNEZ, Francisco Javier. &#8220;El monasterio de Cotalba (Gand\u00eda). Una fundaci\u00f3n jer\u00f3nima del siglo XIV&#8221;. Universidad de Valencia.<\/p>\n<p style=\"text-align: justify\">&#8211; CANO MONTANER, Aar\u00f3n. &#8220;El regad\u00edo tradicional en la Safor&#8221;. Los Riegos de la Safor y la Valldigna, Agua, Territorio y Tradici\u00f3n. Generalitat Valenciana. ISBN 84-482- 4186-X, pp. 24-42.<\/p>\n<p style=\"text-align: justify\">&#8211;\u00a0CASEY, James. \u201cLas causas econ\u00f3micas de la expulsi\u00f3n de los Moriscos\u201d. Revista de Historia Moderna. N. 27 (2009). ISSN 0212-5862, pp. 135-150.<\/p>\n<p style=\"text-align: justify\">&#8211; COL\u00d3N, Germ\u00e0 (ed. lit). &#8220;Els escriptors valencians del segle XV&#8221;.\u00a0Publicacions de la Universitat Jaume I, Servei de Comunicaci\u00f3 i Publicacions. 2013.<\/p>\n<p style=\"text-align: justify\">&#8211; FERN\u00c1NDEZ ARRILLAGA, Inmaculada. &#8220;El extra\u00f1amiento de los jesuitas valencianos&#8221;. En: De cosas y hombres de naci\u00f3n valenciana : doce estudios en homenaje al Dr. Antonio Mestre Sanchis \/ Enrique Gim\u00e9nez L\u00f3pez (ed.). Alicante : Publicaciones de la Universidad de Alicante, 2006. ISBN 84-7908-849-4, pp. 341-375.<\/p>\n<p style=\"text-align: justify\">&#8211;\u00a0LA PARRA L\u00d3PEZ, Santiago. \u201cEl nacimiento de un se\u00f1or\u00edo singular: el ducado gandiense de los Borja\u201d. Revista de historia moderna. N. 24 (2006). ISSN 0212-5862, pp. 31-66.<\/p>\n<p style=\"text-align: justify\">&#8211;\u00a0LA PARRA L\u00d3PEZ, Santiago. \u201cMoros y cristianos en la vida cotidiana: \u00bfhistoria de una represi\u00f3n sistem\u00e1tica o de una convivencia frustrada?\u201d. Revista de historia moderna. N. 11 (1992). ISSN 0212-5862, pp. 143-174<span style=\"font-size: medium\">.<\/span><\/p>\n<p>&#8211; <span style=\"font-size: large\">MORANT DEUSA, Isabel: \u201cAlgunos aspectos de la oposici\u00f3n antifeudal al ducado de Gand\u00eda durante el siglo XVIII\u201d en Revista de Historia Moderna n\u00ba7 (1978).\u00a0<\/span> <acronym title=\"International Standard Serial Number\">ISSN<\/acronym> 0210-9093, <span style=\"font-size: large\">\u00a0 pp. 47-59.<\/span><\/p>\n<p>&#8211; MORANT DEUSA, Isabel: &#8220;El Ducado de Gand\u00eda en la segunda mitad del siglo XVIII: estudio especial de los gremios&#8221;. En Revista de Historia Moderna n\u00ba 5 (1976). <acronym title=\"International Standard Serial Number\">ISSN<\/acronym> 0210-9093, pp. 234-261.<\/p>\n<p style=\"text-align: justify\">&#8211; SEBASTI\u00c1N LOZANO, Jorge. &#8220;Francisco de Borja, de criado a maestro espiritual de las mujeres Habsburgo&#8221;. En\u00a0<i>San Francisco de Borja, Grande de Espa\u00f1a, Arte y espiritualidad en la cultura de los siglos XVI y XVII<\/i>\u00a0(75): pp. 67 &#8211; 90. 2011.<\/p>\n<p style=\"text-align: justify\">&#8211;\u00a0VILAR RAM\u00cdREZ, Juan Bautista. \u201cHallazgo de una biblioteca morisca en Potries (Gand\u00eda) en 1789\u201d. Sharq Al-Andalus. N. 5 (1988). ISSN 0213-3482, pp. 147-152.<\/p>\n","protected":false},"excerpt":{"rendered":"<p>&#8211; BALLESTER HERM\u00c1N, Carolina y DELICADO MART\u00cdNEZ, Francisco Javier. &#8220;El monasterio de Cotalba (Gand\u00eda). Una fundaci\u00f3n jer\u00f3nima del siglo XIV&#8221;. Universidad de Valencia. &#8211; CANO MONTANER, Aar\u00f3n. &#8220;El regad\u00edo tradicional en la Safor&#8221;. Los Riegos de la Safor y la Valldigna, Agua, Territorio y Tradici\u00f3n. Generalitat Valenciana. ISBN 84-482- 4186-X, pp. 24-42. &#8211;\u00a0CASEY, James. \u201cLas [&hellip;]<\/p>\n","protected":false},"author":3155,"featured_media":0,"parent":0,"menu_order":3,"comment_status":"open","ping_status":"open","template":"","meta":{"footnotes":""},"class_list":["post-167","page","type-page","status-publish","hentry"],"_links":{"self":[{"href":"https:\/\/blogs.ua.es\/historiagandia\/wp-json\/wp\/v2\/pages\/167","targetHints":{"allow":["GET"]}}],"collection":[{"href":"https:\/\/blogs.ua.es\/historiagandia\/wp-json\/wp\/v2\/pages"}],"about":[{"href":"https:\/\/blogs.ua.es\/historiagandia\/wp-json\/wp\/v2\/types\/page"}],"author":[{"embeddable":true,"href":"https:\/\/blogs.ua.es\/historiagandia\/wp-json\/wp\/v2\/users\/3155"}],"replies":[{"embeddable":true,"href":"https:\/\/blogs.ua.es\/historiagandia\/wp-json\/wp\/v2\/comments?post=167"}],"version-history":[{"count":8,"href":"https:\/\/blogs.ua.es\/historiagandia\/wp-json\/wp\/v2\/pages\/167\/revisions"}],"predecessor-version":[{"id":242,"href":"https:\/\/blogs.ua.es\/historiagandia\/wp-json\/wp\/v2\/pages\/167\/revisions\/242"}],"wp:attachment":[{"href":"https:\/\/blogs.ua.es\/historiagandia\/wp-json\/wp\/v2\/media?parent=167"}],"curies":[{"name":"wp","href":"https:\/\/api.w.org\/{rel}","templated":true}]}}