{"id":185,"date":"2014-01-12T13:12:54","date_gmt":"2014-01-12T11:12:54","guid":{"rendered":"https:\/\/blogs.ua.es\/historiagandia\/?page_id=185"},"modified":"2014-01-16T14:02:01","modified_gmt":"2014-01-16T12:02:01","slug":"valoracion-del-trabajo-realizado","status":"publish","type":"page","link":"https:\/\/blogs.ua.es\/historiagandia\/valoracion-del-trabajo-realizado\/","title":{"rendered":"Valoraci\u00f3n del trabajo realizado"},"content":{"rendered":"<p style=\"text-align: justify\">Con la elaboraci\u00f3n de este trabajo, hemos podido comprobar\u00a0 los distintos procesos estudiados en clase en la poblaci\u00f3n de Gand\u00eda. En l\u00edneas generales la evoluci\u00f3n de este se\u00f1or\u00edo se corresponde con lo dado en el aula, aunque como se puede ver en el blog, sobre todo en el siglo XVIII, vemos algunas diferencias en cuanto a la econom\u00eda y la sociedad principalmente (debido a la gran presi\u00f3n del se\u00f1or).<\/p>\n<p style=\"text-align: justify\">Por otro lado a la hora de buscar informaci\u00f3n, el hecho de que durante gran parte de la Edad Moderna el gobierno estuviera bajo una rama de la famosa familia de los Borja ha facilitado enormemente la tarea, pues existen gran cantidad de estudios a tenor que socialmente tiene el linaje. Sin embargo a la hora de buscar la informaci\u00f3n para el siglo XVIII nos hemos encontrado con un aut\u00e9ntico desierto en cuanto a los estudios disponibles, al no ser ya los Borja la familia gobernante en el ducado, a pesar de la importancia que sigui\u00f3 teniendo en el territorio valenciano.<\/p>\n<p style=\"text-align: justify\">Adem\u00e1s la experiencia nos ha servido para trabajar el campo de las nuevas tecnolog\u00edas, que como ya hemos comentado en clase es una de las principales deficiencias de nuestro plan de estudios, alej\u00e1ndonos del habitual trabajo de lectura y estudio de los textos, enfrent\u00e1ndonos a nuevas situaciones que pudieran surgir en nuestra vida laboral.<\/p>\n<p style=\"text-align: justify\">Dicho todo esto, nos queda decir que esperamos que os anim\u00e1is a leer nuestros breves art\u00edculos sobre la historia de esta preciosa ciudad valenciana, y que coment\u00e9is y nos hag\u00e1is todas las sugerencias que quer\u00e1is. Y por supuesto, \u00a1no os olvid\u00e9is de visitar Gand\u00eda! \u00a1Un saludo a tod@s!<\/p>\n<figure id=\"attachment_264\" aria-describedby=\"caption-attachment-264\" style=\"width: 640px\" class=\"wp-caption aligncenter\"><a href=\"https:\/\/blogs.ua.es\/historiagandia\/files\/2014\/01\/1877-playa-de-gandia.jpg\"><img loading=\"lazy\" decoding=\"async\" class=\"size-full wp-image-264 \" alt=\"Panor\u00e1mica de Gand\u00eda y sus playas.\" src=\"https:\/\/blogs.ua.es\/historiagandia\/files\/2014\/01\/1877-playa-de-gandia.jpg\" width=\"640\" height=\"410\" srcset=\"https:\/\/blogs.ua.es\/historiagandia\/files\/2014\/01\/1877-playa-de-gandia.jpg 640w, https:\/\/blogs.ua.es\/historiagandia\/files\/2014\/01\/1877-playa-de-gandia-300x192.jpg 300w\" sizes=\"auto, (max-width: 640px) 100vw, 640px\" \/><\/a><figcaption id=\"caption-attachment-264\" class=\"wp-caption-text\">Panor\u00e1mica de Gand\u00eda y sus playas.<\/figcaption><\/figure>\n","protected":false},"excerpt":{"rendered":"<p>Con la elaboraci\u00f3n de este trabajo, hemos podido comprobar\u00a0 los distintos procesos estudiados en clase en la poblaci\u00f3n de Gand\u00eda. En l\u00edneas generales la evoluci\u00f3n de este se\u00f1or\u00edo se corresponde con lo dado en el aula, aunque como se puede ver en el blog, sobre todo en el siglo XVIII, vemos algunas diferencias en cuanto [&hellip;]<\/p>\n","protected":false},"author":3155,"featured_media":0,"parent":0,"menu_order":2,"comment_status":"open","ping_status":"open","template":"","meta":{"footnotes":""},"class_list":["post-185","page","type-page","status-publish","hentry"],"_links":{"self":[{"href":"https:\/\/blogs.ua.es\/historiagandia\/wp-json\/wp\/v2\/pages\/185","targetHints":{"allow":["GET"]}}],"collection":[{"href":"https:\/\/blogs.ua.es\/historiagandia\/wp-json\/wp\/v2\/pages"}],"about":[{"href":"https:\/\/blogs.ua.es\/historiagandia\/wp-json\/wp\/v2\/types\/page"}],"author":[{"embeddable":true,"href":"https:\/\/blogs.ua.es\/historiagandia\/wp-json\/wp\/v2\/users\/3155"}],"replies":[{"embeddable":true,"href":"https:\/\/blogs.ua.es\/historiagandia\/wp-json\/wp\/v2\/comments?post=185"}],"version-history":[{"count":6,"href":"https:\/\/blogs.ua.es\/historiagandia\/wp-json\/wp\/v2\/pages\/185\/revisions"}],"predecessor-version":[{"id":265,"href":"https:\/\/blogs.ua.es\/historiagandia\/wp-json\/wp\/v2\/pages\/185\/revisions\/265"}],"wp:attachment":[{"href":"https:\/\/blogs.ua.es\/historiagandia\/wp-json\/wp\/v2\/media?parent=185"}],"curies":[{"name":"wp","href":"https:\/\/api.w.org\/{rel}","templated":true}]}}