{"id":189,"date":"2013-12-28T17:33:43","date_gmt":"2013-12-28T15:33:43","guid":{"rendered":"https:\/\/blogs.ua.es\/historiagandia\/?page_id=189"},"modified":"2014-01-16T14:04:33","modified_gmt":"2014-01-16T12:04:33","slug":"189-2","status":"publish","type":"page","link":"https:\/\/blogs.ua.es\/historiagandia\/189-2\/","title":{"rendered":"Historia de la ciudad"},"content":{"rendered":"<p style=\"text-align: justify\">Se han encontrado rastros de presencia humana en el t\u00e9rmino municipal de Gand\u00eda desde el Gravetiense Final, de cuyos restos debemos destacar la Cueva del Parpall\u00f3, una de las maravillas del arte prehist\u00f3rico de la Pen\u00ednsula Ib\u00e9rica, con sus miles de plaquetas grabadas. De la misma \u00e9poca tambi\u00e9n son las Cuevas del Barranc del Llop y la Cueva de las Maravillas.<\/p>\n<address>\n<figure style=\"width: 440px\" class=\"wp-caption aligncenter\"><img loading=\"lazy\" decoding=\"async\" alt=\"\" src=\"http:\/\/www.historiadelarte.us\/wp-content\/uploads\/2011\/04\/Ciervo-de-la-cueva-de-Parpallo.jpg\" width=\"440\" height=\"300\" \/><figcaption class=\"wp-caption-text\">Plaqueta de Parpall\u00f3 con cierva.<\/figcaption><\/figure>\n<\/address>\n<p style=\"text-align: justify\">En \u00e9poca ib\u00e9rica se habit\u00f3 el Cerro de San Juan desde el siglo IV a.C., como se ha comprobado tras hallarse cer\u00e1micas ib\u00e9ricas y fragmentos de vasos \u00e1ticos de figuras rojas y de barniz negro, a pesar de haber sido arrasadas las construcciones ib\u00e9ricas por las medievales. Tambi\u00e9n existen algunas monedas ib\u00e9ricas dispersas por el municipio.\u00a0La huella cultural de la conquista romana est\u00e1 bien estudiada, que indican la existencia de un asentamiento de \u00e9poca imperial.<\/p>\n<p style=\"text-align: justify\">Del per\u00edodo visigodo no se tiene constancia alguna de que hubiera un n\u00facleo urbano en la zona, aunque los musulmanes fundan\u00a0<em>Candia.\u00a0<\/em>En 1249 aparece la primera menci\u00f3n clara de la ciudad en un texto escrito, el\u00a0<em>Llibre de Repartiment de Val\u00e8ncia<\/em>, en el que se menciona que esta villa fue donada por el rey Jaime I a su hijo el infante Pedro. Un hito en la historia gandiense es 1399, cuando Mart\u00edn el Humano otorga el t\u00edtulo de Duque de Gand\u00eda a Alfonso de Arag\u00f3n y Foix, el cual establece una refinada corte en su feudo.<\/p>\n<p style=\"text-align: justify\">Su hijo Alfonso el Joven\u00a0contin\u00faa su tarea: impulsa el cultivo de la ca\u00f1a de az\u00facar y la industria, edifica el Palacio Ducal, el Monasterio de San Jer\u00f3nimo de Cotalba, reforma la colegiata y se convierte en un aut\u00e9ntico mecenas al estilo italiano, patrocinando a grandes literatos como Ausi\u00e0s March, que probablemente era oriundo de Gand\u00eda, Joanot Martorell, autor del celeb\u00e9rrimo\u00a0<em>Tirant lo<\/em>\u00a0<em>Blanch<\/em>, y el insigne Joan Rois de Corella, tres de los grandes autores del Siglo de Oro del Reino de Valencia.<\/p>\n<p style=\"text-align: justify\">El siguiente acontecimiento decisivo para Gand\u00eda fue el traspaso del Ducado a la familia Borja, m\u00e1s conocidos por su nombre italiano, Borgia. La ciudad, que hab\u00eda pasado a formar parte del brazo real, vuelva a manos se\u00f1oriales en 1494. Ese a\u00f1o Juan de Borja y Cattanei establece all\u00ed una opulenta corte provinciana.<\/p>\n<figure style=\"width: 340px\" class=\"wp-caption aligncenter\"><img loading=\"lazy\" decoding=\"async\" alt=\"\" src=\"http:\/\/losojosdehipatia.com.es\/wp-content\/uploads\/lucrecia-borgia.jpg\" width=\"340\" height=\"453\" \/><figcaption class=\"wp-caption-text\">Lucrecia Borja.<\/figcaption><\/figure>\n<p style=\"text-align: justify\">La sublevaci\u00f3n de las German\u00edas trajo importantes consecuencias, puesto que tras la toma del poder en la ciudad por los agermanados en 1521, se oblig\u00f3 a los mud\u00e9jares a bautizarse forzosamente, convirti\u00e9ndose en moriscos o cristianos nuevos. Despu\u00e9s del fin de la rebeli\u00f3n, los Borja retomaron el control de Gand\u00eda. A mediados del siglo XVI la ciudad vive una serie de transformaciones urban\u00edsticas de gran calado como consecuencia de la actividad del Duque Francisco de Borja, m\u00e1s tarde jesuita, y conocido mundialmente como San Francisco de Borja. Reamurall\u00f3 la ciudad para protegerla del peligro berberisco, incorporando el nuevo recinto a la zona antigua. Adem\u00e1s, edifica dentro un colegio que en 1548 fue elevado a universidad por orden del Papa. All\u00ed estudiaron intelectuales de la talla de Baltasar Graci\u00e1n y Antonio Jos\u00e9 de Cavanilles.<\/p>\n<figure style=\"width: 361px\" class=\"wp-caption aligncenter\"><img loading=\"lazy\" decoding=\"async\" class=\" \" alt=\"\" src=\"http:\/\/upload.wikimedia.org\/wikipedia\/commons\/5\/52\/San_Francisco_de_Borja.jpg\" width=\"361\" height=\"567\" \/><figcaption class=\"wp-caption-text\">San Francisco de Borja.<\/figcaption><\/figure>\n<p style=\"text-align: justify\">La expulsi\u00f3n de los moriscos de 1609 postr\u00f3 econ\u00f3micamente a la ciudad, ya que aniquil\u00f3 la industria azucarera, no consiguiendo recuperarse hasta la segunda mitad del Setecientos, 150 a\u00f1os m\u00e1s tarde. Los duques, por su parte, se trasladaron a Madrid, con el fin de estar cerca de la corte real. El duque se mantuvo fiel a Felipe V durante la Guerra de Sucesi\u00f3n, lo cual provoc\u00f3 que el general austracista Basset desmantelara la artiller\u00eda de sus fortificaciones.\u00a0A mediados del XVIII se extingue la familia Borja, y el t\u00edtulo de Duque de Gand\u00eda pasa a los Duques de Osuna. Reinando Carlos III, la ciudad inicia una t\u00edmida industrializaci\u00f3n, que entra en crisis en el XIX debido a la competencia extranjera y a la epidemia que acab\u00f3 con el gusano de seda.<\/p>\n<p style=\"text-align: justify\">En los siglos XX y XXI, Gand\u00eda se ha convertido en uno de los referentes tur\u00edsticos de la Comunidad Valenciana.<\/p>\n","protected":false},"excerpt":{"rendered":"<p>Se han encontrado rastros de presencia humana en el t\u00e9rmino municipal de Gand\u00eda desde el Gravetiense Final, de cuyos restos debemos destacar la Cueva del Parpall\u00f3, una de las maravillas del arte prehist\u00f3rico de la Pen\u00ednsula Ib\u00e9rica, con sus miles de plaquetas grabadas. De la misma \u00e9poca tambi\u00e9n son las Cuevas del Barranc del Llop [&hellip;]<\/p>\n","protected":false},"author":3155,"featured_media":0,"parent":0,"menu_order":2,"comment_status":"open","ping_status":"open","template":"","meta":{"footnotes":""},"class_list":["post-189","page","type-page","status-publish","hentry"],"_links":{"self":[{"href":"https:\/\/blogs.ua.es\/historiagandia\/wp-json\/wp\/v2\/pages\/189","targetHints":{"allow":["GET"]}}],"collection":[{"href":"https:\/\/blogs.ua.es\/historiagandia\/wp-json\/wp\/v2\/pages"}],"about":[{"href":"https:\/\/blogs.ua.es\/historiagandia\/wp-json\/wp\/v2\/types\/page"}],"author":[{"embeddable":true,"href":"https:\/\/blogs.ua.es\/historiagandia\/wp-json\/wp\/v2\/users\/3155"}],"replies":[{"embeddable":true,"href":"https:\/\/blogs.ua.es\/historiagandia\/wp-json\/wp\/v2\/comments?post=189"}],"version-history":[{"count":5,"href":"https:\/\/blogs.ua.es\/historiagandia\/wp-json\/wp\/v2\/pages\/189\/revisions"}],"predecessor-version":[{"id":267,"href":"https:\/\/blogs.ua.es\/historiagandia\/wp-json\/wp\/v2\/pages\/189\/revisions\/267"}],"wp:attachment":[{"href":"https:\/\/blogs.ua.es\/historiagandia\/wp-json\/wp\/v2\/media?parent=189"}],"curies":[{"name":"wp","href":"https:\/\/api.w.org\/{rel}","templated":true}]}}