{"id":23,"date":"2013-09-17T09:36:00","date_gmt":"2013-09-17T09:36:00","guid":{"rendered":"https:\/\/blogs.ua.es\/historiagandia\/?page_id=23"},"modified":"2014-01-16T00:37:46","modified_gmt":"2014-01-15T22:37:46","slug":"presentacion-del-blog-2","status":"publish","type":"page","link":"https:\/\/blogs.ua.es\/historiagandia\/presentacion-del-blog-2\/","title":{"rendered":"Presentaci\u00f3n del blog"},"content":{"rendered":"<p style=\"text-align: justify\">\u00a1Hola! Somos Ignacio Maza, Mar\u00eda Jos\u00e9 Moro y Cristian Sanmart\u00edn. En este blog trataremos la historia moderna de Gand\u00eda, como parte de un proyecto de la asignatura Historia Moderna del Pa\u00eds Valenciano, impartida en 5\u00ba de Licenciatura en Historia en la Universidad de Alicante.<\/p>\n<p style=\"text-align: justify\">Cuando nuestro profesor, Antonio Carrasco, nos pidi\u00f3 que elegi\u00e9ramos una localidad valenciana sobre la que hacer un blog, barajamos varias opciones. Lo que nos hizo decantarnos por la capital de La Safor fue su rico legado cultural a lo largo de milenios, y en concreto, su especial vinculaci\u00f3n con la familia Borja, s\u00edmbolo de la gran riqueza de la nobleza valenciana en la segunda mitad del siglo XV.<\/p>\n<p style=\"text-align: justify\"><a href=\"https:\/\/blogs.ua.es\/historiagandia\/files\/2013\/09\/logo_UA.png\"><img loading=\"lazy\" decoding=\"async\" class=\" wp-image-222 alignleft\" alt=\"logo_UA\" src=\"https:\/\/blogs.ua.es\/historiagandia\/files\/2013\/09\/logo_UA.png\" width=\"491\" height=\"122\" srcset=\"https:\/\/blogs.ua.es\/historiagandia\/files\/2013\/09\/logo_UA.png 818w, https:\/\/blogs.ua.es\/historiagandia\/files\/2013\/09\/logo_UA-300x74.png 300w\" sizes=\"auto, (max-width: 491px) 100vw, 491px\" \/><\/a><\/p>\n","protected":false},"excerpt":{"rendered":"<p>\u00a1Hola! Somos Ignacio Maza, Mar\u00eda Jos\u00e9 Moro y Cristian Sanmart\u00edn. En este blog trataremos la historia moderna de Gand\u00eda, como parte de un proyecto de la asignatura Historia Moderna del Pa\u00eds Valenciano, impartida en 5\u00ba de Licenciatura en Historia en la Universidad de Alicante. Cuando nuestro profesor, Antonio Carrasco, nos pidi\u00f3 que elegi\u00e9ramos una localidad [&hellip;]<\/p>\n","protected":false},"author":3155,"featured_media":0,"parent":0,"menu_order":0,"comment_status":"open","ping_status":"open","template":"","meta":{"footnotes":""},"class_list":["post-23","page","type-page","status-publish","hentry"],"_links":{"self":[{"href":"https:\/\/blogs.ua.es\/historiagandia\/wp-json\/wp\/v2\/pages\/23","targetHints":{"allow":["GET"]}}],"collection":[{"href":"https:\/\/blogs.ua.es\/historiagandia\/wp-json\/wp\/v2\/pages"}],"about":[{"href":"https:\/\/blogs.ua.es\/historiagandia\/wp-json\/wp\/v2\/types\/page"}],"author":[{"embeddable":true,"href":"https:\/\/blogs.ua.es\/historiagandia\/wp-json\/wp\/v2\/users\/3155"}],"replies":[{"embeddable":true,"href":"https:\/\/blogs.ua.es\/historiagandia\/wp-json\/wp\/v2\/comments?post=23"}],"version-history":[{"count":8,"href":"https:\/\/blogs.ua.es\/historiagandia\/wp-json\/wp\/v2\/pages\/23\/revisions"}],"predecessor-version":[{"id":223,"href":"https:\/\/blogs.ua.es\/historiagandia\/wp-json\/wp\/v2\/pages\/23\/revisions\/223"}],"wp:attachment":[{"href":"https:\/\/blogs.ua.es\/historiagandia\/wp-json\/wp\/v2\/media?parent=23"}],"curies":[{"name":"wp","href":"https:\/\/api.w.org\/{rel}","templated":true}]}}