{"id":260,"date":"2014-01-15T16:50:13","date_gmt":"2014-01-15T16:50:13","guid":{"rendered":"https:\/\/blogs.ua.es\/historiaibi\/?page_id=260"},"modified":"2014-01-15T18:58:47","modified_gmt":"2014-01-15T18:58:47","slug":"valoracion","status":"publish","type":"page","link":"https:\/\/blogs.ua.es\/historiaibi\/valoracion\/","title":{"rendered":"Valoraci\u00f3n"},"content":{"rendered":"<p>La realizaci\u00f3n de este blog nos ha servido para conocer mejor la poblaci\u00f3n de Ibi, muy cercana y a la vez tan distante en conocimientos. La verdad es que no ha sido sencilla la tarea de buscar informaci\u00f3n, supongo que por no ser una ciudad grande ni capital. Esto nos ha dificultado mucho la tarea ya que de\u00a0los temas a tratar y de la \u00e9poca que busc\u00e1bamos no existe mucha informaci\u00f3n. No obstante, aunque compleja, ha sido gratificante la finalizaci\u00f3n del mismo blog ya que nos hemos demostrado que no hay nada imposible.<\/p>\n<p>Agradecer tambi\u00e9n la buena acogida y ayuda prestada por parte de los archiveros del Archivo Municipal de Ibi, que nos proporcionaron toda la informaci\u00f3n que necesitabamos para poder realizar este trabajo.<\/p>\n","protected":false},"excerpt":{"rendered":"<p>La realizaci\u00f3n de este blog nos ha servido para conocer mejor la poblaci\u00f3n de Ibi, muy cercana y a la vez tan distante en conocimientos. La verdad es que no ha sido sencilla la tarea de buscar informaci\u00f3n, supongo que por no ser una ciudad grande ni capital. Esto nos ha dificultado mucho la tarea [&hellip;]<\/p>\n","protected":false},"author":3167,"featured_media":0,"parent":0,"menu_order":0,"comment_status":"open","ping_status":"open","template":"","meta":{"footnotes":""},"class_list":["post-260","page","type-page","status-publish","hentry"],"_links":{"self":[{"href":"https:\/\/blogs.ua.es\/historiaibi\/wp-json\/wp\/v2\/pages\/260","targetHints":{"allow":["GET"]}}],"collection":[{"href":"https:\/\/blogs.ua.es\/historiaibi\/wp-json\/wp\/v2\/pages"}],"about":[{"href":"https:\/\/blogs.ua.es\/historiaibi\/wp-json\/wp\/v2\/types\/page"}],"author":[{"embeddable":true,"href":"https:\/\/blogs.ua.es\/historiaibi\/wp-json\/wp\/v2\/users\/3167"}],"replies":[{"embeddable":true,"href":"https:\/\/blogs.ua.es\/historiaibi\/wp-json\/wp\/v2\/comments?post=260"}],"version-history":[{"count":3,"href":"https:\/\/blogs.ua.es\/historiaibi\/wp-json\/wp\/v2\/pages\/260\/revisions"}],"predecessor-version":[{"id":266,"href":"https:\/\/blogs.ua.es\/historiaibi\/wp-json\/wp\/v2\/pages\/260\/revisions\/266"}],"wp:attachment":[{"href":"https:\/\/blogs.ua.es\/historiaibi\/wp-json\/wp\/v2\/media?parent=260"}],"curies":[{"name":"wp","href":"https:\/\/api.w.org\/{rel}","templated":true}]}}