{"id":83,"date":"2013-12-12T16:24:51","date_gmt":"2013-12-12T16:24:51","guid":{"rendered":"https:\/\/blogs.ua.es\/historiaibi\/?page_id=83"},"modified":"2013-12-22T21:30:30","modified_gmt":"2013-12-22T21:30:30","slug":"contenido-historico","status":"publish","type":"page","link":"https:\/\/blogs.ua.es\/historiaibi\/contenido-historico\/","title":{"rendered":"Contenido hist\u00f3rico"},"content":{"rendered":"<p>\u00b9Tras el Tratado de Almizra (1244) se produce una delimitaci\u00f3n de los reinos de Castilla y Arag\u00f3n, siendo el l\u00edmite Biar-Busot. As\u00ed, \u00a0 \u00a0parte de la actual comarca de la Foia de Castalla pas\u00f3 a formar parte el Reino de Castilla. Sin embargo un a\u00f1o despu\u00e9s de la firma del \u00a0tratado Jaime I no cumple con el acuerdo y ocupa Biar.<br \/>\nLa ocupaci\u00f3n de los municipios se realiz\u00f3 poco a poco, siendo Ibi la \u00faltima en 1274.<\/p>\n<p>En 1362, seg\u00fan R.Ba\u00f1\u00f3, el rey Pedro IV envi\u00f3 tropas a lugares como Alcoi y Concentaina para reconquistar Xixona (vinculada a Ibi), que estaba ocupada por el reino de Castilla. Esto provoc\u00f3 que Xixona pas\u00f3 a formar parte del t\u00e9rmino de Alcoi. Por otro lado, el vinculo entre Ibi y Xixona facilit\u00f3 la constituci\u00f3n de un fuerte n\u00facleo de resistencia ante las exigencias se\u00f1oriales.<\/p>\n<p>En 1420 tenemos referencias que Xixona compr\u00f3 el\u00a0\u00b3<a title=\"ficha del castillo\" href=\"http:\/\/www.castillosdeespa\u00f1a.es\/es\/content\/castillo-bermejo\"> castillo<\/a> y lugar de Ibi a Franc\u00e9s Pertusa por el precio de 33.000\/ 44.000 sueldos. Sin embargo esto ocasion\u00f3 un conflicto entre las autoridades Xixona, que quer\u00edan poseer la villa de Ibi, y las de Alcoi. El motivo fue que los alcoyanos no quer\u00edan pagar los impuestos que devengaban sus propiedades en Ibi.<br \/>\nEste conflicto no se resolvi\u00f3 hasta 1426.<\/p>\n<p>&nbsp;<\/p>\n<p>&nbsp;<\/p>\n<p><img loading=\"lazy\" decoding=\"async\" class=\"alignright size-medium wp-image-123\" alt=\"castillo\" src=\"https:\/\/blogs.ua.es\/historiaibi\/files\/2013\/12\/castillo-300x187.jpg\" width=\"258\" height=\"160\" \/><\/p>\n<p><img loading=\"lazy\" decoding=\"async\" class=\"size-medium wp-image-168 alignright\" alt=\"casstillo\" src=\"https:\/\/blogs.ua.es\/historiaibi\/files\/2013\/12\/casstillo-300x201.jpg\" width=\"300\" height=\"201\" srcset=\"https:\/\/blogs.ua.es\/historiaibi\/files\/2013\/12\/casstillo-300x201.jpg 300w, https:\/\/blogs.ua.es\/historiaibi\/files\/2013\/12\/casstillo.jpg 940w\" sizes=\"auto, (max-width: 300px) 100vw, 300px\" \/><\/p>\n<p>&nbsp;<\/p>\n<p>En 1492 qued\u00f3 pr\u00e1cticamente despoblada en 1492 pasando de 16 fuegos a ninguno a final de siglo.<\/p>\n<p>&nbsp;<\/p>\n<p>&nbsp;<\/p>\n<p>&nbsp;<\/p>\n<p>&nbsp;<\/p>\n<p>Finalmente en 1578 (Antonio Castell\u00f3 opina que esta fecha marca el inicio de la creaci\u00f3n de documentaci\u00f3n propia en su archivo municipal). Ibi y Xixona quedan separadas, constituyendose Ibi como universidad por Felipe II, pagando 6.000 ducados a la corona. Hasta que en 1629 consigue ser Villa Real.<br \/>\nEn la primera mitad del siglo XVI el reino de Valencia estaba constitu\u00eddo por ciudades y villas, siendo categor\u00edas de realengo con personalidad legal plena. Eran lugares independientes entre s\u00ed.<br \/>\nPor otro lado, aparece una nueva categor\u00eda municipal: universidad que, seg\u00fan D.\u00a0Bernab\u00e9, cuya adquisici\u00f3n s\u00f3lo pod\u00eda obtenerse mediante privilegio expreso otorgado por la Corona.\u00b2<\/p>\n<p style=\"text-align: center\"><a href=\"https:\/\/blogs.ua.es\/historiaibi\/files\/2013\/12\/cuadro-de-ibi.jpg\"><img loading=\"lazy\" decoding=\"async\" class=\"alignnone size-medium wp-image-97\" alt=\"cuadro de ibi\" src=\"https:\/\/blogs.ua.es\/historiaibi\/files\/2013\/12\/cuadro-de-ibi-300x155.jpg\" width=\"300\" height=\"155\" srcset=\"https:\/\/blogs.ua.es\/historiaibi\/files\/2013\/12\/cuadro-de-ibi-300x155.jpg 300w, https:\/\/blogs.ua.es\/historiaibi\/files\/2013\/12\/cuadro-de-ibi.jpg 780w\" sizes=\"auto, (max-width: 300px) 100vw, 300px\" \/><\/a><a href=\"https:\/\/blogs.ua.es\/historiaibi\/files\/2013\/12\/cuadro-II.jpg\"><img loading=\"lazy\" decoding=\"async\" class=\"size-medium wp-image-99 aligncenter\" alt=\"cuadro II\" src=\"https:\/\/blogs.ua.es\/historiaibi\/files\/2013\/12\/cuadro-II-300x159.jpg\" width=\"300\" height=\"159\" srcset=\"https:\/\/blogs.ua.es\/historiaibi\/files\/2013\/12\/cuadro-II-300x159.jpg 300w, https:\/\/blogs.ua.es\/historiaibi\/files\/2013\/12\/cuadro-II.jpg 814w\" sizes=\"auto, (max-width: 300px) 100vw, 300px\" \/><\/a><\/p>\n","protected":false},"excerpt":{"rendered":"<p>\u00b9Tras el Tratado de Almizra (1244) se produce una delimitaci\u00f3n de los reinos de Castilla y Arag\u00f3n, siendo el l\u00edmite Biar-Busot. As\u00ed, \u00a0 \u00a0parte de la actual comarca de la Foia de Castalla pas\u00f3 a formar parte el Reino de Castilla. Sin embargo un a\u00f1o despu\u00e9s de la firma del \u00a0tratado Jaime I no cumple [&hellip;]<\/p>\n","protected":false},"author":3211,"featured_media":0,"parent":0,"menu_order":0,"comment_status":"open","ping_status":"open","template":"","meta":{"footnotes":""},"class_list":["post-83","page","type-page","status-publish","hentry"],"_links":{"self":[{"href":"https:\/\/blogs.ua.es\/historiaibi\/wp-json\/wp\/v2\/pages\/83","targetHints":{"allow":["GET"]}}],"collection":[{"href":"https:\/\/blogs.ua.es\/historiaibi\/wp-json\/wp\/v2\/pages"}],"about":[{"href":"https:\/\/blogs.ua.es\/historiaibi\/wp-json\/wp\/v2\/types\/page"}],"author":[{"embeddable":true,"href":"https:\/\/blogs.ua.es\/historiaibi\/wp-json\/wp\/v2\/users\/3211"}],"replies":[{"embeddable":true,"href":"https:\/\/blogs.ua.es\/historiaibi\/wp-json\/wp\/v2\/comments?post=83"}],"version-history":[{"count":20,"href":"https:\/\/blogs.ua.es\/historiaibi\/wp-json\/wp\/v2\/pages\/83\/revisions"}],"predecessor-version":[{"id":175,"href":"https:\/\/blogs.ua.es\/historiaibi\/wp-json\/wp\/v2\/pages\/83\/revisions\/175"}],"wp:attachment":[{"href":"https:\/\/blogs.ua.es\/historiaibi\/wp-json\/wp\/v2\/media?parent=83"}],"curies":[{"name":"wp","href":"https:\/\/api.w.org\/{rel}","templated":true}]}}