{"id":9,"date":"2013-09-17T09:37:01","date_gmt":"2013-09-17T09:37:01","guid":{"rendered":"https:\/\/blogs.ua.es\/historiaibi\/?page_id=9"},"modified":"2014-10-29T22:54:52","modified_gmt":"2014-10-29T22:54:52","slug":"presentacion","status":"publish","type":"page","link":"https:\/\/blogs.ua.es\/historiaibi\/","title":{"rendered":"Introducci\u00f3n"},"content":{"rendered":"<p style=\"text-align: left\">En este apartado nos interesa hacer, como indica su nombre, una breve introducci\u00f3n sobre el pueblo de Ibi. El blog tiene como objetivo repasar los siglos XVI, XVII y XVIII en temas relacionados con la poblaci\u00f3n, cultura, pol\u00edtica, administraci\u00f3n, sociedad y econom\u00eda, adem\u00e1s de ofrecer un peque\u00f1o bosquejo sobre su cronolog\u00eda, escudo, ubicaci\u00f3n&#8230; .<\/p>\n<p style=\"text-align: left\">La divisi\u00f3n que hemos ofrecido se complementa con una breve rese\u00f1a sobre su contenido hist\u00f3rico, desde la Edad Media hasta el siglo XVIII, para que al lector le resulte f\u00e1cil encontrar o leer la informaci\u00f3n presentada en este trabajo. \u00a0Destacar, tambi\u00e9n, los enlaces que se han ido a\u00f1adiendo como informaci\u00f3n complementaria para, as\u00ed, aportar m\u00e1s datos sobre los hechos que tuvieron lugar en estas \u00e9pocas.<\/p>\n<p style=\"text-align: center\">&#8212;&#8212;&#8212;&#8212;&#8212;&#8212;&#8212;&#8212;&#8212;&#8212;&#8212;&#8212;&#8212;&#8212;&#8212;&#8212;&#8212;&#8212;&#8212;&#8212;&#8212;&#8212;&#8212;-<\/p>\n<p style=\"text-align: left\"><strong>Ubicaci\u00f3n:<\/strong><\/p>\n<p style=\"text-align: left\">\n<p style=\"text-align: left\">\n<p style=\"text-align: left\"><strong><\/strong><\/p>\n<p>Se encuentra en el interior de la Comunidad Valenciana encontramos\u00a0el <a href=\"https:\/\/maps.google.es\/maps?q=geografia+de+ibi&amp;ie=UTF-8&amp;ei=QLu0UoqdNMmL7Aa6j4GIAQ&amp;ved=0CAgQ_AUoAg\">municipio de\u00a0 Ibi <\/a>que, integrado en\u00a0 la Foia de Castalla, se sit\u00faa dentro \u00a0de la provincia de Alicante. Concretamente a\u00a0816 m. sobre el nivel del mar. Las \u00fanicas salidas naturales es el corredor del Canal\u00a0de Alcoi, que comunica con Les Valles de Alcoi.<\/p>\n<p style=\"text-align: left\">\n<p style=\"text-align: center\"><a href=\"https:\/\/blogs.ua.es\/historiaibi\/files\/2013\/09\/paisaje.jpg\"><img loading=\"lazy\" decoding=\"async\" class=\"size-medium wp-image-144 aligncenter\" alt=\"paisaje\" src=\"https:\/\/blogs.ua.es\/historiaibi\/files\/2013\/09\/paisaje-300x203.jpg\" width=\"300\" height=\"203\" srcset=\"https:\/\/blogs.ua.es\/historiaibi\/files\/2013\/09\/paisaje-300x203.jpg 300w, https:\/\/blogs.ua.es\/historiaibi\/files\/2013\/09\/paisaje.jpg 456w\" sizes=\"auto, (max-width: 300px) 100vw, 300px\" \/><\/a><\/p>\n<p style=\"text-align: left\"><em><br \/>\n(Paisaje del antiguo n\u00facleo urbano de Ibi)<\/em><\/p>\n<p style=\"text-align: left\">En la segunda mitad del siglo XVI el\u00a0&#8221; Memorial de Osuna&#8221; habla de c\u00f3mo estaba dividido el reino en gobernaciones: Valencia, Orihuela, J\u00e1tiva y Castell\u00f3n de la Plana (Ibi se encontraba en la de J\u00e1tiva).<\/p>\n<p style=\"text-align: center\">&#8212;&#8212;&#8212;&#8212;&#8212;&#8212;&#8212;&#8212;&#8212;&#8212;&#8212;&#8212;&#8212;&#8212;&#8212;&#8212;&#8212;&#8212;&#8212;&#8212;&#8212;&#8212;&#8212;-<\/p>\n<p style=\"text-align: left\"><strong>Cronolog\u00eda:<\/strong><\/p>\n<ul>\n<li>1274: ocupaci\u00f3n del municipio de Ibi por parte de colonos catalanes y aragoneses.<\/li>\n<li>1362: Pere IV manda tropas para reconquistar Xixona ( ocupada por castellanos )<\/li>\n<li>1578: Ibi se separa de Xixona<\/li>\n<li>1629: Villa Real de Ibi<\/li>\n<li>1709: se suprimen los fueros hist\u00f3ricos del Reino de Valencia.\u00a0Divisi\u00f3n en 13 corregimientos<\/li>\n<li>1766: Ordenanzas de la <a title=\"Las ordenanzas de la escuela de primeras letras de Ibi\" href=\"http:\/\/rua.ua.es\/dspace\/bitstream\/10045\/1409\/1\/RHM_20_14.pdf\" target=\"_blank\">escuela de primeras letras<\/a><\/li>\n<\/ul>\n<p><a href=\"https:\/\/blogs.ua.es\/historiaibi\/files\/2013\/09\/1387570618945.jpg\"><img loading=\"lazy\" decoding=\"async\" class=\"aligncenter size-medium wp-image-142\" alt=\"1387570618945\" src=\"https:\/\/blogs.ua.es\/historiaibi\/files\/2013\/09\/1387570618945-225x300.jpg\" width=\"225\" height=\"300\" srcset=\"https:\/\/blogs.ua.es\/historiaibi\/files\/2013\/09\/1387570618945-225x300.jpg 225w, https:\/\/blogs.ua.es\/historiaibi\/files\/2013\/09\/1387570618945.jpg 375w\" sizes=\"auto, (max-width: 225px) 100vw, 225px\" \/><\/a><\/p>\n<p style=\"text-align: left\">Alfonso el Magn\u00e1nino;<\/p>\n<p style=\"text-align: center\"><em>&#8221; As\u00ed pues, dicha Universidad de Seixona, junto con el castillo y lugar de Ibi sean comprendidos dentro de dicho Privilegio, e incorporados totalmente a la Corona Regia, y que en adelante el Castillo y lugar de Ibi sean tenidos como un barrio de la Villa de Seixona, y que conforme con dicha Villa sea todo un solo territorio. <\/em><em>Por el tenor del siguiente Privilegio, valedero para siempre, incorporamos y unimos de modo indisoluble a la Corona y por nuestros sucesores a dicho castillo y lugar de Ibi, y queremos considerarlo como barrio y territorio de la Villa de Seixona&#8230;&#8221;<\/em><\/p>\n<p style=\"text-align: center\">&#8212;&#8212;&#8212;&#8212;&#8212;&#8212;&#8212;&#8212;&#8212;&#8212;&#8212;&#8212;&#8212;&#8212;&#8212;&#8212;&#8212;&#8212;&#8212;&#8212;&#8212;&#8212;&#8212;-<\/p>\n<p style=\"text-align: left\"><b>Escudo<\/b><\/p>\n<p><img loading=\"lazy\" decoding=\"async\" class=\"size-full wp-image-21 alignright\" alt=\"Escudo de Ibi\" src=\"https:\/\/blogs.ua.es\/historiaibi\/files\/2013\/09\/escudo_ibi.jpg\" width=\"106\" height=\"192\" \/><\/p>\n<ul>\n<li>El origen del nombre de este municipio\u00a0era &#8220;<em>Lugar entre r\u00edos&#8221;<\/em><\/li>\n<\/ul>\n<p>&nbsp;<\/p>\n<ul>\n<li>\u00a0En el Bolet\u00edn de la Real Academia de la Historia de 1987 se trat\u00f3 sobre los elementos que deb\u00edan integrar o no el escudo: dos torres, un perro y los palos del antiguo reino, la Corona de Arag\u00f3n.<\/li>\n<\/ul>\n<p style=\"text-align: right\"><em>\u00a0<\/em><\/p>\n<p><!-- inicio codigo contador --><a href=\"http:\/\/contador-de-visitas.com\"><img decoding=\"async\" style=\"border: 0px solid\" alt=\"contador de visitas\" src=\"http:\/\/contador-de-visitas.com\/hit.php?id=1915781&amp;counter=37\" \/><\/a> <a href=\"http:\/\/contador-de-visitas.com\">contador visitas<\/a><\/p>\n<p><!-- fin codigo contador --><\/p>\n","protected":false},"excerpt":{"rendered":"<p>En este apartado nos interesa hacer, como indica su nombre, una breve introducci\u00f3n sobre el pueblo de Ibi. El blog tiene como objetivo repasar los siglos XVI, XVII y XVIII en temas relacionados con la poblaci\u00f3n, cultura, pol\u00edtica, administraci\u00f3n, sociedad y econom\u00eda, adem\u00e1s de ofrecer un peque\u00f1o bosquejo sobre su cronolog\u00eda, escudo, ubicaci\u00f3n&#8230; . La [&hellip;]<\/p>\n","protected":false},"author":3167,"featured_media":0,"parent":0,"menu_order":0,"comment_status":"open","ping_status":"open","template":"","meta":{"footnotes":""},"class_list":["post-9","page","type-page","status-publish","hentry"],"_links":{"self":[{"href":"https:\/\/blogs.ua.es\/historiaibi\/wp-json\/wp\/v2\/pages\/9","targetHints":{"allow":["GET"]}}],"collection":[{"href":"https:\/\/blogs.ua.es\/historiaibi\/wp-json\/wp\/v2\/pages"}],"about":[{"href":"https:\/\/blogs.ua.es\/historiaibi\/wp-json\/wp\/v2\/types\/page"}],"author":[{"embeddable":true,"href":"https:\/\/blogs.ua.es\/historiaibi\/wp-json\/wp\/v2\/users\/3167"}],"replies":[{"embeddable":true,"href":"https:\/\/blogs.ua.es\/historiaibi\/wp-json\/wp\/v2\/comments?post=9"}],"version-history":[{"count":44,"href":"https:\/\/blogs.ua.es\/historiaibi\/wp-json\/wp\/v2\/pages\/9\/revisions"}],"predecessor-version":[{"id":49,"href":"https:\/\/blogs.ua.es\/historiaibi\/wp-json\/wp\/v2\/pages\/9\/revisions\/49"}],"wp:attachment":[{"href":"https:\/\/blogs.ua.es\/historiaibi\/wp-json\/wp\/v2\/media?parent=9"}],"curies":[{"name":"wp","href":"https:\/\/api.w.org\/{rel}","templated":true}]}}