{"id":91,"date":"2013-12-12T16:43:20","date_gmt":"2013-12-12T16:43:20","guid":{"rendered":"https:\/\/blogs.ua.es\/historiaibi\/?page_id=91"},"modified":"2014-02-06T19:09:04","modified_gmt":"2014-02-06T19:09:04","slug":"bibliografia","status":"publish","type":"page","link":"https:\/\/blogs.ua.es\/historiaibi\/bibliografia\/","title":{"rendered":"Bibliograf\u00eda"},"content":{"rendered":"<p><strong>CONTENIDO \u00a0HIST\u00d3RICO:<\/strong><\/p>\n<p><strong>Publicaciones:<\/strong><\/p>\n<ul>\n<li>TORMO SANTONJA, J.,\u00a0 \u00a0<em>Mariola: sistema productivo y estrategia territorial, <\/em>Publicaciones Universidad de Alicante. \u00a0 \u00a0Disponible: Biblioteca Universidad de Alicante.<\/li>\n<\/ul>\n<p>&nbsp;<\/p>\n<ul>\n<li>BERNAB\u00c9 GIL, David. <em>Universidades y villas. Notas sobre el proceso de segregaci\u00f3n municipal en el realengo valenciano \u00a0(siglos XVI y XVII) .<\/em>[en l\u00ednea]. Alicant: Universidad de Alicante, 1988 [consulta:\u00a012 diciembre 2013]. Formato pdf, 1.82 MB. \u00a0Disponible en: <a href=\"http:\/\/hdl.handle.net\/10045\/4995\" target=\"_blank\">http:\/\/hdl.handle.net\/10045\/4995<\/a><\/li>\n<\/ul>\n<p>&nbsp;<\/p>\n<p><strong>Im\u00e1genes:<\/strong><\/p>\n<ul>\n<li>Biblioteca. Patrimonio general art\u00edstico[consulta: 19 diciembre 2013]. Disponible en: \u00a0 \u00a0 \u00a0http:\/\/www.cult.gva.es\/dgpa\/documentacion\/interno\/521.pdf.<\/li>\n<\/ul>\n<p>&nbsp;<\/p>\n<ul>\n<li><em>Mapa topogr\u00e1fico de Ibi,\u00a0<\/em>E: 1\/75000,\u00a0ed. Ayuntamiento de Ibi-concejal\u00eda de cultura, 2005, pp. 8-16. Disponible: Archivo Municipal de Ibi.<\/li>\n<\/ul>\n<p>&nbsp;<\/p>\n<p>&#8212;&#8212;&#8212;&#8212;&#8212;&#8212;&#8212;&#8212;&#8212;&#8212;&#8212;&#8212;&#8212;&#8212;&#8212;&#8212;&#8212;&#8212;-<\/p>\n<p><strong>SOCIEDAD:<\/strong><\/p>\n<p><strong>Publicaciones:<\/strong><\/p>\n<ul>\n<li>CASTELL\u00d3, Antonio, \u00a0<em>Ibi, de lloc a vila reial<\/em>. 1\u00aa ed. Ibi: Arts Gr\u00e0fiques Alcoi, S.A., 2001 (Monografies. Temes d&#8217;Ibi, 3) ISBN: 84-920078-9-3. Disponible: Biblioteca Municipal de Ibi.<\/li>\n<\/ul>\n<p>&nbsp;<\/p>\n<ul>\n<li>ANGUIZ PAJARON, Antonio,\u00a0<em>Miscel\u00e1nea Ibense,\u00a0<\/em>Alicante 1984\u00a0(Vol. 115) ISBN: 84-86314-09-7. pp 32, 42, 43. Disponible: Archivo Municipal de Ibi.<\/li>\n<\/ul>\n<p>&nbsp;<\/p>\n<ul>\n<li>BERNABEU RICO, Jos\u00e9,\u00a0<em>Los l\u00edmites simb\u00f3licos. Hombres de la Foia de Castalla y Vall de Xixona,\u00a0<\/em>ed. Instituto de estudios alicantinos, Diputaci\u00f3n de la provincia de Alicante, 1984 (serie I, n\u00famero 97). ISBN: 84-00-05623-X. Disponible: Archivo Municipal de Ibi.<\/li>\n<\/ul>\n<p>&nbsp;<\/p>\n<ul>\n<li>ANGUIZ, Antonio,\u00a0<em>Estampas y recuerdos ibenses, <\/em>edici\u00f3n del autor,\u00a0Barcelona 1983, B-41. pp 876-881. Disponible: Archivo Municipal de Ibi.<\/li>\n<\/ul>\n<p><strong>Im\u00e1genes:<\/strong><\/p>\n<ul>\n<li><em>Representaci\u00f3n cartogr\u00e1fica del antiguo reino de Val\u00e8ncia, de Iodocus Hondius de 1606, <\/em>ed. Prensa Alicantina s.a., 1996 PM-1747. Disponible: Biblioteca Municipal de Ibi.<\/li>\n<\/ul>\n<p>&nbsp;<\/p>\n<p>&#8212;&#8212;&#8212;&#8212;&#8212;&#8212;&#8212;&#8212;&#8212;&#8212;&#8212;&#8212;&#8212;&#8212;&#8212;&#8212;&#8212;&#8212;-<\/p>\n<p><strong>ECONOM\u00cdA:<\/strong><\/p>\n<p><b>Publicaciones:<\/b><\/p>\n<ul>\n<li>ANGUIZ PAJARON, Antonio,\u00a0<em>Miscel\u00e1nea Ibense,\u00a0<\/em>Alicante 1984 (Vol. 115) ISBN: 84-86314-09-7. pp 27, 31, 32. Disponible: Archivo Municipal de Ibi.<\/li>\n<\/ul>\n<p>&nbsp;<\/p>\n<ul>\n<li>VICEDO MART\u00cdNEZ, V. y RAM\u00cdREZ GONS\u00c1LVES, J.,\u00a0<em>Gu\u00eda de los Pozos de la nieve de la provincia de Alicante,\u00a0<\/em>ed. Diputaci\u00f3n de Alicante, 2004, ISBN: 84-96206-19-X. pp 19-21. Disponible: Archivo Municipal de Ibi.<\/li>\n<\/ul>\n<p>&nbsp;<\/p>\n<ul>\n<li><em>Informe Carta Arqueol\u00f3gica de Ibi,\u00a0<\/em>ed. Ayuntamiento de Ibi-concejal\u00eda de cultura, 2005, pp. 219-225. Disponible: Archivo Municipal de Ibi<\/li>\n<\/ul>\n<p>&nbsp;<\/p>\n<p><strong>Im\u00e1genes:\u00a0<\/strong><\/p>\n<ul>\n<li><em>Mapa topogr\u00e1fico de Ibi,\u00a0<\/em>E: 1\/75000,\u00a0ed. Ayuntamiento de Ibi-concejal\u00eda de cultura, 2005, pp. 219-225. Disponible: Archivo Municipal de Ibi.<\/li>\n<\/ul>\n<p>&nbsp;<\/p>\n<p>&#8212;&#8212;&#8212;&#8212;&#8212;&#8212;&#8212;&#8212;&#8212;&#8212;&#8212;&#8212;&#8212;&#8212;&#8212;&#8212;&#8212;&#8212;-<\/p>\n<p>&nbsp;<\/p>\n<p><strong>POBLACI\u00d3N:<\/strong><\/p>\n<p><strong>Publicaciones:<\/strong><\/p>\n<ul>\n<li>SANTONJA CARDONA, JOSEP LLUIS. <em>La Foia de Castalla en el s. XVIII<\/em>. Edita : Ajuntament d\u00b4Ibi.<\/li>\n<\/ul>\n<p>&nbsp;<\/p>\n<ul>\n<li>ANGUIZ PAJAR\u00d3N, ANTONIO. <em>Del pasado ibense. <\/em>Alicante : Obra cultural de la Caja de Ahorros de Alicante y Murcia, 1981<\/li>\n<\/ul>\n<p>&nbsp;<\/p>\n<p>&#8212;&#8212;&#8212;&#8212;&#8212;&#8212;&#8212;&#8212;&#8212;&#8212;&#8212;&#8212;&#8212;&#8212;&#8212;&#8212;&#8212;&#8212;-<\/p>\n<p>&nbsp;<\/p>\n<p><strong>CULTURA:<\/strong><\/p>\n<p><strong>Publicaciones:<\/strong><\/p>\n<ul>\n<li>MORENO S\u00c1EZ, FRANCISCO (coord). <em>Historia de l\u00b4Alcoi\u00e0, el Comtat y la foia de castalla.<\/em> Edita prensa alicantina 1966.<\/li>\n<\/ul>\n<p>&nbsp;<\/p>\n<ul>\n<li>CERD\u00c1 CONCA, MELECIO. <em>Las villas que componen la uni\u00f3n de la Hoya de Castalla. <\/em>Imprime: Gr\u00e1ficas Ciudad, S. A. Alcoy 1984.<\/li>\n<\/ul>\n<p>&nbsp;<\/p>\n<p>&#8212;&#8212;&#8212;&#8212;&#8212;&#8212;&#8212;&#8212;&#8212;&#8212;&#8212;&#8212;&#8212;&#8212;&#8212;&#8212;&#8212;&#8212;-<\/p>\n<p><b>POL\u00cdTICA<\/b><strong>:<\/strong><\/p>\n<p><strong>publicaciones:<\/strong><\/p>\n<ul>\n<li>ANGUIZ PAJAR\u00d3N, ANTONIO.\u00a0<em>Del pasado ibense.\u00a0<\/em>Alicante : Obra cultural de la Caja de Ahorros de Alicante y Murcia, 1981<\/li>\n<\/ul>\n<p>&nbsp;<\/p>\n<p>&nbsp;<\/p>\n<ul>\n<li>CASTELL\u00d3, Antonio, \u00a0<em>Ibi, de lloc a vila reial<\/em>. 1\u00aa ed. Ibi: Arts Gr\u00e0fiques Alcoi, S.A., 2001 (Monografies. Temes d&#8217;Ibi, 3) ISBN: 84-920078-9-3. Disponible: Biblioteca Municipal de Ibi.<\/li>\n<\/ul>\n<p>&nbsp;<\/p>\n<p>&#8212;&#8212;&#8212;&#8212;&#8212;&#8212;&#8212;&#8212;&#8212;&#8212;&#8212;&#8212;&#8212;&#8212;&#8212;&#8212;&#8212;&#8212;-<\/p>\n<p><strong>ADMINISTRACI\u00d3N:<\/strong><\/p>\n<p><strong>publicaciones:<\/strong><\/p>\n<ul>\n<li>BERNABEU RICO, Jos\u00e9,\u00a0<em>Los l\u00edmites simb\u00f3licos. Hombres de la Foia de Castalla y Vall de Xixona,\u00a0<\/em>ed. Instituto de estudios alicantinos, Diputaci\u00f3n de la provincia de Alicante, 1984 (serie I, n\u00famero 97). ISBN: 84-00-05623-X. Disponible: Archivo Municipal de Ibi.<\/li>\n<\/ul>\n<p>&nbsp;<\/p>\n<p>&nbsp;<\/p>\n<ul>\n<li>CERD\u00c1 CONCA, MELECIO.\u00a0<em>Las villas que componen la uni\u00f3n de la Hoya de Castalla.\u00a0<\/em>Imprime: Gr\u00e1ficas Ciudad, S. A. Alcoy 1984.<\/li>\n<\/ul>\n<p>&nbsp;<\/p>\n<ul>\n<li>REVISTA ANUAL 2\u00ba. Insaculaci\u00f3 en Ibi.\u00a0Edita : Ajuntament d\u00b4Ibi. [pags. 72-74]<\/li>\n<\/ul>\n","protected":false},"excerpt":{"rendered":"<p>CONTENIDO \u00a0HIST\u00d3RICO: Publicaciones: TORMO SANTONJA, J.,\u00a0 \u00a0Mariola: sistema productivo y estrategia territorial, Publicaciones Universidad de Alicante. \u00a0 \u00a0Disponible: Biblioteca Universidad de Alicante. &nbsp; BERNAB\u00c9 GIL, David. Universidades y villas. Notas sobre el proceso de segregaci\u00f3n municipal en el realengo valenciano \u00a0(siglos XVI y XVII) .[en l\u00ednea]. Alicant: Universidad de Alicante, 1988 [consulta:\u00a012 diciembre 2013]. Formato [&hellip;]<\/p>\n","protected":false},"author":3211,"featured_media":0,"parent":0,"menu_order":0,"comment_status":"open","ping_status":"open","template":"","meta":{"footnotes":""},"class_list":["post-91","page","type-page","status-publish","hentry"],"_links":{"self":[{"href":"https:\/\/blogs.ua.es\/historiaibi\/wp-json\/wp\/v2\/pages\/91","targetHints":{"allow":["GET"]}}],"collection":[{"href":"https:\/\/blogs.ua.es\/historiaibi\/wp-json\/wp\/v2\/pages"}],"about":[{"href":"https:\/\/blogs.ua.es\/historiaibi\/wp-json\/wp\/v2\/types\/page"}],"author":[{"embeddable":true,"href":"https:\/\/blogs.ua.es\/historiaibi\/wp-json\/wp\/v2\/users\/3211"}],"replies":[{"embeddable":true,"href":"https:\/\/blogs.ua.es\/historiaibi\/wp-json\/wp\/v2\/comments?post=91"}],"version-history":[{"count":20,"href":"https:\/\/blogs.ua.es\/historiaibi\/wp-json\/wp\/v2\/pages\/91\/revisions"}],"predecessor-version":[{"id":283,"href":"https:\/\/blogs.ua.es\/historiaibi\/wp-json\/wp\/v2\/pages\/91\/revisions\/283"}],"wp:attachment":[{"href":"https:\/\/blogs.ua.es\/historiaibi\/wp-json\/wp\/v2\/media?parent=91"}],"curies":[{"name":"wp","href":"https:\/\/api.w.org\/{rel}","templated":true}]}}