{"id":168,"date":"2012-09-08T10:58:52","date_gmt":"2012-09-08T08:58:52","guid":{"rendered":"https:\/\/blogs.ua.es\/historiamoderna\/?page_id=168"},"modified":"2016-02-03T17:42:24","modified_gmt":"2016-02-03T15:42:24","slug":"rrcc-esquema","status":"publish","type":"page","link":"https:\/\/blogs.ua.es\/historiamoderna\/reyes-catolicos\/rrcc-esquema\/","title":{"rendered":"RR. CC. &#8211; Esquema"},"content":{"rendered":"<p><strong>Clase 1<\/strong><\/p>\n<p><a href=\"https:\/\/www.dropbox.com\/s\/hyc2eksdz4mrbqg\/01-presentacion.ppt?dl=0\" target=\"_blank\">Presentaci\u00f3n<\/a><\/p>\n<p>&#8220;<a href=\"https:\/\/docs.google.com\/open?id=0B808kXrSGSKCdFZOUUpreERwZDA\" target=\"_blank\">Espa\u00f1a<\/a>&#8221;<\/p>\n<ul>\n<li>La &#8220;Espa\u00f1a&#8221; prerromana.<\/li>\n<li>La Hispania romana.<\/li>\n<li>La &#8220;Espa\u00f1a&#8221; visigoda.<\/li>\n<li>La invasi\u00f3n musulmana.<\/li>\n<li>La &#8220;Reconquista&#8221;.<\/li>\n<li>La formaci\u00f3n de los reinos cristianos: Portugal, la Corona de Arag\u00f3n y Castilla.<\/li>\n<li>La crisis de los siglos XIV y XV en Castilla y Arag\u00f3n.<\/li>\n<li>La uni\u00f3n de las dos coronas bajo los RR. CC.<\/li>\n<\/ul>\n<p>V\u00eddeo sobre la <a href=\"https:\/\/mega.nz\/#!ExMngYyQ!hq_vlvON7Ig_hrNmqXzONJLzoD0rKYy8NCH_eq1iQeM\" target=\"_blank\">evoluci\u00f3n del mapa de Espa\u00f1a<\/a>.<\/p>\n<p>El mundo en 1454 (inicio reinado Enrique IV)<\/p>\n<ul>\n<li>Europa (ver mapa).<\/li>\n<li>\u00c1frica: Mamelucos, Tr\u00edpoli, Argel, Marruecos, Etiop\u00eda, Mal\u00ed, Congo.<\/li>\n<li>Asia: Imperio Otomano, Persia (dinast\u00eda Sef\u00e9vida), China (dinast\u00eda Ming), India (Imperio Vijayanagara), Jap\u00f3n (shogunato Ashikaga), Corea, otros reinos menores.<\/li>\n<li>Am\u00e9rica (ver mapa).<\/li>\n<\/ul>\n<p><a href=\"https:\/\/blogs.ua.es\/historiamoderna\/reyes-catolicos\/rr-cc-cronologia\/\" target=\"_blank\">El acceso al poder de los RR. CC.<\/a><\/p>\n<ul>\n<li>L\u00edneas de sucesi\u00f3n de Enrique IV.<\/li>\n<li>La lucha de la nobleza por el poder.<\/li>\n<li>Las relaciones diplom\u00e1ticas en &#8220;Espa\u00f1a&#8221; (y el matrimonio de Isabel).<\/li>\n<li>La Guerra de Sucesi\u00f3n.<\/li>\n<li>El concepto de &#8220;Espa\u00f1a&#8221;<\/li>\n<\/ul>\n<p>&nbsp;<\/p>\n<p><strong>Clase 2<\/strong><\/p>\n<ul>\n<li>3. La evoluci\u00f3n al Estado Moderno\n<ul>\n<li>La uni\u00f3n de las dos coronas:\n<ul>\n<li>Las coronas al inicio del reinado (demograf\u00eda, econom\u00eda, sociedad, pol\u00edtica).<\/li>\n<li>Caracter\u00edsticas del gobierno en ambas coronas (Concordia de Segovia en 1475):\n<ul>\n<li>Castilla: Isabel reina propietaria y Felipe rey gobernante; distribuci\u00f3n del poder; reivindicaci\u00f3n de Fernando, gobierno conjunto y desmitificaci\u00f3n del &#8220;Tanto monta&#8230;&#8221;.<\/li>\n<li>Arag\u00f3n: Fernado rey e Isabel consorte.<\/li>\n<\/ul>\n<\/li>\n<li>Decisiones comunes: pol\u00edtica religiosa (implantaci\u00f3n de la Inquisici\u00f3n, expulsi\u00f3n de los jud\u00edos), pol\u00edtica exterior (distribuci\u00f3n de conquistas) y diplomacia.<\/li>\n<li><a href=\"https:\/\/www.dropbox.com\/s\/2w7z0qnxvysz85h\/oriola_murcia.rtf?dl=0\" target=\"_blank\">Aspectos diferentes<\/a>: leyes, instituciones, impuestos, monedas, idiomas y costumbres.<\/li>\n<li>Preponderancia de Castilla y evoluci\u00f3n al Estado Moderno.<\/li>\n<\/ul>\n<\/li>\n<li><a title=\"El Estado Moderno\" href=\"https:\/\/blogs.ua.es\/ideaspoliticas\/el-estado-moderno\/\" target=\"_blank\">El Estado Moderno<\/a>\n<ul>\n<li>Nueva forma de gobierno (poder absoluto, independiente, con identidad).<\/li>\n<li>Evoluci\u00f3n monarqu\u00eda (feudal, estamental, nacional o autoritaria -absolutista-).<\/li>\n<li>Nuevos conceptos: frontera, patria, naci\u00f3n.<\/li>\n<li>Fortalecimiento del poder mon\u00e1rquico (frente a autoridades exteriores y frente a nobleza, alto clero y ciudades).<\/li>\n<\/ul>\n<\/li>\n<\/ul>\n<\/li>\n<\/ul>\n<ul>\n<li>4. Organizaci\u00f3n del Estado.\n<ul>\n<li>Gobierno en Arag\u00f3n.\n<ul>\n<li>Limitaciones pactistas: &#8220;Corts, Duputacions i furs&#8221;.<\/li>\n<li>Representante real: &#8220;Llochtinent General del Regne&#8221;.<\/li>\n<li>Creaci\u00f3n del Consejo de Arag\u00f3n en 1494.<\/li>\n<li>La incidencia de la crisis y el &#8220;gobierno laxo&#8221; (algunas decisiones contrafueros -Inquisici\u00f3n, negaci\u00f3n de comercio con el Nuevo Mundo-).<\/li>\n<\/ul>\n<\/li>\n<li>Reorganizaci\u00f3n de la Hacienda.\n<ul>\n<li>Impuestos ordinarios (alcabala, tercias reales, aduanas, servicio y montazgo, monopolios de salinas y minas, cruzada) y servicios extraordinarios (aceptados en las Cortes).<\/li>\n<li>Cambios en la recaudaci\u00f3n (de la subasta a contratistas al sistema de encabezamiento).<\/li>\n<li>Problemas: deuda p\u00fablica (quita negociada con los nobles).<\/li>\n<li>Evoluci\u00f3n de la recaudaci\u00f3n (de 195.000 a 850.000 ducados).<\/li>\n<\/ul>\n<\/li>\n<li>Administraci\u00f3n de justicia\n<ul>\n<li>Diferentes jurisdicciones (real, se\u00f1orial, eclesi\u00e1stica, universitaria, etc).<\/li>\n<li>Codificaci\u00f3n de la justicia real (Ordenamiento de Alonso D\u00edaz de Montalvo, completado con las Pragm\u00e1ticas de Alcal\u00e1 y las Leyes de Toro; promulgaci\u00f3n independiente de las Cortes).<\/li>\n<li>Organizaci\u00f3n de la justicia real (instancias: corregidores, chanciller\u00edas y audiencias, Consejo Real y rey).<\/li>\n<\/ul>\n<\/li>\n<li>Burocracia especializada\n<ul>\n<li>Medio de control.<\/li>\n<li>Universitarios (Salamanca y Valladolid, fundamentalmente).<\/li>\n<li>Reivindicaci\u00f3n &#8220;humanista&#8221; y reconocimiento del \u00e9xito profesional.<\/li>\n<\/ul>\n<\/li>\n<li>Creaci\u00f3n de ej\u00e9rcito permanente\n<ul>\n<li>Reclutamiento medieval (suma de tropas particulares y privadas).<\/li>\n<li>Ej\u00e9rcito moderno (levas forzosas, profesional, propio, permanente, avances tecnol\u00f3gicos).<\/li>\n<li>L\u00edneas de acci\u00f3n estatales.<\/li>\n<\/ul>\n<\/li>\n<\/ul>\n<\/li>\n<\/ul>\n<ul>\n<li>5. Resistencias.\n<ul>\n<li>Desorden p\u00fablico: Santa Hermandad.\n<ul>\n<li>Origen de las hermandades (s. XI).<\/li>\n<li>Creaci\u00f3n de la Santa Hermandad (municipios de m\u00e1s de 150 habitantes; 2 jueces y una brigada de cuadrilleros; circunscripci\u00f3n de 5 leguas; juicios r\u00e1pidos).<\/li>\n<li>Reacci\u00f3n contra la nobleza.<\/li>\n<li>Control de ciudades y caminos (contra bandoleros y corsarios).<\/li>\n<li>\u00c9xito en Castilla y fracaso en la Corona de Arag\u00f3n.<\/li>\n<li>Utilizaci\u00f3n real (ej\u00e9rcito permanente de 2.000 soldados pagados con concejos y preparados para la guerra).<\/li>\n<li>Herencia futura para Espa\u00f1a (fin en 1834; creaci\u00f3n de nuevo cuerpo en 1844).<\/li>\n<\/ul>\n<\/li>\n<\/ul>\n<\/li>\n<\/ul>\n<p><strong>Clase 3<\/strong><\/p>\n<ul>\n<li>Control de las Cortes:\n<ul>\n<li>Utilidad para el rey (apoyo en leyes y proyectos, control pol\u00edtico, obtenci\u00f3n de ingresos extraordinarios).<\/li>\n<li>Funciones de las Cortes (juramentos Corona, aprobaci\u00f3n de impuestos, presentaci\u00f3n de agravios y peticiones).<\/li>\n<li>Convocatoria real.<\/li>\n<li>En Castilla (ausencia de nobles y clero, reducci\u00f3n de n\u00famero de ciudades y control de nombramientos de procuradores por los corregidores).<\/li>\n<li>En Arag\u00f3n (poder legislativo, formato triple, defensa activa de estamentos).<\/li>\n<\/ul>\n<\/li>\n<li>Autonom\u00eda municipal y corregidores.\n<ul>\n<li>Objetivo: mayor control de ciudades.<\/li>\n<li>Generalizaci\u00f3n en Castilla de la figura del corregidor (Cortes Toledo 1480).<\/li>\n<li>Funciones de los corregidores &#8211; Pragm\u00e1tica 1500 (supervivi\u00f3n gobierno regidores, autoridad judicial).<\/li>\n<li>Tipos (letras, y capa y espada).<\/li>\n<\/ul>\n<\/li>\n<li>La Iglesia:\n<ul>\n<li>Iglesia (poder econ\u00f3mico, privilegios sociales y jur\u00eddicos, influencia ideol\u00f3gica y cultural, influencia pol\u00edtica).<\/li>\n<li>Crisis moral: papado, curia pontificia-cardenales, obispos-arzobispos, dignidades-can\u00f3nigos, curas seculares (costumbres laicas-concubinato, abandono labor pastoral, deficiencias formativas), tonsurados, abades-rectores de conventos, monjes (abandono del ideal ora et labora, vida de rentas), fieles.<\/li>\n<li>Oposici\u00f3n a la Monarqu\u00eda (jurisdicci\u00f3n separada, derecho de asilo, armas espirituales).<\/li>\n<li>Objetivos reales: incrementar ingresos procedentes de la Iglesia, utilizar su influencia sobre el pueblo, controlar a la jerarqu\u00eda.<\/li>\n<li>Acciones de los RRCC para reafirmar su autoridad:\n<ul>\n<li>Judiciales: leyes para limitar n.\u00ba falsos cl\u00e9rigos, uso de la excomuni\u00f3n, derecho de asilo, derecho de seglares a apelar a tribunales laicos.<\/li>\n<li>Control de nombramientos: concesi\u00f3n y confirmaci\u00f3n del derecho de suplicaci\u00f3n (1421, 1482) y Real Patronato Universal de Granada, Canarias y Nuevo Mundo.<\/li>\n<li>Apoyo en los cardenales Tavavera y Cisneros.<\/li>\n<li>Unidad confesional: expulsi\u00f3n de jud\u00edos, conversi\u00f3n forzada de musulmanes granadinos, conquista de Or\u00e1n por Cisneros, utilizaci\u00f3n de la Inquisici\u00f3n contra judaizantes.<\/li>\n<li>Reforma del clero secular: disposiciones contra concubinato y absentistas, creaci\u00f3n de la Universidad de Alcal\u00e1, Biblia Pol\u00edglota y publicaciones en castellano.<\/li>\n<li>Reforma del clero regular: apoyo a observantes (disciplina, cumplimiento de la regla, ideal de pobreza, trabajo y oraci\u00f3n, limitaci\u00f3n de salidas, eliminaci\u00f3n de diferentes sociales en los conventos) contra claustrales, recogimiento (meditaci\u00f3n, oraci\u00f3n, autodisciplina y lectura de textos sagrados).<\/li>\n<li>Creaci\u00f3n de la Inquisici\u00f3n.<\/li>\n<\/ul>\n<\/li>\n<li><a href=\"https:\/\/www.dropbox.com\/s\/929zoe4yulft71j\/inquisicion.odp?dl=0\" target=\"_blank\">La Inquisici\u00f3n<\/a>\n<ul>\n<li>Historia: 1184 Lucio III I. &#8220;episcopal&#8221;. 1231 Gregorio IX I. &#8220;pontificia&#8221;. 1252 Inocencio IV admisi\u00f3n de tortura. 1460 Solicitud denegada a Enrique IV y env\u00edo de inquisidor pontificio. 1478 Concesi\u00f3n I. &#8220;nacional&#8221; por Sixto IV a RRCC. 1480 Nombramiento inquisidores: Miguel de Morillo y Juan de San Mart\u00edn. 1482 Extensi\u00f3n a C. Arag\u00f3n. 1483 Creaci\u00f3n Consejo I y nombramiento Tom\u00e1s de Torquemada inquisidor general.<\/li>\n<li>&#8220;Delitos&#8221;: herej\u00eda, blasfemia, solicitaci\u00f3n, brujer\u00eda, fornicaci\u00f3n libre o apolog\u00eda de la fornicaci\u00f3n libre, bigamia, sodom\u00eda, bestialismo y otras \u201cdesviaciones\u201d sexuales.<\/li>\n<li>Organizaci\u00f3n. Primero, inquisidores itinerantes. Despu\u00e9s, Consejo, tribunales territoriales: (2 inquisidores, comisarios, fiscales, jueces calificadores, alguaciles, m\u00e9dicos, familiares).<\/li>\n<li>Procedimiento: edicto de gracia (auto-denuncia), edicto de fe (delaci\u00f3n), exposici\u00f3n del denunciante, interrogatorio de testigos, juicio de calificadores, detenci\u00f3n y encarcelamiento, audiencias de monici\u00f3n, tormento, formulaci\u00f3n y anuncio de cargos, juicio, anuncio de penas en auto de fe y ejecuci\u00f3n de sentencias (reconciliados, impenitentes y relapsos).<\/li>\n<\/ul>\n<\/li>\n<\/ul>\n<\/li>\n<li>Control pol\u00edtico de la nobleza.\n<ul>\n<li>Confiscaciones de tierras.<\/li>\n<li>Negociaci\u00f3n de t\u00edtulos de deuda.<\/li>\n<li>Devoluci\u00f3n de tierras usurpadas en las guerras civil y de Sucesi\u00f3n.<\/li>\n<li>Administraci\u00f3n vitalicia de las \u00f3rdenes militares<\/li>\n<li>Premio de nobles fieles (tierras y privilegios).<\/li>\n<li>Instituci\u00f3n del mayorazgo.<\/li>\n<\/ul>\n<\/li>\n<\/ul>\n<p><a href=\"https:\/\/mega.nz\/#!9x0lQQrb!R6_8NaeIaqxcq7KFaEnD81vaB-Ka40AoPtSUwqEHE6Y\" target=\"_blank\">Presentaci\u00f3n<\/a><br \/>\n<a href=\"https:\/\/mega.nz\/#!U8cjALxZ!NqcL34qkLIc9qRT5fDU1Gmo82Ww8pDebVz4fDhur-qY\" target=\"_blank\">V\u00eddeo 1<\/a><br \/>\n<a href=\"https:\/\/mega.nz\/#!BkUQkbBb!U456Cxy80u49qkb0LlfKfzkIroE726C0ApERPHAyPOA\" target=\"_blank\">V\u00eddeo 2<\/a><\/p>\n<p>&nbsp;<\/p>\n<p><strong>Clase 4<\/strong><\/p>\n<ul>\n<li>Expulsi\u00f3n de los jud\u00edos:\n<ul>\n<li>Causas de la leyenda negra popular: car\u00e1cter inasimilable e insolidario, pr\u00e1cticas econ\u00f3micas impopulares, acusaci\u00f3n de causar cat\u00e1strofes.<\/li>\n<li>Apoyo de nobles y reyes (grandes contribuyentes de impuestos).<\/li>\n<li>A partir de finales del s. XIV concentraci\u00f3n en ciudades (vida en barrios apartados, signos distintivos en la vestimenta, participaci\u00f3n en comercio, artesan\u00eda, banca y recaudaci\u00f3n de impuestos).<\/li>\n<li>Acceso de judeoconversos a altos cargos eclesi\u00e1sticos y a la administraci\u00f3n local y estatal.<\/li>\n<li>Sospechas de judaizantes: 1449 aparici\u00f3n de estatutos de limpieza de sangre y represi\u00f3n inquisitorial.<\/li>\n<li>Decreto de expulsi\u00f3n: peligro de contaminzaci\u00f3n de judaizantes, conversi\u00f3n o expulsi\u00f3n, venta de bienes y di\u00e1spora, consecuencias leves para la econom\u00eda o la demograf\u00eda.<\/li>\n<\/ul>\n<\/li>\n<li>Pol\u00edtica exterior. Protagonismo de Fernando.\n<ul>\n<li>Responsabilidad de Fernando.<\/li>\n<li>Medios tradicionales (alianzas matrimoniales).<\/li>\n<li>Medios novedosos (red diplom\u00e1tica permanente y ej\u00e9rcito moderno).<\/li>\n<li>Intereses castellanos vs. aragoneses (l\u00edneas de distribuci\u00f3n de conquistas).<\/li>\n<\/ul>\n<\/li>\n<li>Conquista de Granada.\n<ul>\n<li>Caracter\u00edsticas del Reino Nazar\u00ed.<\/li>\n<li>Fracasos en campo abierto (Loja, M\u00e1laga y V\u00e9lez M\u00e1laga).<\/li>\n<li>Cambio de t\u00e1ctica: asedios, infanter\u00eda con armas de fuego, captura y alianza con Boabdil -hijo del emir Abdul Hassan Al\u00ed).<\/li>\n<li>Conquistas al oeste y al este (ver mapa).<\/li>\n<li>Toma de Granada desde Santa Fe.<\/li>\n<li>Conversiones (Talavera y Cisneros-revuelta del Albaic\u00edn y la Alpujarra).<\/li>\n<li>Conversi\u00f3n forzada 1501.<\/li>\n<\/ul>\n<\/li>\n<li>Expansi\u00f3n atl\u00e1ntica y descubrimiento del Nuevo Mundo\n<ul>\n<li>Conquista de Canarias (1402 Lanzarote; 1452 Gomera; 1483 Gran Canaria; 1492 La Palma; 1495 Tenerife; importancia para navegaci\u00f3n atl\u00e1ntica como escala y laboratorio administrativo).<\/li>\n<li>Regulaci\u00f3n hispano-portuguesa de intereses atl\u00e1nticos: bulas alejandrinas y Tratado de Tordesillas.<\/li>\n<\/ul>\n<\/li>\n<li>Recuperaci\u00f3n del Rosell\u00f3n y la Cerda\u00f1a\n<ul>\n<li>Tratado de Bayona 1462 de Juan II y Luis XI: cesi\u00f3n a Francia a cambio de ayuda en la Guerra de los Remensas.<\/li>\n<li>Tratado de Barcelona 1493: Fernando II y Carlos VIII; renuncia aragonesa a intervenir en Italia a cambio de devoluci\u00f3n.<\/li>\n<li>Incumplimiento de Fernando del tratado por cl\u00e1usulas menores: defensa de la Santa Sede y de derechos din\u00e1sticos en N\u00e1poles.<\/li>\n<\/ul>\n<\/li>\n<li>Guerras de Italia\n<ul>\n<li>Bloqueo diplom\u00e1tico de Francia (alianzas matrimoniales): Portugal, Inglaterra y el Imperio.<\/li>\n<li>Intereses expansivos en Italia.<\/li>\n<li>1.\u00aa guerra de Italia: muerte de Ferrante I (1494, hijo ileg\u00edtimo de Alfonso V de Arag\u00f3n), sucesi\u00f3n por Alfonso II, resignaci\u00f3n en Ferrante II, invasi\u00f3n de Carlos VIII (1495), formaci\u00f3n de Liga Santa -Papado, Imperio, M. Hisp\u00e1nica, G\u00e9nova, Mil\u00e1n, Venecia-, intervenci\u00f3n del Gran Capit\u00e1n, concesi\u00f3n de t\u00edtulo de Cat\u00f3lico a Fernando (1496).<\/li>\n<li>2.\u00aa guerra de Italia: muerte de Ferrante II (1496), sucesi\u00f3n por Fadrique I (hijo de Ferrante I), tratado de Chambord-Granada entre Fernando y Luis XII para conquista de RN\u00e1poles, disputa por Basilicata, superioridad num\u00e9rica francesa, triunfo aragon\u00e9s tras Cerignola y El Garigliano (1503), paz de Lyon (1503), Gran Capit\u00e1n = virrey, tratado de Blois (1505) =&gt; Fernando reconocido rey, destituci\u00f3n del Gran Capit\u00e1n por Ram\u00f3n Folch de Cardona, cuentas del Gran Capit\u00e1n.<\/li>\n<\/ul>\n<\/li>\n<li>Muerte de Isabel la Cat\u00f3lica y regencia.\n<ul>\n<li>L\u00ednea de sucesi\u00f3n.<\/li>\n<li>Muerte de Isabel (1504; c\u00e1ncer de \u00fatero).<\/li>\n<li>Fernando, gobernador de Castilla.<\/li>\n<li>Reacci\u00f3n de Felipe.<\/li>\n<li>Tratado de Blois.<\/li>\n<li>Concordias de Salamanca y Benavente: renuncia de Fernando a cambio de rentas; viaje a N\u00e1poles.<\/li>\n<li>Reconocimiento de Juana como reina y Felipe como consorte (Cortes de Valladolid).<\/li>\n<li>Muerte de Felipe poco despu\u00e9s (1506).<\/li>\n<li>Regencia de Cisneros hasta vuelta de Fernando.<\/li>\n<\/ul>\n<\/li>\n<li>Anexi\u00f3n de Navarra\n<ul>\n<li>Escenario de la tensi\u00f3n franco-hisp\u00e1nica.<\/li>\n<li>Muerte de Blanca I: guerra civil entre partidarios de Juan II de Arag\u00f3n y el pr\u00edncipe Carlos de Viana (heredero leg\u00edtimo).<\/li>\n<li>La guerra perdura tras la muerte de los candidatos.<\/li>\n<li>Separaci\u00f3n en dos grupos: agramonteses (partidarios de Juan II y los aragoneses; y despu\u00e9s aliados de los franceses; beaumonteses (partidarios de Carlos y con el apoyo castellano).<\/li>\n<li>Derechos de Fernando por matrimonio con Germana de Foix (bisnieta de Blanca I).<\/li>\n<li>Apoyo de invasi\u00f3n de la Guyena por Enrique VIII.<\/li>\n<li>Tratos de Navarra con Luis XII.<\/li>\n<li>Conquista por el duque de Alba, apoyado por los beaumonteses (1512).<\/li>\n<li>Fernado es reconocido rey (Cortes de Pamplona 1513), con el apoyo del papa.<\/li>\n<li>Cortes de Burgos 1515: Navarra pasa a la Corona de Castilla.<\/li>\n<\/ul>\n<\/li>\n<li>Muerte de Fernando el Cat\u00f3lico.\n<ul>\n<li>Regencia de Fernando (1507- muerte en 1516 -abuso de cant\u00e1rida).<\/li>\n<li>Nacimiento de Juan (con Germana de Foix; muerto a las pocas horas).<\/li>\n<li>Regencia de Cisneros hasta la llegada de Carlos I.<\/li>\n<\/ul>\n<\/li>\n<\/ul>\n<p>&nbsp;<\/p>\n","protected":false},"excerpt":{"rendered":"<p>Clase 1 Presentaci\u00f3n &#8220;Espa\u00f1a&#8221; La &#8220;Espa\u00f1a&#8221; prerromana. La Hispania romana. La &#8220;Espa\u00f1a&#8221; visigoda. La invasi\u00f3n musulmana. La &#8220;Reconquista&#8221;. La formaci\u00f3n de los reinos cristianos: Portugal, la Corona de Arag\u00f3n y Castilla. La crisis de los siglos XIV y XV en Castilla y Arag\u00f3n. La uni\u00f3n de las dos coronas bajo los RR. CC. V\u00eddeo sobre [&hellip;]<\/p>\n","protected":false},"author":936,"featured_media":0,"parent":2,"menu_order":1,"comment_status":"open","ping_status":"closed","template":"","meta":{"footnotes":""},"class_list":["post-168","page","type-page","status-publish","hentry"],"_links":{"self":[{"href":"https:\/\/blogs.ua.es\/historiamoderna\/wp-json\/wp\/v2\/pages\/168","targetHints":{"allow":["GET"]}}],"collection":[{"href":"https:\/\/blogs.ua.es\/historiamoderna\/wp-json\/wp\/v2\/pages"}],"about":[{"href":"https:\/\/blogs.ua.es\/historiamoderna\/wp-json\/wp\/v2\/types\/page"}],"author":[{"embeddable":true,"href":"https:\/\/blogs.ua.es\/historiamoderna\/wp-json\/wp\/v2\/users\/936"}],"replies":[{"embeddable":true,"href":"https:\/\/blogs.ua.es\/historiamoderna\/wp-json\/wp\/v2\/comments?post=168"}],"version-history":[{"count":32,"href":"https:\/\/blogs.ua.es\/historiamoderna\/wp-json\/wp\/v2\/pages\/168\/revisions"}],"predecessor-version":[{"id":309,"href":"https:\/\/blogs.ua.es\/historiamoderna\/wp-json\/wp\/v2\/pages\/168\/revisions\/309"}],"up":[{"embeddable":true,"href":"https:\/\/blogs.ua.es\/historiamoderna\/wp-json\/wp\/v2\/pages\/2"}],"wp:attachment":[{"href":"https:\/\/blogs.ua.es\/historiamoderna\/wp-json\/wp\/v2\/media?parent=168"}],"curies":[{"name":"wp","href":"https:\/\/api.w.org\/{rel}","templated":true}]}}