{"id":186,"date":"2012-09-08T11:40:43","date_gmt":"2012-09-08T09:40:43","guid":{"rendered":"https:\/\/blogs.ua.es\/historiamoderna\/?page_id=186"},"modified":"2012-09-08T11:43:02","modified_gmt":"2012-09-08T09:43:02","slug":"descarga-de-esquemas","status":"publish","type":"page","link":"https:\/\/blogs.ua.es\/historiamoderna\/descarga-de-esquemas\/","title":{"rendered":"Descarga de esquemas"},"content":{"rendered":"<ul>\n<li>Tema 1. <a href=\"https:\/\/docs.google.com\/open?id=0B808kXrSGSKCZUFBRy0tSXBWczg\" target=\"_blank\">La configuraci\u00f3n de la Monarqu\u00eda Hisp\u00e1nica: los Reyes Cat\u00f3licos<\/a><\/li>\n<li>Tema 2. <a href=\"https:\/\/docs.google.com\/open?id=0B808kXrSGSKCdURncjVKMGZBcGs\" target=\"_blank\">Carlos I y la idea imperial<\/a><\/li>\n<li>Tema 3. <a href=\"https:\/\/docs.google.com\/open?id=0B808kXrSGSKCU0lnRGdudUlwaDQ\" target=\"_blank\">La Monarqu\u00eda Hisp\u00e1nica de Felipe II<\/a><\/li>\n<\/ul>\n<p>&nbsp;<\/p>\n<p><em>Nota: Para descargar el pdf, pinchar en &#8220;Archivo&#8221; y en &#8220;Descargar&#8221;.<\/em><\/p>\n","protected":false},"excerpt":{"rendered":"<p>Tema 1. La configuraci\u00f3n de la Monarqu\u00eda Hisp\u00e1nica: los Reyes Cat\u00f3licos Tema 2. Carlos I y la idea imperial Tema 3. La Monarqu\u00eda Hisp\u00e1nica de Felipe II &nbsp; Nota: Para descargar el pdf, pinchar en &#8220;Archivo&#8221; y en &#8220;Descargar&#8221;.<\/p>\n","protected":false},"author":936,"featured_media":0,"parent":0,"menu_order":0,"comment_status":"open","ping_status":"open","template":"","meta":{"footnotes":""},"class_list":["post-186","page","type-page","status-publish","hentry"],"_links":{"self":[{"href":"https:\/\/blogs.ua.es\/historiamoderna\/wp-json\/wp\/v2\/pages\/186","targetHints":{"allow":["GET"]}}],"collection":[{"href":"https:\/\/blogs.ua.es\/historiamoderna\/wp-json\/wp\/v2\/pages"}],"about":[{"href":"https:\/\/blogs.ua.es\/historiamoderna\/wp-json\/wp\/v2\/types\/page"}],"author":[{"embeddable":true,"href":"https:\/\/blogs.ua.es\/historiamoderna\/wp-json\/wp\/v2\/users\/936"}],"replies":[{"embeddable":true,"href":"https:\/\/blogs.ua.es\/historiamoderna\/wp-json\/wp\/v2\/comments?post=186"}],"version-history":[{"count":3,"href":"https:\/\/blogs.ua.es\/historiamoderna\/wp-json\/wp\/v2\/pages\/186\/revisions"}],"predecessor-version":[{"id":188,"href":"https:\/\/blogs.ua.es\/historiamoderna\/wp-json\/wp\/v2\/pages\/186\/revisions\/188"}],"wp:attachment":[{"href":"https:\/\/blogs.ua.es\/historiamoderna\/wp-json\/wp\/v2\/media?parent=186"}],"curies":[{"name":"wp","href":"https:\/\/api.w.org\/{rel}","templated":true}]}}