{"id":212,"date":"2012-09-18T00:35:46","date_gmt":"2012-09-17T22:35:46","guid":{"rendered":"https:\/\/blogs.ua.es\/historiamoderna\/?page_id=212"},"modified":"2012-09-18T14:21:22","modified_gmt":"2012-09-18T12:21:22","slug":"rr-cc-cronologia","status":"publish","type":"page","link":"https:\/\/blogs.ua.es\/historiamoderna\/reyes-catolicos\/rr-cc-cronologia\/","title":{"rendered":"RR. CC. &#8211; Cronolog\u00eda"},"content":{"rendered":"<p><strong>Cronolog\u00eda<\/strong><\/p>\n<p><em><strong>El acceso al poder de los RR. CC.<\/strong><\/em><\/p>\n<ul>\n<li>1419. Matrimonio de\u00a0<a href=\"http:\/\/es.wikipedia.org\/wiki\/Juan_II_de_Arag%C3%B3n\" target=\"_blank\">Juan II de Arag\u00f3n<\/a> con <a href=\"http:\/\/es.wikipedia.org\/wiki\/Blanca_I_de_Navarra\" target=\"_blank\">Blanca I de Navarra<\/a>.<\/li>\n<li>1421. Nacimiento de <a href=\"http:\/\/es.wikipedia.org\/wiki\/Carlos_de_Viana\" target=\"_blank\">Carlos de Viana<\/a>, hijo primog\u00e9nito de Juan II y Blanca I.<\/li>\n<li>1425. Nacimiento de <a href=\"http:\/\/es.wikipedia.org\/wiki\/Enrique_IV_el_Impotente\" target=\"_blank\">Enrique<\/a> (padres:\u00a0<a href=\"http:\/\/es.wikipedia.org\/wiki\/Juan_II_de_Castilla\" target=\"_blank\">Juan II de Castilla<\/a> y <a href=\"http:\/\/es.wikipedia.org\/wiki\/Mar%C3%ADa_de_Arag%C3%B3n_%28reina_de_Castilla%29\" target=\"_blank\">Maria de Arag\u00f3n<\/a>). Proclamaci\u00f3n de Juan II y Blanca como reyes de Navarra tras la muerte de Carlos III.<\/li>\n<li>1440. Enrique, casado a los 15 a\u00f1os con <a href=\"http:\/\/es.wikipedia.org\/wiki\/Blanca_II_de_Navarra\" target=\"_blank\">Blanca II de Navarra.<\/a><\/li>\n<li>1441. Muerte de Blanca I de Navarra. Carlos de Viana es nombrado lugarteniente general de Navarra (por la oposici\u00f3n de su padre Juan II a que sea rey).<\/li>\n<li>1447. Juan II se casa con <a href=\"http:\/\/es.wikipedia.org\/wiki\/Juana_Enr%C3%ADquez\" target=\"_blank\">Juana Enr\u00edquez<\/a> (incrementando el descontento de Carlos de Viana).<\/li>\n<li>1451. Estallido de la guerra civil en Navarra: Juan II vs. Carlos de Viana.<\/li>\n<li>1452. Victoria de Juan II en la guerra de Navarra.<\/li>\n<li>1451. Nacimiento de <a href=\"http:\/\/images.google.es\/images?q=Isabel+la+Cat%C3%B3lica&amp;oe=utf-8&amp;rls=org.mozilla:es-ES:official&amp;client=firefox-a&amp;um=1&amp;ie=UTF-8&amp;ei=6Sm6SprSMs_KjAfD6M30BQ&amp;sa=X&amp;oi=image_result_group&amp;ct=title&amp;resnum=5\" target=\"_blank\">Isabel de Castilla<\/a> (padres: Juan II de Castilla e <a href=\"http:\/\/es.wikipedia.org\/wiki\/Isabel_de_Portugal,_reina_de_Castilla\" target=\"_blank\">Isabel de Portugal<\/a>).<\/li>\n<li>1452. Nacimiento de <a href=\"http:\/\/images.google.es\/images?hl=es&amp;safe=off&amp;client=firefox-a&amp;rls=org.mozilla:es-ES:official&amp;hs=GtS&amp;num=100&amp;q=fernando%20el%20cat%C3%B3lico&amp;um=1&amp;ie=UTF-8&amp;sa=N&amp;tab=wi\" target=\"_blank\">Fernando de Arag\u00f3n<\/a> (padres: Juan II de Arag\u00f3n y su segunda esposa Juana Enr\u00edquez).<\/li>\n<li>1453. Matrimonio declarado nulo por impotencia por maleficio.<\/li>\n<li>1453. Ejecuci\u00f3n del valido de Juan II de Castilla: <a href=\"http:\/\/es.wikipedia.org\/wiki\/%C3%81lvaro_de_Luna\" target=\"_blank\">\u00c1lvaro de Luna<\/a>.<\/li>\n<li>1454. Muerte de Juan II: Enrique IV, rey.<\/li>\n<li>1455 Matrimonio con <a href=\"http:\/\/es.wikipedia.org\/wiki\/Juana_de_Portugal\" target=\"_blank\">Juana de Portugal<\/a>.<\/li>\n<li>1456. Alianza con <a href=\"http:\/\/es.wikipedia.org\/wiki\/Alfonso_V_de_Portugal\" target=\"_blank\">Alfonso V de Portugal<\/a>.<\/li>\n<li>Nobleza con influencia: Juan Pacheco (marqu\u00e9s de Villena) y su hermano Pedro Gir\u00f3n (maestre de Calatrava).<\/li>\n<li>1458. Muerte de <a href=\"http:\/\/es.wikipedia.org\/wiki\/Alfonso_V_de_Arag%C3%B3n\" target=\"_blank\">Alfonso V de Arag\u00f3n<\/a>: su hermano Juan II, rey.<\/li>\n<li>1461. Muerte de Carlos de Viana.<\/li>\n<li>1462. Nacimiento de la infanta <a href=\"http:\/\/es.wikipedia.org\/wiki\/Juana_la_Beltraneja\" target=\"_blank\">Juana<\/a> y reconocimiento en Cortes como princesa de Asturias.<\/li>\n<li>Nobleza con influencia: Mendoza y Beltr\u00e1n de la Cueva.<\/li>\n<li>1464. Formaci\u00f3n de la Liga nobiliaria (apartar a Juana de la sucesi\u00f3n, controlar a Alfonso e Isabel). Desprestigio del rey: la Beltraneja.<\/li>\n<li>1464. Acuerdo de boda de <a href=\"http:\/\/es.wikipedia.org\/wiki\/Alfonso_de_Castilla\" target=\"_blank\">Alfonso<\/a> y Juana; control de Alfonso por la Liga nobiliaria. Rechazo de Isabel de boda con Alfonso V de Portugal.<\/li>\n<li>1465. Imposici\u00f3n nobiliaria de nuevas condiciones. Enrique se opone. Farsa de \u00c1vila y entronizaci\u00f3n de &#8220;Alfonso XII&#8221; con 11 a\u00f1os. Guerra civil.<\/li>\n<li>1468. Muerte de Alfonso (quiz\u00e1 envenenado, aunque peste = raz\u00f3n oficial). Isabel, candidata a reina. Refuerzo de ilegitimidad de Juana (por la anulaci\u00f3n de la primera boda de Enrique).<\/li>\n<li>1468. Acuerdo de Toros de Guisando. Isabel reconoce a Enrique IV como rey a cambio de ser princesa de Asturias en lugar de Juana. Enrique se reserva el derecho de casar a su hermanastra con quien quiera. Isabel rechaza candidatos de Enrique: Alfonso V, duque de Guyena (hermano de Luis XI de Francia).<\/li>\n<li>1469. Isabel se casa en secreto y de forma clandestina con su primo Fernando de Arag\u00f3n (con bula papal falsa supuesamente expedida por P\u00edo II en 1464, aportada por <a href=\"http:\/\/es.wikipedia.org\/wiki\/Rodrigo_Borgia\" target=\"_blank\">Rodrigo de Borja<\/a> -futuro Alejandro VI, papa &#8220;Borgia&#8221;-). Enrique nombra heredera a Juana.<\/li>\n<li>1470-1474. Anarqu\u00eda. Isabel y Fernando logran adhesiones para su causa.<\/li>\n<li>1471. El arzobispo Carrillo consigue bula papal de Sixto IV.<\/li>\n<li>1474. Muerte de Pacheco. Muerte de Enrique IV. Isabel se corona reina de Castilla en Segovia. Inicio de la guerra de sucesi\u00f3n.<\/li>\n<li>1475. Boda de Juana con Alfonso V de Portugal. Invasi\u00f3n de Castilla. Concordia de Segovia con Isabel.<\/li>\n<li>1476. Victoria de Fernando en Toro. La mayor parte de la nobleza castellana se pasa al bando de Isabel.<\/li>\n<li>1479. Muerte de Juan II: Fernando II, rey de Arag\u00f3n. Tratado de Alca\u00e7ovas. Retiro de Juana a <a href=\"http:\/\/www.google.es\/images?q=santa%20clara%20de%20coimbra&amp;oe=utf-8&amp;rls=org.mozilla:es-ES:official&amp;client=firefox-a&amp;um=1&amp;ie=UTF-8&amp;source=og&amp;sa=N&amp;hl=es&amp;tab=wi&amp;biw=1848&amp;bih=963\" target=\"_blank\">Santa Clara de Coimbra<\/a>, reconocimiento de Isabel como reina, respeto de intereses portugueses en \u00c1frica.<\/li>\n<\/ul>\n<p>&nbsp;<\/p>\n<p><strong>Nota sobre el parentesco de los RR. CC.<\/strong><\/p>\n<ul>\n<li>Los abuelos de los RR. CC. eran hermanos: <a href=\"http:\/\/es.wikipedia.org\/wiki\/Enrique_III_de_Castilla\">Enrique III el Doliente<\/a> de Castilla y <a href=\"http:\/\/es.wikipedia.org\/wiki\/Fernando_I_de_Arag%C3%B3n\" target=\"_blank\">Fernando I de Arag\u00f3n<\/a>.<\/li>\n<ul>\n<li>Enrique III tuvo a Juan II de Castilla (padre de Isabel).<\/li>\n<li>Fernando I tuvo a Juan II de Arag\u00f3n (padre de Fernando).<\/li>\n<\/ul>\n<li>Juan II de Castilla se cas\u00f3 dos veces:<\/li>\n<ul>\n<li>Con su prima hermana Mar\u00eda de Arag\u00f3n (hija de Fernando I y hermana de Juan II), con quien tuvo a Enrique IV. El <em>Impotente<\/em> se cas\u00f3 con Blanca I de Navarra y luego con Juana de Portugal (hermana del rey Alfonso V de Portugal)<\/li>\n<li>Con Isabel de Portugal (con quien tuvo a Isabel y a Alfonso).<\/li>\n<\/ul>\n<li>Juan II de Arag\u00f3n se cas\u00f3 de veces:<\/li>\n<ul>\n<li>Con Blanca I de Navarra (con quien tuvo a Carlos de Viana).<\/li>\n<li>Con Juana Enr\u00edquez (con quien tuvo a Fernando el <em>Cat\u00f3lico<\/em>).<\/li>\n<\/ul>\n<\/ul>\n<p>&nbsp;<\/p>\n<p>&nbsp;<\/p>\n","protected":false},"excerpt":{"rendered":"<p>Cronolog\u00eda El acceso al poder de los RR. CC. 1419. Matrimonio de\u00a0Juan II de Arag\u00f3n con Blanca I de Navarra. 1421. Nacimiento de Carlos de Viana, hijo primog\u00e9nito de Juan II y Blanca I. 1425. Nacimiento de Enrique (padres:\u00a0Juan II de Castilla y Maria de Arag\u00f3n). Proclamaci\u00f3n de Juan II y Blanca como reyes de [&hellip;]<\/p>\n","protected":false},"author":936,"featured_media":0,"parent":2,"menu_order":5,"comment_status":"open","ping_status":"open","template":"","meta":{"footnotes":""},"class_list":["post-212","page","type-page","status-publish","hentry"],"_links":{"self":[{"href":"https:\/\/blogs.ua.es\/historiamoderna\/wp-json\/wp\/v2\/pages\/212","targetHints":{"allow":["GET"]}}],"collection":[{"href":"https:\/\/blogs.ua.es\/historiamoderna\/wp-json\/wp\/v2\/pages"}],"about":[{"href":"https:\/\/blogs.ua.es\/historiamoderna\/wp-json\/wp\/v2\/types\/page"}],"author":[{"embeddable":true,"href":"https:\/\/blogs.ua.es\/historiamoderna\/wp-json\/wp\/v2\/users\/936"}],"replies":[{"embeddable":true,"href":"https:\/\/blogs.ua.es\/historiamoderna\/wp-json\/wp\/v2\/comments?post=212"}],"version-history":[{"count":11,"href":"https:\/\/blogs.ua.es\/historiamoderna\/wp-json\/wp\/v2\/pages\/212\/revisions"}],"predecessor-version":[{"id":214,"href":"https:\/\/blogs.ua.es\/historiamoderna\/wp-json\/wp\/v2\/pages\/212\/revisions\/214"}],"up":[{"embeddable":true,"href":"https:\/\/blogs.ua.es\/historiamoderna\/wp-json\/wp\/v2\/pages\/2"}],"wp:attachment":[{"href":"https:\/\/blogs.ua.es\/historiamoderna\/wp-json\/wp\/v2\/media?parent=212"}],"curies":[{"name":"wp","href":"https:\/\/api.w.org\/{rel}","templated":true}]}}