{"id":100,"date":"2014-01-15T22:42:44","date_gmt":"2014-01-15T22:42:44","guid":{"rendered":"https:\/\/blogs.ua.es\/historiamonfortedelcid\/?page_id=100"},"modified":"2014-01-15T22:42:44","modified_gmt":"2014-01-15T22:42:44","slug":"valoracion","status":"publish","type":"page","link":"https:\/\/blogs.ua.es\/historiamonfortedelcid\/valoracion\/","title":{"rendered":"Valoraci\u00f3n"},"content":{"rendered":"<p>Una vez concluidas las entradas de este blog podemos sacar varias conclusiones en claro. En primer lugar tenemos que destacar que la informaci\u00f3n para un municipio tan peque\u00f1o en la Edad Moderna ha sido un tanto reducida y nos ha costado encontrar las fuentes, siendo la mayor\u00eda de ellas publicaciones de car\u00e1cter local. Por lo tanto, podemos establecer que para un mayor conocimiento del periodo Moderno en el municipio de Monforte ser\u00eda conveniente realizar un trabajo de investigaci\u00f3n en los archivos.<\/p>\n<p>Otra conclusi\u00f3n ser\u00eda que Monforte, pese a ser de una entidad reducida tanto demogr\u00e1fica como pol\u00edticamente tiene una historia muy jugosa que es digna de salir a la luz, lo que nos demuestra que la Historia no est\u00e1 s\u00f3lo en las grandes ciudades y los grandes personajes, sino tambi\u00e9n en los aspectos cotidianos de poblaciones menos importantes y en sus gentes.<\/p>\n<p>El estudio sobre Monforte en la Edad Moderna nos ha permitido conocer nuevos aspectos sobre este periodo en nuestra regi\u00f3n y reafirmar muchas premisas que llev\u00e1bamos tiempo escuchando en clases y leyendo en libros, pero que ahora hemos podido corroborar a trav\u00e9s del estudio directo sobre esos aspectos.<\/p>\n<p>Por todo ello, y para concluir, errar\u00edamos al pensar que con el estudio realizado la Historia Moderna de Monforte del Cid ya est\u00e1 todo sabida, ya que pese a que hemos desgranados muchos aspectos de esta \u00e9poca, todav\u00eda son mucho m\u00e1s numerosas aquellas historias que encierran los documentos y que nos podr\u00edan hablar mejor acerca de este peque\u00f1o pero gran pueblo.<\/p>\n","protected":false},"excerpt":{"rendered":"<p>Una vez concluidas las entradas de este blog podemos sacar varias conclusiones en claro. En primer lugar tenemos que destacar que la informaci\u00f3n para un municipio tan peque\u00f1o en la Edad Moderna ha sido un tanto reducida y nos ha &hellip; <a href=\"https:\/\/blogs.ua.es\/historiamonfortedelcid\/valoracion\/\">Continue reading <span class=\"meta-nav\">&rarr;<\/span><\/a><\/p>\n","protected":false},"author":3164,"featured_media":0,"parent":0,"menu_order":0,"comment_status":"open","ping_status":"open","template":"","meta":{"footnotes":""},"class_list":["post-100","page","type-page","status-publish","hentry"],"_links":{"self":[{"href":"https:\/\/blogs.ua.es\/historiamonfortedelcid\/wp-json\/wp\/v2\/pages\/100","targetHints":{"allow":["GET"]}}],"collection":[{"href":"https:\/\/blogs.ua.es\/historiamonfortedelcid\/wp-json\/wp\/v2\/pages"}],"about":[{"href":"https:\/\/blogs.ua.es\/historiamonfortedelcid\/wp-json\/wp\/v2\/types\/page"}],"author":[{"embeddable":true,"href":"https:\/\/blogs.ua.es\/historiamonfortedelcid\/wp-json\/wp\/v2\/users\/3164"}],"replies":[{"embeddable":true,"href":"https:\/\/blogs.ua.es\/historiamonfortedelcid\/wp-json\/wp\/v2\/comments?post=100"}],"version-history":[{"count":1,"href":"https:\/\/blogs.ua.es\/historiamonfortedelcid\/wp-json\/wp\/v2\/pages\/100\/revisions"}],"predecessor-version":[{"id":101,"href":"https:\/\/blogs.ua.es\/historiamonfortedelcid\/wp-json\/wp\/v2\/pages\/100\/revisions\/101"}],"wp:attachment":[{"href":"https:\/\/blogs.ua.es\/historiamonfortedelcid\/wp-json\/wp\/v2\/media?parent=100"}],"curies":[{"name":"wp","href":"https:\/\/api.w.org\/{rel}","templated":true}]}}