{"id":104,"date":"2014-01-15T22:58:48","date_gmt":"2014-01-15T22:58:48","guid":{"rendered":"https:\/\/blogs.ua.es\/historiamonfortedelcid\/?page_id=104"},"modified":"2014-01-15T22:58:48","modified_gmt":"2014-01-15T22:58:48","slug":"introduccion-historica","status":"publish","type":"page","link":"https:\/\/blogs.ua.es\/historiamonfortedelcid\/introduccion-historica\/","title":{"rendered":"Introducci\u00f3n hist\u00f3rica"},"content":{"rendered":"<p>Hablar de Monforte del Cid es hablar de historia. Es una localidad que ha albergado a distintas culturas a lo largo de sus a\u00f1os.<\/p>\n<p>Sus primeros restos de poblamiento datan de \u00e9poca prehist\u00f3rica. Pero la importancia de Monforte comenzar\u00eda a construirse con los \u00edberos, como bien nos muestran los numerosos hallazgos de esta \u00e9poca encontrados en el t\u00e9rmino municipal de Monforte, destacando sobre todo el toro ib\u00e9rico.<\/p>\n<p>Durante el periodo romano tambi\u00e9n fue ocupado, encontr\u00e1ndonos una importante villa dentro del territorio monfortino que adem\u00e1s nos ha dejado importantes restos arqueol\u00f3gicos como la famosa l\u00e1pida romana.<\/p>\n<p>Tambi\u00e9n habitar\u00edan por estas tierras los visigodos tras la ca\u00edda del Imperio Romano. Es muy poca la informaci\u00f3n que tenemos de este periodo, al igual que sucede posteriormente durante la ocupaci\u00f3n musulmana de estas tierras. Del periodo musulm\u00e1n sabemos que comienza a desarrollarse el n\u00facleo poblacional actual de Monforte del Cid. Durante estos a\u00f1os Monforte sufre todas los cambios territoriales al igual que el resto de poblaciones, pasando tanto por el Emirato, las Taifas, y el Califato.<\/p>\n<p>Su reconquista ser\u00eda llevada a cabo a mediados del S. XIII, a manos del infante Don Alfonso de Castilla (futuro Alfonso X el Sabio). As\u00ed, Monforte queda en manos del Reino de Castilla, como se hab\u00eda pactado previamente en el Tratado de Almizra de 1244. Tras la conquista, comienzan a llegar contingentes poblacionales de Castilla, lo que explica que en la actualidad Monforte sea un pueblo mayoritariamente castellano-parlante. Unos a\u00f1os m\u00e1s tarde, con el Tratado de Elche de 1305 Monforte quedar\u00eda en manos de la Corona de Arag\u00f3n definitivamente, pasando a pertenecer exactamente al Reino de Valencia.<\/p>\n<p>Sobre la Edad Moderna, invitamos al lector a consultar las distintas entradas de este blog, pues nada mejor que leerlas para conocer un poco de la Modernidad en Monforte.<\/p>\n<p>Ya en la Edad Contempor\u00e1nea, podemos destacar que el pueblo de Monforte fue creciendo hasta ser lo que es hoy en d\u00eda, pasando por momentos dif\u00edciles como la Guerra Civil.<\/p>\n","protected":false},"excerpt":{"rendered":"<p>Hablar de Monforte del Cid es hablar de historia. Es una localidad que ha albergado a distintas culturas a lo largo de sus a\u00f1os. Sus primeros restos de poblamiento datan de \u00e9poca prehist\u00f3rica. Pero la importancia de Monforte comenzar\u00eda a &hellip; <a href=\"https:\/\/blogs.ua.es\/historiamonfortedelcid\/introduccion-historica\/\">Continue reading <span class=\"meta-nav\">&rarr;<\/span><\/a><\/p>\n","protected":false},"author":3164,"featured_media":0,"parent":0,"menu_order":0,"comment_status":"open","ping_status":"open","template":"","meta":{"footnotes":""},"class_list":["post-104","page","type-page","status-publish","hentry"],"_links":{"self":[{"href":"https:\/\/blogs.ua.es\/historiamonfortedelcid\/wp-json\/wp\/v2\/pages\/104","targetHints":{"allow":["GET"]}}],"collection":[{"href":"https:\/\/blogs.ua.es\/historiamonfortedelcid\/wp-json\/wp\/v2\/pages"}],"about":[{"href":"https:\/\/blogs.ua.es\/historiamonfortedelcid\/wp-json\/wp\/v2\/types\/page"}],"author":[{"embeddable":true,"href":"https:\/\/blogs.ua.es\/historiamonfortedelcid\/wp-json\/wp\/v2\/users\/3164"}],"replies":[{"embeddable":true,"href":"https:\/\/blogs.ua.es\/historiamonfortedelcid\/wp-json\/wp\/v2\/comments?post=104"}],"version-history":[{"count":1,"href":"https:\/\/blogs.ua.es\/historiamonfortedelcid\/wp-json\/wp\/v2\/pages\/104\/revisions"}],"predecessor-version":[{"id":105,"href":"https:\/\/blogs.ua.es\/historiamonfortedelcid\/wp-json\/wp\/v2\/pages\/104\/revisions\/105"}],"wp:attachment":[{"href":"https:\/\/blogs.ua.es\/historiamonfortedelcid\/wp-json\/wp\/v2\/media?parent=104"}],"curies":[{"name":"wp","href":"https:\/\/api.w.org\/{rel}","templated":true}]}}