{"id":9,"date":"2013-09-17T09:36:36","date_gmt":"2013-09-17T09:36:36","guid":{"rendered":"https:\/\/blogs.ua.es\/historiamonfortedelcid\/?page_id=9"},"modified":"2014-01-15T22:45:19","modified_gmt":"2014-01-15T22:45:19","slug":"presentacion","status":"publish","type":"page","link":"https:\/\/blogs.ua.es\/historiamonfortedelcid\/presentacion\/","title":{"rendered":"Presentaci\u00f3n"},"content":{"rendered":"<p>Hola.<\/p>\n<p>Somos 3 alumnos de 5\u00ba curso de la Licenciatura de Historia. Nuestros nombres son Guillermo D. Villar Terol, Diego T. Guill\u00e9n Gran y Carlos Mateo Ortu\u00f1o. Este blog surge como parte de la asignatura Historia Moderna del Pa\u00eds Valenciano, y en \u00e9l vamos a estudiar la localidad de Monforte del Cid durante la Edad Moderna, tratando diversos aspectos como pol\u00edtica, cultura, econom\u00eda, administraci\u00f3n, poblaci\u00f3n y sociedad.<\/p>\n<p>As\u00ed, a lo largo de todas las entradas de este blog pretendemos acercar al \u00a0lector la historia de un municipio con mucha tradici\u00f3n como es Monforte del Cid, buscando adem\u00e1s despertar la curiosidad en todo aqu\u00e9l monfortino sobre la historia de su pueblo. Y no s\u00f3lo para los habitantes de Monforte, sino para todo aquel que guste de conocer un poco m\u00e1s la historia de la tierra que nos rodea.<\/p>\n","protected":false},"excerpt":{"rendered":"<p>Hola. Somos 3 alumnos de 5\u00ba curso de la Licenciatura de Historia. Nuestros nombres son Guillermo D. Villar Terol, Diego T. Guill\u00e9n Gran y Carlos Mateo Ortu\u00f1o. Este blog surge como parte de la asignatura Historia Moderna del Pa\u00eds Valenciano, &hellip; <a href=\"https:\/\/blogs.ua.es\/historiamonfortedelcid\/presentacion\/\">Continue reading <span class=\"meta-nav\">&rarr;<\/span><\/a><\/p>\n","protected":false},"author":3164,"featured_media":0,"parent":0,"menu_order":0,"comment_status":"open","ping_status":"open","template":"","meta":{"footnotes":""},"class_list":["post-9","page","type-page","status-publish","hentry"],"_links":{"self":[{"href":"https:\/\/blogs.ua.es\/historiamonfortedelcid\/wp-json\/wp\/v2\/pages\/9","targetHints":{"allow":["GET"]}}],"collection":[{"href":"https:\/\/blogs.ua.es\/historiamonfortedelcid\/wp-json\/wp\/v2\/pages"}],"about":[{"href":"https:\/\/blogs.ua.es\/historiamonfortedelcid\/wp-json\/wp\/v2\/types\/page"}],"author":[{"embeddable":true,"href":"https:\/\/blogs.ua.es\/historiamonfortedelcid\/wp-json\/wp\/v2\/users\/3164"}],"replies":[{"embeddable":true,"href":"https:\/\/blogs.ua.es\/historiamonfortedelcid\/wp-json\/wp\/v2\/comments?post=9"}],"version-history":[{"count":4,"href":"https:\/\/blogs.ua.es\/historiamonfortedelcid\/wp-json\/wp\/v2\/pages\/9\/revisions"}],"predecessor-version":[{"id":103,"href":"https:\/\/blogs.ua.es\/historiamonfortedelcid\/wp-json\/wp\/v2\/pages\/9\/revisions\/103"}],"wp:attachment":[{"href":"https:\/\/blogs.ua.es\/historiamonfortedelcid\/wp-json\/wp\/v2\/media?parent=9"}],"curies":[{"name":"wp","href":"https:\/\/api.w.org\/{rel}","templated":true}]}}