{"id":91,"date":"2014-01-15T22:30:07","date_gmt":"2014-01-15T22:30:07","guid":{"rendered":"https:\/\/blogs.ua.es\/historiamonfortedelcid\/?page_id=91"},"modified":"2014-01-15T22:30:07","modified_gmt":"2014-01-15T22:30:07","slug":"bibliografia","status":"publish","type":"page","link":"https:\/\/blogs.ua.es\/historiamonfortedelcid\/bibliografia\/","title":{"rendered":"Bibliograf\u00eda"},"content":{"rendered":"<p><span style=\"line-height: 24px\">-AMORETTI, Ugo M.:\u00a0<\/span><em style=\"line-height: 24px\">Descentralitzaci\u00f3, asimetries i processos de resimetritzaci\u00f3 a Europa: B\u00e8lgica, Regne Unit, It\u00e0lia i Espanya<\/em><span style=\"line-height: 24px\">, Barcelona,\u00a0<\/span><span style=\"line-height: 24px\">Institut d&#8217;Estudis Auton\u00f2mics, 2009.<\/span><\/p>\n<p>-ESTEVE MIRALLES, Jos\u00e9 Antonio: &#8220;La Donaci\u00f3n de la Familia Escorcia al Pueblo de Monforte&#8221;, Revista de Fiestas de Moros y Cristianos Monforte del Cid (1999), pp. 102-104.<\/p>\n<p>-FERN\u00c1NDEZ, Jos\u00e9: &#8220;<em>Datos Hist\u00f3ricos de La Custodia Procesional de Nuestra Se\u00f1ora de Orito<\/em>&#8220;,\u00a0Revista de Fiestas de Moros y Cristianos Monforte del Cid (2011).<\/p>\n<p>-GAGNON, Alain G.:<em>El federalisme canadenc: fonaments, tradicions i institucions<\/em>, Barcelona, Institut d&#8217;Estudis Auton\u00f2mics, 2007.<\/p>\n<p>-GONZ\u00c1LEZ \u00a0HERN\u00c1NDEZ, Miguel \u00c1ngel: &#8220;<em>El Convento Santuario de Nuestra Se\u00f1ora de Orito y San Pascual Bayl\u00f3n<\/em>&#8220;, Revista de Fiestas de Moros y Cristianos Monforte del Cid (1987).<\/p>\n<p>-GONZ\u00c1LEZ \u00a0HERN\u00c1NDEZ, Miguel \u00c1ngel: &#8220;<em>Monforte en la Historia Medieval y Moderna<\/em>&#8220;, Revista de Fiestas de Moros y Cristianos de Monforte del Cid (1988).<\/p>\n<p>-GONZ\u00c1LEZ \u00a0HERN\u00c1NDEZ, Miguel \u00c1ngel:\u00a0<em>La Pur\u00edsima 260 aniversario: de los Moros y Cristianos a la Guerra Civil<\/em>, Monforte del Cid, Ayuntamiento de Monforte del Cid, 1989.<\/p>\n<p>-GONZ\u00c1LEZ \u00a0HERN\u00c1NDEZ, Miguel \u00c1ngel:\u00a0<em>El Castillo, la Morer\u00eda y la vida cotidiana en Monforte (1450-1600)<\/em>, Monforte del Cid, Ayuntamiento de Monforte del Cid, 1991.<\/p>\n<p>-GONZ\u00c1LEZ \u00a0HERN\u00c1NDEZ, Miguel \u00c1ngel:\u00a0<em>La fiesta de Moros y Cristianos. Or\u00edgenes (siglos XIII-XVIII)<\/em>, Alicante, Ayuntamiento de Monforte del Cid, 1996.<\/p>\n<p>-GONZ\u00c1LEZ \u00a0HERN\u00c1NDEZ, Miguel \u00c1ngel:\u00a0<em>Moros y Cristianos. Del alarde medieval a las fiestas reales barrocas (ss. XV-XVIII)<\/em>, Alicante, Ayuntamiento de Monforte del Cid, 1999.<\/p>\n<p>-GONZ\u00c0LEZ I HERN\u00c0NDEZ, Miquel-\u00c0ngel:\u00a0<em>Musulmans, jeues i cristians a les terres del Vinalop\u00f3 (1404-1594)<\/em>, Petrer, Centre d&#8217;Estudis Locals del Vinalop\u00f3, 2002.<\/p>\n<p><span style=\"line-height: 24px\">&#8211; LIMI\u00d1ANA L\u00d3PEZ, Pascual:\u00a0<\/span><em style=\"line-height: 24px\">Pret\u00e9rito y presente de nuestra villa: Monforte del Cid<\/em><span style=\"line-height: 24px\">, Alicante, Caja de Ahorros Provincial de Alicante, 1983.<\/span><\/p>\n<p>-MACI\u00c1 P\u00c9REZ, Jos\u00e9 \u00c1ngel: &#8220;<em>El testamento del obispo G\u00f3mez de Ter\u00e1n joya de nuestra Iglesia Parroquial<\/em>&#8220;,\u00a0Revista de\u00a0Fiestas\u00a0de Moros y Cristianos Monforte del Cid (2012).<\/p>\n<p>-RAMOS VIDAL, Juan Antonio: &#8220;<em>Un ejemplo de la Agricultura de Monforte a mediados del Siglo XVIII<\/em>&#8220;, Revista de Fiestas de Moros y Cristianos Monforte del Cid (1999), pp. 106-108.<\/p>\n<p>-RAMOS VIDAL, Juan Antonio: &#8220;<em>Aproximaci\u00f3n a la estructura de la producci\u00f3n agraria de Monforte del Cid durante la segunda mitad del siglo XVIII (1750-1800)<\/em>&#8220;, Revista de Fiestas\u00a0de Moros y Cristianos Monforte del Cid (2001), p. 92.<\/p>\n<p>-RAMOS VIDAL, Juan Antonio y SOLDEVILLA MATAIX, Luis: &#8220;<em>1762: Aguardiente Monfortino para Madrid<\/em>&#8220;, Revista de\u00a0Fiestas\u00a0de Moros y Cristianos Monforte del Cid (2003).<\/p>\n<p>-RAMOS VIDAL, Juan Antonio y SOLDEVILLA MATAIX, Luis: &#8220;<em>1777 un arrendamiento singular en Monforte<\/em>&#8220;,\u00a0Revista de\u00a0Fiestas\u00a0de Moros y Cristianos Monforte del Cid (2004).<\/p>\n<p>-RAMOS VIDAL, Juan Antonio y SOLDEVILLA MATAIX, Luis: &#8220;<em>1777: Un contrato de arrendamiento en el partido de loma redonda<\/em>&#8220;,\u00a0Revista de\u00a0Fiestas\u00a0de Moros y Cristianos Monforte del Cid (2005).<\/p>\n<p>-S\u00c1NCHEZ-ARCILLA BERNAL, Jos\u00e9:\u00a0<em>Historia de las instituciones pol\u00edtico-administrativas contempor\u00e1neas (1808-1975)<\/em>, Madrid, Dykinson, 1994.<\/p>\n","protected":false},"excerpt":{"rendered":"<p>-AMORETTI, Ugo M.:\u00a0Descentralitzaci\u00f3, asimetries i processos de resimetritzaci\u00f3 a Europa: B\u00e8lgica, Regne Unit, It\u00e0lia i Espanya, Barcelona,\u00a0Institut d&#8217;Estudis Auton\u00f2mics, 2009. -ESTEVE MIRALLES, Jos\u00e9 Antonio: &#8220;La Donaci\u00f3n de la Familia Escorcia al Pueblo de Monforte&#8221;, Revista de Fiestas de Moros y &hellip; <a href=\"https:\/\/blogs.ua.es\/historiamonfortedelcid\/bibliografia\/\">Continue reading <span class=\"meta-nav\">&rarr;<\/span><\/a><\/p>\n","protected":false},"author":3164,"featured_media":0,"parent":0,"menu_order":0,"comment_status":"open","ping_status":"open","template":"","meta":{"footnotes":""},"class_list":["post-91","page","type-page","status-publish","hentry"],"_links":{"self":[{"href":"https:\/\/blogs.ua.es\/historiamonfortedelcid\/wp-json\/wp\/v2\/pages\/91","targetHints":{"allow":["GET"]}}],"collection":[{"href":"https:\/\/blogs.ua.es\/historiamonfortedelcid\/wp-json\/wp\/v2\/pages"}],"about":[{"href":"https:\/\/blogs.ua.es\/historiamonfortedelcid\/wp-json\/wp\/v2\/types\/page"}],"author":[{"embeddable":true,"href":"https:\/\/blogs.ua.es\/historiamonfortedelcid\/wp-json\/wp\/v2\/users\/3164"}],"replies":[{"embeddable":true,"href":"https:\/\/blogs.ua.es\/historiamonfortedelcid\/wp-json\/wp\/v2\/comments?post=91"}],"version-history":[{"count":1,"href":"https:\/\/blogs.ua.es\/historiamonfortedelcid\/wp-json\/wp\/v2\/pages\/91\/revisions"}],"predecessor-version":[{"id":99,"href":"https:\/\/blogs.ua.es\/historiamonfortedelcid\/wp-json\/wp\/v2\/pages\/91\/revisions\/99"}],"wp:attachment":[{"href":"https:\/\/blogs.ua.es\/historiamonfortedelcid\/wp-json\/wp\/v2\/media?parent=91"}],"curies":[{"name":"wp","href":"https:\/\/api.w.org\/{rel}","templated":true}]}}