{"id":14,"date":"2013-09-17T09:33:42","date_gmt":"2013-09-17T09:33:42","guid":{"rendered":"https:\/\/blogs.ua.es\/historiamonovar\/?page_id=14"},"modified":"2013-09-24T09:34:33","modified_gmt":"2013-09-24T09:34:33","slug":"pagina-de-presentacion","status":"publish","type":"page","link":"https:\/\/blogs.ua.es\/historiamonovar\/pagina-de-presentacion\/","title":{"rendered":"Presentaci\u00f3n del blog"},"content":{"rendered":"<p style=\"text-align: justify\">El presente blog se arroga como objetivo fundamental trazar un recorrido en torno a \u00a0la historia de Mon\u00f2ver \u00a0(Mon\u00f3var) en \u00e9poca moderna. La presentaci\u00f3n del blog se estructurar\u00e1 a raz\u00f3n de breves pero concisas entradas centradas en cinco campos tem\u00e1ticos: Pol\u00edtica, administraci\u00f3n, poblaci\u00f3n, sociedad, econom\u00eda y cultura. Mon\u00f2ver es una poblaci\u00f3n que en la actualidad cuenta con cerca de 13.000 habitantes y est\u00e1 situada en la comarca alicantina del medio Vinalop\u00f3.<\/p>\n<p style=\"text-align: center\"><a href=\"https:\/\/blogs.ua.es\/historiamonovar\/files\/2013\/09\/Sense-t\u00edtol.jpg\"><img loading=\"lazy\" decoding=\"async\" class=\"size-full wp-image-42\" alt=\"Sense t\u00edtol\" src=\"https:\/\/blogs.ua.es\/historiamonovar\/files\/2013\/09\/Sense-t\u00edtol.jpg\" width=\"1336\" height=\"752\" srcset=\"https:\/\/blogs.ua.es\/historiamonovar\/files\/2013\/09\/Sense-t\u00edtol.jpg 1336w, https:\/\/blogs.ua.es\/historiamonovar\/files\/2013\/09\/Sense-t\u00edtol-300x168.jpg 300w, https:\/\/blogs.ua.es\/historiamonovar\/files\/2013\/09\/Sense-t\u00edtol-1024x576.jpg 1024w, https:\/\/blogs.ua.es\/historiamonovar\/files\/2013\/09\/Sense-t\u00edtol-500x281.jpg 500w\" sizes=\"auto, (max-width: 1336px) 100vw, 1336px\" \/><\/a><\/p>\n<p style=\"text-align: justify\">La realizaci\u00f3n del blog estar\u00e1 a cargo de tres estudiantes de quinto curso en la Licenciatura en Historia, Jonatan Poveda Jover, Carlos Crespo Amat y Carlos Escolano Vico, en el marco de la asignatura de Historia Moderna del Pais Valenci\u00e0.<\/p>\n","protected":false},"excerpt":{"rendered":"<p>El presente blog se arroga como objetivo fundamental trazar un recorrido en torno a \u00a0la historia de Mon\u00f2ver \u00a0(Mon\u00f3var) en \u00e9poca moderna. La presentaci\u00f3n del blog se estructurar\u00e1 a raz\u00f3n de breves pero concisas entradas centradas en cinco campos tem\u00e1ticos: &hellip; <a href=\"https:\/\/blogs.ua.es\/historiamonovar\/pagina-de-presentacion\/\">Continue reading <span class=\"meta-nav\">&rarr;<\/span><\/a><\/p>\n","protected":false},"author":1883,"featured_media":0,"parent":0,"menu_order":1,"comment_status":"open","ping_status":"open","template":"","meta":{"footnotes":""},"class_list":["post-14","page","type-page","status-publish","hentry"],"_links":{"self":[{"href":"https:\/\/blogs.ua.es\/historiamonovar\/wp-json\/wp\/v2\/pages\/14","targetHints":{"allow":["GET"]}}],"collection":[{"href":"https:\/\/blogs.ua.es\/historiamonovar\/wp-json\/wp\/v2\/pages"}],"about":[{"href":"https:\/\/blogs.ua.es\/historiamonovar\/wp-json\/wp\/v2\/types\/page"}],"author":[{"embeddable":true,"href":"https:\/\/blogs.ua.es\/historiamonovar\/wp-json\/wp\/v2\/users\/1883"}],"replies":[{"embeddable":true,"href":"https:\/\/blogs.ua.es\/historiamonovar\/wp-json\/wp\/v2\/comments?post=14"}],"version-history":[{"count":7,"href":"https:\/\/blogs.ua.es\/historiamonovar\/wp-json\/wp\/v2\/pages\/14\/revisions"}],"predecessor-version":[{"id":44,"href":"https:\/\/blogs.ua.es\/historiamonovar\/wp-json\/wp\/v2\/pages\/14\/revisions\/44"}],"wp:attachment":[{"href":"https:\/\/blogs.ua.es\/historiamonovar\/wp-json\/wp\/v2\/media?parent=14"}],"curies":[{"name":"wp","href":"https:\/\/api.w.org\/{rel}","templated":true}]}}