{"id":33,"date":"2013-09-24T08:51:11","date_gmt":"2013-09-24T08:51:11","guid":{"rendered":"https:\/\/blogs.ua.es\/historiamonovar\/?page_id=33"},"modified":"2013-12-16T08:48:21","modified_gmt":"2013-12-16T08:48:21","slug":"introduccion-a-la-historia-de-la-poblacion","status":"publish","type":"page","link":"https:\/\/blogs.ua.es\/historiamonovar\/introduccion-a-la-historia-de-la-poblacion\/","title":{"rendered":"Historia de Mon\u00f3var"},"content":{"rendered":"<p style=\"text-align: justify\"><a href=\"https:\/\/blogs.ua.es\/historiamonovar\/files\/2013\/09\/vista.jpg\"><img loading=\"lazy\" decoding=\"async\" class=\"alignleft size-medium wp-image-171\" alt=\"vista\" src=\"https:\/\/blogs.ua.es\/historiamonovar\/files\/2013\/09\/vista-300x219.jpg\" width=\"300\" height=\"219\" srcset=\"https:\/\/blogs.ua.es\/historiamonovar\/files\/2013\/09\/vista-300x219.jpg 300w, https:\/\/blogs.ua.es\/historiamonovar\/files\/2013\/09\/vista-410x300.jpg 410w, https:\/\/blogs.ua.es\/historiamonovar\/files\/2013\/09\/vista.jpg 416w\" sizes=\"auto, (max-width: 300px) 100vw, 300px\" \/><\/a>Las evidencias m\u00e1s antiguas de un asentamiento poblacional en el actual t\u00e9rmino municipal de Mon\u00f3var hacen referencia al enclave prerromano \u201cEl Cerro de los Molinos\u201d. Algunas tesis plantean que el actual nombre de la ciudad, Mon\u00f3var, proviene directamente de la presencia romana en la propia regi\u00f3n que topon\u00edmicamente denominaba al sitio Mons Novar (Monte Nuevo), aunque esta teor\u00eda tal vez es un poco aventurada al constatarse el termino manowar (florecido) para el asentamiento musulm\u00e1n establecido en el actual termino municipal. De \u00e9poca isl\u00e1mica se constata la presencia de poblamientos concentrados en el \u00e1mbito de Mon\u00f3var y Chinosa, las evidencias se confirman con los restos materiales referentes a castillos, torres y recintos defensivos.<\/p>\n<p style=\"text-align: justify\">En el contexto de la reconquista cristiana, y mediante el tratado de Almizra, Mon\u00f3var pasar\u00e1 a incluirse en la zona de conquista castellana. Pero tras la insurrecci\u00f3n sarracena de 1261, el monarca castellano Alfonso X tuvo que solicitar ayuda militar a Jaime II de Arag\u00f3n quien recupero el territorio para Castilla. Ser\u00e1 a partir del siglo XIII y la rectificaci\u00f3n de las fronteras durante el reinado de Jaime II de Arag\u00f3n, cuando aparezca la primera documentaci\u00f3n municipal que atestig\u00fce la disputa e integraci\u00f3n de Mon\u00f3var al Reino de Valencia, y por consiguiente a la Corona de Arag\u00f3n.<\/p>\n<p style=\"text-align: justify\">En 1328 se atestigua como Alfonso III entrego la villa a su consejero y persona de confianza, Gonzalo Garc\u00eda, viniendo a configurarse el se\u00f1or\u00edo bajo esta casa hasta que fue vendido a Pere Ma\u00e7a de Li\u00e7ana en 1471. Ser\u00e1 a partir del \u00faltimo tercio del siglo XVI cuando a ra\u00edz de la desaparici\u00f3n de la l\u00ednea hereditaria de los Ma\u00e7a de Li\u00e7ana se produzca un cambio de titularidad en la baron\u00eda del se\u00f1or\u00edo, pasando a manos de Fadrique de Portugal y Margarita de Borja, princesa de M\u00e9lito y duquesa de Pastrana.<\/p>\n<p style=\"text-align: justify\">Bajo el mandato de la hija de Margarita de Borja, Ana de Portugal, se redacto la Carta de Poblaci\u00f3n del municipio en 1611. Esta carta nac\u00eda como consecuencia del decreto de expulsi\u00f3n de los morisco en 1609, que hab\u00eda dejado a Mon\u00f3var pr\u00e1cticamente despoblada (se estima que se perdi\u00f3 en torno a un 80% de la poblaci\u00f3n). El objetivo de la nueva disposici\u00f3n administrativa era dinamizar la villa en base a los cristianos viejos y los primeros cien nuevos pobladores. Amparado en esta nueva administraci\u00f3n el crecimiento y recuperaci\u00f3n demogr\u00e1fica fue en aumento en un siglo marcado por el decrecimiento demogr\u00e1fico a nivel nacional.<\/p>\n<p style=\"text-align: justify\">Durante el siglo XVII se volver\u00e1 su suceder un cambio en la titularidad del se\u00f1or\u00edo jurisdiccional de Mon\u00f3var, pasando a manos del Ducado de Hija, quien hab\u00eda aglutinado al de Pastrana, y durante la Guerra de Sucesi\u00f3n Espa\u00f1ola (1701-1713) se mantuvo al lado de la causa borb\u00f3nica. La fidelidad de la localidad ser\u00e1 recompensada en 1708, por parte de Felipe V, quien le entrego el t\u00edtulo de Muy Noble, Fiel, Ilustre y Leal, y el privilegio de a\u00f1adir a su escudo su s\u00edmbolo, la flor de lis (identificativa de la casa de Anjou).<\/p>\n<p style=\"text-align: justify\">El siglo XVIII va a caracterizar a la Villa de Mon\u00f3var por su crecimiento econ\u00f3mico y demogr\u00e1fico, tal y como lo atestigua el bot\u00e1nico valenciano Antonio Jos\u00e9 de Cavanilles, o el cronista Montesinos, quien se\u00f1ala que para el a\u00f1o 1790 en la localidad se encontraban 200 telares en producci\u00f3n. El aumento de la poblaci\u00f3n estuvo dinamizado por el aprovechamiento del agua, la cual estimulo el incremento de la producci\u00f3n con la ocupaci\u00f3n de nuevas tierras de cultivo de cereales, olivos y vid. El desarrollo de la municipalidad tendr\u00e1 como correlato la construcci\u00f3n de edificios enormemente significativos: la Iglesia San Juan Bautista, la Ermita de Santa B\u00e1rbara, la Torre del Reloj y el Convento de los Padres Capuchinos.<\/p>\n<p style=\"text-align: justify\">El desarrollo del ferrocarril de Madrid-Alicante durante la segunda mitad del siglo XIX, no har\u00e1 sino impulsar el desarrollo local, permitiendo mediante este ramal y el puerto de Alicante que\u00a0 los vinos monoveros se exporten nacional e internacionalmente. Fruto del dinamismo econ\u00f3mico y demogr\u00e1fico se producir\u00e1 la entrega en 1901 del t\u00edtulo de ciudad a Mon\u00f3var, quien en 1904 a causa de la epidemia de filoxera se ver\u00e1 obligada a diversificar su econom\u00eda hac\u00eda sectores industriales. Para la d\u00e9cada de los a\u00f1os 20, Mon\u00f3var ya contaba con importantes industrias de jab\u00f3n, harinas, calzado, m\u00e1rmol, mimbre o yeso. Como ocurri\u00f3 a nivel comarcal la segunda mitad del siglo XX estuvo marcada por la consolidaci\u00f3n del sector zapatero y el desarrollo demogr\u00e1fico y urbano.<\/p>\n","protected":false},"excerpt":{"rendered":"<p>Las evidencias m\u00e1s antiguas de un asentamiento poblacional en el actual t\u00e9rmino municipal de Mon\u00f3var hacen referencia al enclave prerromano \u201cEl Cerro de los Molinos\u201d. Algunas tesis plantean que el actual nombre de la ciudad, Mon\u00f3var, proviene directamente de la &hellip; <a href=\"https:\/\/blogs.ua.es\/historiamonovar\/introduccion-a-la-historia-de-la-poblacion\/\">Continue reading <span class=\"meta-nav\">&rarr;<\/span><\/a><\/p>\n","protected":false},"author":1880,"featured_media":0,"parent":0,"menu_order":2,"comment_status":"open","ping_status":"open","template":"","meta":{"footnotes":""},"class_list":["post-33","page","type-page","status-publish","hentry"],"_links":{"self":[{"href":"https:\/\/blogs.ua.es\/historiamonovar\/wp-json\/wp\/v2\/pages\/33","targetHints":{"allow":["GET"]}}],"collection":[{"href":"https:\/\/blogs.ua.es\/historiamonovar\/wp-json\/wp\/v2\/pages"}],"about":[{"href":"https:\/\/blogs.ua.es\/historiamonovar\/wp-json\/wp\/v2\/types\/page"}],"author":[{"embeddable":true,"href":"https:\/\/blogs.ua.es\/historiamonovar\/wp-json\/wp\/v2\/users\/1880"}],"replies":[{"embeddable":true,"href":"https:\/\/blogs.ua.es\/historiamonovar\/wp-json\/wp\/v2\/comments?post=33"}],"version-history":[{"count":5,"href":"https:\/\/blogs.ua.es\/historiamonovar\/wp-json\/wp\/v2\/pages\/33\/revisions"}],"predecessor-version":[{"id":191,"href":"https:\/\/blogs.ua.es\/historiamonovar\/wp-json\/wp\/v2\/pages\/33\/revisions\/191"}],"wp:attachment":[{"href":"https:\/\/blogs.ua.es\/historiamonovar\/wp-json\/wp\/v2\/media?parent=33"}],"curies":[{"name":"wp","href":"https:\/\/api.w.org\/{rel}","templated":true}]}}