{"id":34,"date":"2013-09-24T08:51:31","date_gmt":"2013-09-24T08:51:31","guid":{"rendered":"https:\/\/blogs.ua.es\/historiamonovar\/?page_id=34"},"modified":"2014-01-15T10:31:28","modified_gmt":"2014-01-15T10:31:28","slug":"valoracion-del-trabajo-realizado","status":"publish","type":"page","link":"https:\/\/blogs.ua.es\/historiamonovar\/valoracion-del-trabajo-realizado\/","title":{"rendered":"Valoraci\u00f3n general"},"content":{"rendered":"<p style=\"text-align: justify\">Si has llegado a esta secci\u00f3n, suponemos que has visitado este \u2013o parte de \u00e9l\u2013 sitio que ofrece la plataforma de bit\u00e1coras digitales del Servicio de Inform\u00e1tica de la Universidad de Alicante. En este caso, el blog se ha dedicado de forma \u00edntegra al estudio de un n\u00facleo poblacional en un contexto espaciotemporal determinado: el Mon\u00f3var moderno o, al hilo de la jerga popular, el Munove de los siglos XIV\/XV a XVIII. Todo ello estructurado en una serie de categor\u00edas, cada una de las cuales contiene un n\u00famero variable de entradas en torno a la tem\u00e1tica sobre la que versan. Se trata de categor\u00edas que responden a un esquema sencillo pero vers\u00e1til de exposici\u00f3n del trabajo realizado por los autores de este blog, el trabajo propio del historiador. Por ello tales categor\u00edas se identifican con la Administraci\u00f3n, la pol\u00edtica, la econom\u00eda, la sociedad, la demograf\u00eda y la cultura de esta localidad alicantina; tem\u00e1ticas en torno a las cuales resulta factible dividir el estudio de la historia.<\/p>\n<p style=\"text-align: justify\">En efecto, la realizaci\u00f3n del blog ha supuesto, a quienes se han dedicado a \u00e9l, un laborioso trabajo de historiador. Al margen de la bibliograf\u00eda, de la que se hablar\u00e1 en las l\u00edneas sucesivas, se ha recurrido en ocasiones a fuentes documentales de la \u00e9poca editadas en libros y manuales y cuya lectura resulta, a todos los efectos, complicada por el lenguaje de la \u00e9poca, por la dificultad de encontrar datos que sirviesen al efecto aqu\u00ed pretendido y por el riesgo de no poder sustanciar explicaciones concluyentes sobre el pasado de la localidad en un marco temporal de enormes transformaciones en el Pa\u00eds Valenciano.<\/p>\n<p style=\"text-align: justify\">Derivado, quiz\u00e1, de las virulencias y los cambios de ritmo \u2013de estructuras temporales, en fin\u2013 en el devenir de la Edad Moderna de una localidad por entonces \u2013y a\u00fan en gran medida ahora\u2013 preeminentemente agr\u00edcola y, en consecuencia, de escaso dinamismo sociopol\u00edtico pero part\u00edcipe de la pol\u00edtica del Reino, resulta, por un lado, la riqueza de fuentes de \u00e1mbito local y, por otro, la p\u00e9rdida de buena parte de ella. Muchos han lamentado la desaparici\u00f3n de los primeros manuales de Consell de la localidad, pero junto a estas malogradas fuentes habr\u00eda que a\u00f1adir otras de tipo eclesi\u00e1stico y, por supuesto, institucional. Tampoco la Arqueolog\u00eda postcl\u00e1sica ha centrado su atenci\u00f3n en la localidad, siendo complejo aportar informaci\u00f3n acerca de los aspectos cotidianos de los monoveros de la Modernidad.<\/p>\n<p style=\"text-align: justify\">Si se entienden las dificultades aludidas, se comprender\u00e1 asimismo la falta de bibliograf\u00eda sobre la Edad Moderna en la localidad. En el caso que aqu\u00ed interesa, en el caso de Munove, las investigaciones se han centrado fundamentalmente en la \u00e9poca contempor\u00e1nea, momento para el que s\u00ed son abundantes las fuentes tanto documentales como bibliogr\u00e1ficas. En cambio, para los siglos de la Modernidad apenas hay algunos trabajos elaborados por investigadores locales cuyo reconocimiento, por cierto, no resulta conveniente menospreciar en un blog que alude a ellos. Esperamos sirva \u2013dicho sea de paso\u2013 el presente blog para dar a conocer parte de sus conclusiones a un p\u00fablico m\u00e1s amplio, por la accesibilidad a que se presta el mismo.<\/p>\n","protected":false},"excerpt":{"rendered":"<p>Si has llegado a esta secci\u00f3n, suponemos que has visitado este \u2013o parte de \u00e9l\u2013 sitio que ofrece la plataforma de bit\u00e1coras digitales del Servicio de Inform\u00e1tica de la Universidad de Alicante. En este caso, el blog se ha dedicado &hellip; <a href=\"https:\/\/blogs.ua.es\/historiamonovar\/valoracion-del-trabajo-realizado\/\">Continue reading <span class=\"meta-nav\">&rarr;<\/span><\/a><\/p>\n","protected":false},"author":1880,"featured_media":0,"parent":0,"menu_order":3,"comment_status":"open","ping_status":"open","template":"","meta":{"footnotes":""},"class_list":["post-34","page","type-page","status-publish","hentry"],"_links":{"self":[{"href":"https:\/\/blogs.ua.es\/historiamonovar\/wp-json\/wp\/v2\/pages\/34","targetHints":{"allow":["GET"]}}],"collection":[{"href":"https:\/\/blogs.ua.es\/historiamonovar\/wp-json\/wp\/v2\/pages"}],"about":[{"href":"https:\/\/blogs.ua.es\/historiamonovar\/wp-json\/wp\/v2\/types\/page"}],"author":[{"embeddable":true,"href":"https:\/\/blogs.ua.es\/historiamonovar\/wp-json\/wp\/v2\/users\/1880"}],"replies":[{"embeddable":true,"href":"https:\/\/blogs.ua.es\/historiamonovar\/wp-json\/wp\/v2\/comments?post=34"}],"version-history":[{"count":6,"href":"https:\/\/blogs.ua.es\/historiamonovar\/wp-json\/wp\/v2\/pages\/34\/revisions"}],"predecessor-version":[{"id":203,"href":"https:\/\/blogs.ua.es\/historiamonovar\/wp-json\/wp\/v2\/pages\/34\/revisions\/203"}],"wp:attachment":[{"href":"https:\/\/blogs.ua.es\/historiamonovar\/wp-json\/wp\/v2\/media?parent=34"}],"curies":[{"name":"wp","href":"https:\/\/api.w.org\/{rel}","templated":true}]}}