{"id":15,"date":"2013-09-17T08:41:44","date_gmt":"2013-09-17T08:41:44","guid":{"rendered":"https:\/\/blogs.ua.es\/historianovelda\/?page_id=15"},"modified":"2013-11-25T09:12:48","modified_gmt":"2013-11-25T09:12:48","slug":"introduccion-a-la-historia-de-la-poblacion","status":"publish","type":"page","link":"https:\/\/blogs.ua.es\/historianovelda\/introduccion-a-la-historia-de-la-poblacion\/","title":{"rendered":"Introducci\u00f3n a la historia de la poblaci\u00f3n"},"content":{"rendered":"<p style=\"text-align: justify\">Lugar de paso natural desde las tierras de la Meseta al litoral alicantino Novelda, en la cuenca media del r\u00edo Vinalop\u00f3, ha sido testigo del devenir de los pueblos.<\/p>\n<p style=\"text-align: justify\">Los primeros vestigios de su ocupaci\u00f3n datan de unos seis mil a\u00f1os atr\u00e1s en el periodo de la <strong>Prehistoria<\/strong> conocido como Neol\u00edtico. Desde entonces tenemos constancia de enterramientos en la zona tal y como pueden atestiguar los hallazgos arqueol\u00f3gicos de enterramiento en cueva.<\/p>\n<p style=\"text-align: justify\">En la <strong>Antig\u00fcedad<\/strong>, los \u00edberos dejar\u00e1n su huella en el t\u00e9rmino municipal aunque esta vez en el paraje del Campet donde est\u00e1 perfectamente documentado un poblado en llano. En esta misma \u00e1rea se han encontrado numerosos vestigios materiales de la \u00e9poca de ocupaci\u00f3n romana como \u00e1nforas, olpes o monedas.<\/p>\n<p style=\"text-align: justify\">Los oscuros inicios de la <strong>Edad Media<\/strong> tambi\u00e9n nos dejan sombras en la historia de la localidad pues no existen noticias relevantes sobre la \u00e9poca visigodo-bizantina. Con la llegada de los musulmanes a la Pen\u00ednsula Ib\u00e9rica se van abriendo nuevas luces, nuestro territorio que estar\u00eda incluido dentro de la c\u00e9lebre <em>Cora de Tudmir,\u00a0<\/em>est\u00e1 formado por una comunidad totalmente islamizada en el siglo IX tal y como demuestran las excavaciones en la Sierra del Zambo. Ser\u00e1n estas mismas comunidades isl\u00e1micas quienes se asienten en las laderas de la Mola, en el siglo XI, y un siglo m\u00e1s tarde se construir\u00e1 el castillo almohade. En estos momentos, la poblaci\u00f3n es conocida como <em>Niwala.<\/em><\/p>\n<p style=\"text-align: justify\">Durante la Reconquista el castillo, emblema de la ciudad, recay\u00f3 en un primer momento en manos cristianas pues el t\u00e9rmino estaba dentro del Reino de Murcia. Los cambios de titularidad son constantes pasando primero al alfoz de Alicante por privilegio de Alfonso X el Sabio, retornando a la Corona castellana poco despu\u00e9s y, finalmente, pasar\u00e1n a formar parte de la Corona Aragonesa en tiempos de Jaime II tras la firma del Tratado de Torrellas-Elche (1304). No acabar\u00edan aqu\u00ed, sin embargo, los cambios de titularidad del castillo que acabar\u00eda siendo vendido por do\u00f1a Violante de Bar a\u00a0\u00a0don\u00a0Pedro Maza de Lizana en 1393.<\/p>\n<p style=\"text-align: justify\">En 1449 se crea la baron\u00eda de Novelda que incluye tambi\u00e9n los enclaves de La Romana, Monovar y Chinorla. As\u00ed, como municipio de se\u00f1or\u00edo, Novelda se desarrollar\u00e1 durante toda la <strong>Edad Moderna\u00a0<\/strong>creciendo no s\u00f3lo en n\u00famero de sus habitantes sino tambi\u00e9n su patrimonio cultural con la construcci\u00f3n de ermitas e iglesias entre ellas la principal, la Iglesia Parroquial de San Pedro, cuyos primeros trabajos se documentan en el siglo XVI. En 1609 la poblaci\u00f3n se ver\u00e1 menguada por la expulsi\u00f3n de los moriscos a lo que hay que a\u00f1adir las numerosas epidemias, sequ\u00edas y otros desastres del siglo. En el siglo XVIII, con la implantaci\u00f3n del se\u00f1or\u00edo de los Caro, vemos signos de recuperaci\u00f3n en los habitantes de la villa dedicados casi en exclusiva a labores agr\u00edcolas y ganaderas aunque tambi\u00e9n se documenta una incipiente industria artesanal.<\/p>\n<p style=\"text-align: justify\">La<strong>\u00a0Edad Contempor\u00e1nea<\/strong> se abre con nuevas expectativas para los habitantes de un municipio que deja de ser de se\u00f1or\u00edo a consecuencia de la \u00a0abolici\u00f3n de los se\u00f1or\u00edos (1837) y las posteriores desamortizaciones que dar\u00e1n pie al crecimiento de un burgues\u00eda agraria y comercial. El crecimiento se har\u00e1 patente en las magn\u00edficas construcciones modernistas de finales del XIX y principios del XX. Del mismo estilo, aunque finalizado ya en tiempos de la dictadura franquista, es el famoso Santuario de Santa Mar\u00eda Magdalena, considerada patrona de la ciudad- as\u00ed lo es desde 1901- desde que salvase a sus habitantes de una epidemia de c\u00f3lera.<\/p>\n","protected":false},"excerpt":{"rendered":"<p>Lugar de paso natural desde las tierras de la Meseta al litoral alicantino Novelda, en la cuenca media del r\u00edo Vinalop\u00f3, ha sido testigo del devenir de los pueblos. Los primeros vestigios de su ocupaci\u00f3n datan de unos seis mil a\u00f1os atr\u00e1s en el periodo de la Prehistoria conocido como Neol\u00edtico. Desde entonces tenemos constancia [&hellip;]<\/p>\n","protected":false},"author":1875,"featured_media":0,"parent":0,"menu_order":2,"comment_status":"open","ping_status":"open","template":"","meta":{"footnotes":""},"class_list":["post-15","page","type-page","status-publish","hentry"],"_links":{"self":[{"href":"https:\/\/blogs.ua.es\/historianovelda\/wp-json\/wp\/v2\/pages\/15","targetHints":{"allow":["GET"]}}],"collection":[{"href":"https:\/\/blogs.ua.es\/historianovelda\/wp-json\/wp\/v2\/pages"}],"about":[{"href":"https:\/\/blogs.ua.es\/historianovelda\/wp-json\/wp\/v2\/types\/page"}],"author":[{"embeddable":true,"href":"https:\/\/blogs.ua.es\/historianovelda\/wp-json\/wp\/v2\/users\/1875"}],"replies":[{"embeddable":true,"href":"https:\/\/blogs.ua.es\/historianovelda\/wp-json\/wp\/v2\/comments?post=15"}],"version-history":[{"count":8,"href":"https:\/\/blogs.ua.es\/historianovelda\/wp-json\/wp\/v2\/pages\/15\/revisions"}],"predecessor-version":[{"id":113,"href":"https:\/\/blogs.ua.es\/historianovelda\/wp-json\/wp\/v2\/pages\/15\/revisions\/113"}],"wp:attachment":[{"href":"https:\/\/blogs.ua.es\/historianovelda\/wp-json\/wp\/v2\/media?parent=15"}],"curies":[{"name":"wp","href":"https:\/\/api.w.org\/{rel}","templated":true}]}}