{"id":27,"date":"2014-12-09T15:49:40","date_gmt":"2014-12-09T15:49:40","guid":{"rendered":"https:\/\/blogs.ua.es\/historiaoral05\/?page_id=27"},"modified":"2015-01-13T18:00:28","modified_gmt":"2015-01-13T18:00:28","slug":"bibliografia","status":"publish","type":"page","link":"https:\/\/blogs.ua.es\/historiaoral05\/bibliografia\/","title":{"rendered":"Bibliograf\u00eda"},"content":{"rendered":"<p><strong>Bibliograf\u00eda sobre la educaci\u00f3n:\u00a0<\/strong><\/p>\n<p><a href=\"http:\/\/www.upct.es\/seeu\/_as\/divulgacion_cyt_09\/Libro_Historia_Ciencia\/web\/mapa-centros\/La%20educacion%20durante%20la%20Dictadura.htm\"><strong>http:\/\/www.upct.es\/seeu\/_as\/divulgacion_cyt_09\/Libro_Historia_Ciencia\/web\/mapa-centros\/La%20educacion%20durante%20la%20Dictadura.htm<\/strong><\/a><\/p>\n<p>(Y otras bibliograf\u00edas que est\u00e1n dentro de la explicaci\u00f3n de educaci\u00f3n)<\/p>\n<ul>\n<li>De Fuelles Ben\u00edtez , M ( 1980) <em>, Educaci\u00f3n e Ideolog\u00eda en la Espa\u00f1a contempor\u00e1nea<\/em> ( 1967- 1975) , Barcelona : Politeia.<\/li>\n<li>Carre\u00f1o , M ( 2000) , <em>Teor\u00edas e instituciones contempor\u00e1neas de educaci\u00f3n<\/em> , Madrid : S\u00edntesis.<\/li>\n<\/ul>\n<p><strong>Bibliograf\u00eda sobre el Frente de Juventudes:\u00a0<\/strong><\/p>\n<p><a href=\"http:\/\/www.fnff.es\/El_Frente_de_Juventudes_177_c.htm\"><strong>http:\/\/www.fnff.es\/El_Frente_de_Juventudes_177_c.htm<\/strong><\/a><\/p>\n<p><strong>Bibliograf\u00eda sobre la Secci\u00f3n Femenina:\u00a0<\/strong><\/p>\n<p>paseandohistoria.blogspot.com\/2010\/10\/la-<strong>seccion<\/strong>&#8211;<strong>femenina<\/strong>.html<\/p>\n<p><strong>Bibliograf\u00eda sobre la transici\u00f3n democr\u00e1tica:\u00a0<\/strong><\/p>\n<p>http:\/\/www.transicion.org\/<\/p>\n<p><strong>Bibliografia sobre la actividad pesquera durante el franquismo:\u00a0<\/strong><\/p>\n<p>http:\/\/www.elmanco.es\/articulos.html<\/p>\n<p>http:\/\/revistas.um.es\/areas\/article\/view\/118661<\/p>\n<p><strong>Bibliograf\u00eda sobre el servicio militar obligatorio en el R\u00e9gimen:<\/strong><\/p>\n<p>http:\/\/www.lluisvives.com\/servlet\/SirveObras\/04702752100447273089079\/002380_4.pdf<\/p>\n<p><strong>Bibliograf\u00eda sobre el exilio tras la Guerra Civil espa\u00f1ola:\u00a0<\/strong><\/p>\n<p>http:\/\/www.exiliadosrepublicanos.info\/es\/historia-exilio<\/p>\n<p><strong>Bibliograf\u00eda sobre la muerte del General Francisco Franco:\u00a0<\/strong><\/p>\n<p>http:\/\/www.rtve.es\/rtve\/20141117\/espanoles-franco-muerto\/192577.shtml<\/p>\n","protected":false},"excerpt":{"rendered":"<p>Bibliograf\u00eda sobre la educaci\u00f3n:\u00a0 http:\/\/www.upct.es\/seeu\/_as\/divulgacion_cyt_09\/Libro_Historia_Ciencia\/web\/mapa-centros\/La%20educacion%20durante%20la%20Dictadura.htm (Y otras bibliograf\u00edas que est\u00e1n dentro de la explicaci\u00f3n de educaci\u00f3n) De Fuelles Ben\u00edtez , M ( 1980) , Educaci\u00f3n e Ideolog\u00eda en la Espa\u00f1a contempor\u00e1nea ( 1967- 1975) , Barcelona : Politeia. Carre\u00f1o , M ( 2000) , Teor\u00edas e instituciones contempor\u00e1neas de educaci\u00f3n , Madrid : S\u00edntesis. Bibliograf\u00eda [&hellip;]<\/p>\n","protected":false},"author":3742,"featured_media":0,"parent":0,"menu_order":2,"comment_status":"open","ping_status":"open","template":"","meta":{"footnotes":""},"class_list":["post-27","page","type-page","status-publish","hentry"],"_links":{"self":[{"href":"https:\/\/blogs.ua.es\/historiaoral05\/wp-json\/wp\/v2\/pages\/27","targetHints":{"allow":["GET"]}}],"collection":[{"href":"https:\/\/blogs.ua.es\/historiaoral05\/wp-json\/wp\/v2\/pages"}],"about":[{"href":"https:\/\/blogs.ua.es\/historiaoral05\/wp-json\/wp\/v2\/types\/page"}],"author":[{"embeddable":true,"href":"https:\/\/blogs.ua.es\/historiaoral05\/wp-json\/wp\/v2\/users\/3742"}],"replies":[{"embeddable":true,"href":"https:\/\/blogs.ua.es\/historiaoral05\/wp-json\/wp\/v2\/comments?post=27"}],"version-history":[{"count":9,"href":"https:\/\/blogs.ua.es\/historiaoral05\/wp-json\/wp\/v2\/pages\/27\/revisions"}],"predecessor-version":[{"id":114,"href":"https:\/\/blogs.ua.es\/historiaoral05\/wp-json\/wp\/v2\/pages\/27\/revisions\/114"}],"wp:attachment":[{"href":"https:\/\/blogs.ua.es\/historiaoral05\/wp-json\/wp\/v2\/media?parent=27"}],"curies":[{"name":"wp","href":"https:\/\/api.w.org\/{rel}","templated":true}]}}