{"id":29,"date":"2014-12-09T15:49:58","date_gmt":"2014-12-09T15:49:58","guid":{"rendered":"https:\/\/blogs.ua.es\/historiaoral05\/?page_id=29"},"modified":"2015-01-12T22:11:04","modified_gmt":"2015-01-12T22:11:04","slug":"metodologia","status":"publish","type":"page","link":"https:\/\/blogs.ua.es\/historiaoral05\/metodologia\/","title":{"rendered":"Metodolog\u00eda"},"content":{"rendered":"<p>Como ya se ha descrito en los comentarios de las entrevistas, hemos trabajado con mucho cuidado y ternura, siempre con mimo, ya que las personas que aparecen en los v\u00eddeos son importantes para nosotras y merecen toda nuestra comprensi\u00f3n y afecto.<\/p>\n<p>Adem\u00e1s, en vista del surrealismo que nos planteaban algunos de los temas citados, hemos buscado informaci\u00f3n para contrastar los datos y la verdad es que el resultado ha sido muy prometedor. Est\u00e1 claro que no todos vivimos lo mismo, unos vivieron mejor y otros peor. Pero, gracias a la profesionalidad y contar con los medios adecuados (aunque la c\u00e1mara del port\u00e1til no sea todo lo buena que nos gustar\u00eda) hemos logrado unas entrevistas de una excelsa calidad.<\/p>\n<p>&nbsp;<\/p>\n<p><a href=\"https:\/\/blogs.ua.es\/historiaoral05\/files\/2014\/12\/IMG_20150112_175953.jpg\"><img loading=\"lazy\" decoding=\"async\" class=\"aligncenter size-medium wp-image-86\" src=\"https:\/\/blogs.ua.es\/historiaoral05\/files\/2014\/12\/IMG_20150112_175953-300x225.jpg\" alt=\"IMG_20150112_175953\" width=\"300\" height=\"225\" srcset=\"https:\/\/blogs.ua.es\/historiaoral05\/files\/2014\/12\/IMG_20150112_175953-300x225.jpg 300w, https:\/\/blogs.ua.es\/historiaoral05\/files\/2014\/12\/IMG_20150112_175953-1024x768.jpg 1024w, https:\/\/blogs.ua.es\/historiaoral05\/files\/2014\/12\/IMG_20150112_175953.jpg 2048w\" sizes=\"auto, (max-width: 300px) 100vw, 300px\" \/><\/a><\/p>\n<p>&nbsp;<\/p>\n<p>Para las entrevistas nos desplazamos a diferentes lugares de la provincia. Lamentablemente vivimos lejos la una de la otra y nos ha tocado trabajar de manera aut\u00f3noma sin poder reunirnos. As\u00ed pues, Claudia fue a Alicante (capital) para realizar sus entrevistas y Alejandra\u00a0 entre Santa Pola y Tibi para las suyas. Se tomaron algunas notas antes de la realizaci\u00f3n de las mismas y se escogi\u00f3 varios temas sobre los cuales las personas entrevistadas tuvieran un amplio marco de desarrollo para enriquecer nuestro proyecto. El resultado es formidable y los relatos de los entrevistados est\u00e1n muy trabajados, mostrando un empe\u00f1o que nos sorprendi\u00f3.<\/p>\n<p>Por \u00faltimo, nos gustar\u00eda dar las gracias a muchos compa\u00f1eros de clase que han ayudado a este par de despistadas a hacer su trabajo, sin ellos no habr\u00edamos conseguido siquiera entrar en el Blog. Tambi\u00e9n nos han ayudado bastante los consejos de nuestro profesor Antonio Carrasco que ha respondido atentamente a cada tutor\u00eda y nos ha sabido ilustrar para que no fu\u00e9ramos tan perdidas. As\u00ed como a H\u00e9ctor, la pareja sentimental de Alejandra que nos ha ayudado a editar los v\u00eddeos a pesar de las exigencias.<\/p>\n<p>&nbsp;<\/p>\n<p><a href=\"https:\/\/blogs.ua.es\/historiaoral05\/files\/2014\/12\/IMG_20150112_175607-e1421082617357.jpg\"><img loading=\"lazy\" decoding=\"async\" class=\"aligncenter size-medium wp-image-85\" src=\"https:\/\/blogs.ua.es\/historiaoral05\/files\/2014\/12\/IMG_20150112_175607-e1421082617357-225x300.jpg\" alt=\"IMG_20150112_175607\" width=\"225\" height=\"300\" srcset=\"https:\/\/blogs.ua.es\/historiaoral05\/files\/2014\/12\/IMG_20150112_175607-e1421082617357-225x300.jpg 225w, https:\/\/blogs.ua.es\/historiaoral05\/files\/2014\/12\/IMG_20150112_175607-e1421082617357-768x1024.jpg 768w, https:\/\/blogs.ua.es\/historiaoral05\/files\/2014\/12\/IMG_20150112_175607-e1421082617357.jpg 1536w\" sizes=\"auto, (max-width: 225px) 100vw, 225px\" \/><\/a><\/p>\n","protected":false},"excerpt":{"rendered":"<p>Como ya se ha descrito en los comentarios de las entrevistas, hemos trabajado con mucho cuidado y ternura, siempre con mimo, ya que las personas que aparecen en los v\u00eddeos son importantes para nosotras y merecen toda nuestra comprensi\u00f3n y afecto. Adem\u00e1s, en vista del surrealismo que nos planteaban algunos de los temas citados, hemos [&hellip;]<\/p>\n","protected":false},"author":3742,"featured_media":0,"parent":0,"menu_order":3,"comment_status":"open","ping_status":"open","template":"","meta":{"footnotes":""},"class_list":["post-29","page","type-page","status-publish","hentry"],"_links":{"self":[{"href":"https:\/\/blogs.ua.es\/historiaoral05\/wp-json\/wp\/v2\/pages\/29","targetHints":{"allow":["GET"]}}],"collection":[{"href":"https:\/\/blogs.ua.es\/historiaoral05\/wp-json\/wp\/v2\/pages"}],"about":[{"href":"https:\/\/blogs.ua.es\/historiaoral05\/wp-json\/wp\/v2\/types\/page"}],"author":[{"embeddable":true,"href":"https:\/\/blogs.ua.es\/historiaoral05\/wp-json\/wp\/v2\/users\/3742"}],"replies":[{"embeddable":true,"href":"https:\/\/blogs.ua.es\/historiaoral05\/wp-json\/wp\/v2\/comments?post=29"}],"version-history":[{"count":6,"href":"https:\/\/blogs.ua.es\/historiaoral05\/wp-json\/wp\/v2\/pages\/29\/revisions"}],"predecessor-version":[{"id":89,"href":"https:\/\/blogs.ua.es\/historiaoral05\/wp-json\/wp\/v2\/pages\/29\/revisions\/89"}],"wp:attachment":[{"href":"https:\/\/blogs.ua.es\/historiaoral05\/wp-json\/wp\/v2\/media?parent=29"}],"curies":[{"name":"wp","href":"https:\/\/api.w.org\/{rel}","templated":true}]}}