{"id":31,"date":"2014-12-09T15:50:11","date_gmt":"2014-12-09T15:50:11","guid":{"rendered":"https:\/\/blogs.ua.es\/historiaoral05\/?page_id=31"},"modified":"2015-01-13T18:06:25","modified_gmt":"2015-01-13T18:06:25","slug":"valoracion","status":"publish","type":"page","link":"https:\/\/blogs.ua.es\/historiaoral05\/valoracion\/","title":{"rendered":"Valoraci\u00f3n"},"content":{"rendered":"<p><strong>Alejandra:<br \/>\n<\/strong><\/p>\n<p>En mi opini\u00f3n ha sido un trabajo pesado pero constructivo. Siempre es agradable que los dem\u00e1s escuchen y sepan cosas que tu escuchas cada vez que haces una visita o cada vez que se comenta algo en la televisi\u00f3n y surge el tema. Estoy personalmente contenta y agradecida, ya que aunque no hayamos podido contar con la participaci\u00f3n de tantas personas como nos habr\u00eda gustado, tenemos una gran variedad tem\u00e1tica y unas entrevistas muy ricas, llenas de sentimiento y ternura. Espero que la gente sepa valorar el esfuerzo de ambas partes, tanto de los entrevistados que han hecho gala de una prodigiosa memoria y paciencia, como de los entrevistadores que hemos tenido que desplazarnos y, en mi caso particular, luchar contra las dificultades t\u00e9cnicas y mi total nulidad hacia la inform\u00e1tica.<\/p>\n<p>En general ha sido una maravillosa experiencia que habr\u00eda disfrutado m\u00e1s si hubiera contado con m\u00e1s tiempo y menos estr\u00e9s, pero la vida es as\u00ed, est\u00e1 llena de dificultades y, la verdad, viendo lo que relatan nuestros protagonistas en los v\u00eddeos, se me quitan las ganas de quejarme.<\/p>\n<p><strong>Claudia:<\/strong><\/p>\n<p>Este trabajo me ha parecido fascinante, ya que es un tema bastante amplio e interesante a la hora de investigar. Me ha hecho mucha ilusi\u00f3n entrevistar a una persona allegada a mi y poder conocer sus vivencias en esa \u00e9poca.<\/p>\n<p>Podr\u00eda haber disfrutado m\u00e1s si no hubieran puesto el trabajo al final del cuatrismestre, ya que la ha disfrutado m\u00e1s mi compa\u00f1era Alejandra porque ha realizado m\u00e1s entrevistas. Espero que os guste y que se vea reflejado en la nota.<\/p>\n<p><a href=\"https:\/\/blogs.ua.es\/historiaoral05\/files\/2014\/12\/364-bandera-republicana-espanola_400px.jpg\"><img loading=\"lazy\" decoding=\"async\" class=\"aligncenter size-medium wp-image-120\" src=\"https:\/\/blogs.ua.es\/historiaoral05\/files\/2014\/12\/364-bandera-republicana-espanola_400px-300x180.jpg\" alt=\"364-bandera-republicana-espanola_400px\" width=\"300\" height=\"180\" srcset=\"https:\/\/blogs.ua.es\/historiaoral05\/files\/2014\/12\/364-bandera-republicana-espanola_400px-300x180.jpg 300w, https:\/\/blogs.ua.es\/historiaoral05\/files\/2014\/12\/364-bandera-republicana-espanola_400px.jpg 400w\" sizes=\"auto, (max-width: 300px) 100vw, 300px\" \/><\/a><\/p>\n<p>&nbsp;<\/p>\n","protected":false},"excerpt":{"rendered":"<p>Alejandra: En mi opini\u00f3n ha sido un trabajo pesado pero constructivo. Siempre es agradable que los dem\u00e1s escuchen y sepan cosas que tu escuchas cada vez que haces una visita o cada vez que se comenta algo en la televisi\u00f3n y surge el tema. Estoy personalmente contenta y agradecida, ya que aunque no hayamos podido [&hellip;]<\/p>\n","protected":false},"author":3742,"featured_media":0,"parent":0,"menu_order":4,"comment_status":"open","ping_status":"open","template":"","meta":{"footnotes":""},"class_list":["post-31","page","type-page","status-publish","hentry"],"_links":{"self":[{"href":"https:\/\/blogs.ua.es\/historiaoral05\/wp-json\/wp\/v2\/pages\/31","targetHints":{"allow":["GET"]}}],"collection":[{"href":"https:\/\/blogs.ua.es\/historiaoral05\/wp-json\/wp\/v2\/pages"}],"about":[{"href":"https:\/\/blogs.ua.es\/historiaoral05\/wp-json\/wp\/v2\/types\/page"}],"author":[{"embeddable":true,"href":"https:\/\/blogs.ua.es\/historiaoral05\/wp-json\/wp\/v2\/users\/3742"}],"replies":[{"embeddable":true,"href":"https:\/\/blogs.ua.es\/historiaoral05\/wp-json\/wp\/v2\/comments?post=31"}],"version-history":[{"count":5,"href":"https:\/\/blogs.ua.es\/historiaoral05\/wp-json\/wp\/v2\/pages\/31\/revisions"}],"predecessor-version":[{"id":121,"href":"https:\/\/blogs.ua.es\/historiaoral05\/wp-json\/wp\/v2\/pages\/31\/revisions\/121"}],"wp:attachment":[{"href":"https:\/\/blogs.ua.es\/historiaoral05\/wp-json\/wp\/v2\/media?parent=31"}],"curies":[{"name":"wp","href":"https:\/\/api.w.org\/{rel}","templated":true}]}}