{"id":112,"date":"2015-01-12T12:40:03","date_gmt":"2015-01-12T12:40:03","guid":{"rendered":"https:\/\/blogs.ua.es\/historiaoral08\/?page_id=112"},"modified":"2015-01-13T17:09:09","modified_gmt":"2015-01-13T17:09:09","slug":"opinion-personal","status":"publish","type":"page","link":"https:\/\/blogs.ua.es\/historiaoral08\/opinion-personal\/","title":{"rendered":"Opini\u00f3n personal"},"content":{"rendered":"<p>En un primer momento, el trabajo nos choc\u00f3 un poco puesto que nos parec\u00eda un trabajo demasiado denso como para realizarlo en apenas un mes con todo el contenido que deb\u00eda de tener (presentaciones, entrevistas, edici\u00f3n&#8230;) pero tras el impacto inicial y sobre todo, tras las clases de pr\u00e1cticas nos dimos cuenta no solo de que pod\u00edamos hacerlo perfectamente sino de que \u00edbamos a ir a por el 10.<\/p>\n<p>Este trabajo nos ha servido para algo con lo que no cont\u00e1bamos al principio y es el hecho de pararse a escuchar a la gente mayor y darse cuenta de todas las vivencias y todo el saber que traen consigo.<\/p>\n<p>Por lo tanto, creo que trabajos de este tipo nos ayudan a manejar nuevas tecnolog\u00edas (algo indispensable en nuestra generaci\u00f3n) pero tambi\u00e9n a conocer m\u00e1s sobre la historia de aquello que nos rodea y a darnos cuenta en definitiva de la importancia y el peso que puede y debe tener la historia oral en el mundo de la historia pues aporta una enorme informaci\u00f3n que no debe de ser menospreciada por el simple hecho de que sea contada por alguien, \u00bfacaso los textos tan &#8220;fiables&#8221; no han sido escritos tambi\u00e9n por personas?<\/p>\n<p>&nbsp;<\/p>\n","protected":false},"excerpt":{"rendered":"<p>En un primer momento, el trabajo nos choc\u00f3 un poco puesto que nos parec\u00eda un trabajo demasiado denso como para realizarlo en apenas un mes con todo el contenido que deb\u00eda de tener (presentaciones, entrevistas, edici\u00f3n&#8230;) pero tras el impacto &hellip; <a href=\"https:\/\/blogs.ua.es\/historiaoral08\/opinion-personal\/\">Continue reading <span class=\"meta-nav\">&rarr;<\/span><\/a><\/p>\n","protected":false},"author":3618,"featured_media":0,"parent":0,"menu_order":7,"comment_status":"open","ping_status":"open","template":"","meta":{"footnotes":""},"class_list":["post-112","page","type-page","status-publish","hentry"],"_links":{"self":[{"href":"https:\/\/blogs.ua.es\/historiaoral08\/wp-json\/wp\/v2\/pages\/112","targetHints":{"allow":["GET"]}}],"collection":[{"href":"https:\/\/blogs.ua.es\/historiaoral08\/wp-json\/wp\/v2\/pages"}],"about":[{"href":"https:\/\/blogs.ua.es\/historiaoral08\/wp-json\/wp\/v2\/types\/page"}],"author":[{"embeddable":true,"href":"https:\/\/blogs.ua.es\/historiaoral08\/wp-json\/wp\/v2\/users\/3618"}],"replies":[{"embeddable":true,"href":"https:\/\/blogs.ua.es\/historiaoral08\/wp-json\/wp\/v2\/comments?post=112"}],"version-history":[{"count":5,"href":"https:\/\/blogs.ua.es\/historiaoral08\/wp-json\/wp\/v2\/pages\/112\/revisions"}],"predecessor-version":[{"id":117,"href":"https:\/\/blogs.ua.es\/historiaoral08\/wp-json\/wp\/v2\/pages\/112\/revisions\/117"}],"wp:attachment":[{"href":"https:\/\/blogs.ua.es\/historiaoral08\/wp-json\/wp\/v2\/media?parent=112"}],"curies":[{"name":"wp","href":"https:\/\/api.w.org\/{rel}","templated":true}]}}