{"id":129,"date":"2015-01-13T17:07:55","date_gmt":"2015-01-13T17:07:55","guid":{"rendered":"https:\/\/blogs.ua.es\/historiaoral08\/?page_id=129"},"modified":"2015-01-13T17:12:40","modified_gmt":"2015-01-13T17:12:40","slug":"metodologia","status":"publish","type":"page","link":"https:\/\/blogs.ua.es\/historiaoral08\/metodologia\/","title":{"rendered":"Metodolog\u00eda"},"content":{"rendered":"<p>Para realizar este trabajo seguimos unos pasos ordenados con el fin de poder hacer las entrevistas con la mayor cantidad de informaci\u00f3n y poder realizar unas preguntas correctas a las personas entrevistadas.<\/p>\n<p>Primero, determinamos quienes ser\u00edan las personas entrevistadas y seg\u00fan su contexto, nos empezamos a formar sobre el tema, ya que dependiendo de lo que pudiesen vivir, podr\u00edan contestarnos a algunas preguntas y a otras no. Por lo tanto, una vez que ya sab\u00edamos el contexto de las personas a las que \u00edbamos a entrevistar, le\u00edda un poco de informaci\u00f3n sobre el tema correspondiente, nos dispusimos a hacer las preguntas para las diferentes personas.<\/p>\n<p>Nos citamos con los entrevistados en su hogar, con el fin de hacerlos sentir m\u00e1s c\u00f3modos y para tener un ambiente propicio para la grabaci\u00f3n (silencioso, con luz&#8230;). All\u00ed, los entrevistados nos contaron un poco de su vida evaluando si las todas las preguntas iban a ser las correctas. Tras esto, nos respondieron a las preguntas de manera amistosa y muy orgullosos de poder contarnos sus vivencias\u00a0y que a nosotros nos interesara lo que nos estaba contando. Los grabamos con los m\u00f3viles, ya que hoy en d\u00eda poseen c\u00e1maras bastante aceptables y para nosotros era lo m\u00e1s c\u00f3modo a la hora de pasarlo al pc, aunque para algunas entrevistas, debido a la longitud de ella, se tuvo que usar una c\u00e1mara digital.<\/p>\n<p>Una vez, que ten\u00edamos los v\u00eddeos ya en el pc, procedimos al recortado. Usamos un programa de sencillo montaje como es el <a title=\"Movie Maker\" href=\"http:\/\/windows.microsoft.com\/es-es\/windows-live\/movie-maker\" target=\"_blank\">Movie Maker<\/a> de Microsoft. As\u00ed separamos la informaci\u00f3n que era relevante respecto a nuestro proyecto y la que no ci\u00f1\u00e9ndonos al tiempo deseado. Grabamos las entrevistas en un formato AVI, lo que facilita su reproducci\u00f3n en los equipos\u00a0inform\u00e1ticos y su posterior subida a la red.<\/p>\n<p>Como ya hab\u00edamos creado nuestro canal de <a title=\"Youtube\" href=\"https:\/\/www.youtube.com\/\" target=\"_blank\">Youtube<\/a>, en el taller junto con el resto de nuestros compa\u00f1eros, solo tuvimos que subir el v\u00eddeo y poner una descripci\u00f3n de este.<\/p>\n<p>Finalmente, los pusimos en entradas junto con una descripci\u00f3n de la entrevista, un contexto hist\u00f3rico donde introducimos un breve desarrollo de los \u00edtems a destacar de las entrevistas, con su correspondiente bibliograf\u00eda justificada con la norma ISO y una ficha t\u00e9cnica de cada persona a\u00f1adiendo; Nombre y Apellidos, Edad, Fecha de realizaci\u00f3n de la entrevista y Localidad donde se realiz\u00f3, adem\u00e1s del nombre de quien la grabase. Incluimos tambi\u00e9n unas etiquetas y categor\u00edas de los temas, para una mayor comodidad de quien entrase al blog buscando un tema espec\u00edfico.<\/p>\n<p>&nbsp;<\/p>\n","protected":false},"excerpt":{"rendered":"<p>Para realizar este trabajo seguimos unos pasos ordenados con el fin de poder hacer las entrevistas con la mayor cantidad de informaci\u00f3n y poder realizar unas preguntas correctas a las personas entrevistadas. Primero, determinamos quienes ser\u00edan las personas entrevistadas y &hellip; <a href=\"https:\/\/blogs.ua.es\/historiaoral08\/metodologia\/\">Continue reading <span class=\"meta-nav\">&rarr;<\/span><\/a><\/p>\n","protected":false},"author":3641,"featured_media":0,"parent":0,"menu_order":4,"comment_status":"open","ping_status":"open","template":"","meta":{"footnotes":""},"class_list":["post-129","page","type-page","status-publish","hentry"],"_links":{"self":[{"href":"https:\/\/blogs.ua.es\/historiaoral08\/wp-json\/wp\/v2\/pages\/129","targetHints":{"allow":["GET"]}}],"collection":[{"href":"https:\/\/blogs.ua.es\/historiaoral08\/wp-json\/wp\/v2\/pages"}],"about":[{"href":"https:\/\/blogs.ua.es\/historiaoral08\/wp-json\/wp\/v2\/types\/page"}],"author":[{"embeddable":true,"href":"https:\/\/blogs.ua.es\/historiaoral08\/wp-json\/wp\/v2\/users\/3641"}],"replies":[{"embeddable":true,"href":"https:\/\/blogs.ua.es\/historiaoral08\/wp-json\/wp\/v2\/comments?post=129"}],"version-history":[{"count":2,"href":"https:\/\/blogs.ua.es\/historiaoral08\/wp-json\/wp\/v2\/pages\/129\/revisions"}],"predecessor-version":[{"id":131,"href":"https:\/\/blogs.ua.es\/historiaoral08\/wp-json\/wp\/v2\/pages\/129\/revisions\/131"}],"wp:attachment":[{"href":"https:\/\/blogs.ua.es\/historiaoral08\/wp-json\/wp\/v2\/media?parent=129"}],"curies":[{"name":"wp","href":"https:\/\/api.w.org\/{rel}","templated":true}]}}