{"id":23,"date":"2014-12-04T09:44:00","date_gmt":"2014-12-04T09:44:00","guid":{"rendered":"https:\/\/blogs.ua.es\/historiaoral08\/?page_id=23"},"modified":"2015-01-13T17:20:02","modified_gmt":"2015-01-13T17:20:02","slug":"contexto","status":"publish","type":"page","link":"https:\/\/blogs.ua.es\/historiaoral08\/contexto\/","title":{"rendered":"Contexto"},"content":{"rendered":"<p>El trabajo esta contextualizado entre el final de la dictadura franquista y el inicio de la transici\u00f3n.<\/p>\n<p><a title=\"Francisco Franco\" href=\"http:\/\/es.wikipedia.org\/wiki\/Francisco_Franco\" target=\"_blank\"><strong>\u00bfQuien era Franco?<\/strong><\/a><\/p>\n<p><b>Francisco Franco Bahamonde<\/b>\u00a0(El Ferrol,La Coru\u00f1a,\u00a04 de diciembre\u00a0de\u00a01892-Madrid,\u00a020 de noviembre\u00a0de\u00a01975), conocido como\u00a0<b>Francisco Franco<\/b>, el\u00a0<b>Caudillo<\/b>, el\u00a0<b>General\u00edsimo<\/b>\u00a0o simplemente\u00a0<b>Franco<\/b>, fue un\u00a0militar\u00a0y\u00a0dictador\u00a0espa\u00f1ol, integrante del\u00a0Golpe de Estado en Espa\u00f1a de julio de 1936\u00a0contra el gobierno\u00a0democr\u00e1tico\u00a0de la\u00a0Segunda Rep\u00fablica, que desemboc\u00f3 en la\u00a0Guerra Civil Espa\u00f1ola. Fue investido como jefe supremo del bando sublevado el\u00a01 de octubre\u00a0de\u00a01936, ejerciendo como\u00a0jefe de Estado de Espa\u00f1a\u00a0desde el t\u00e9rmino del conflicto hasta su fallecimiento en1975, y como\u00a0jefe de Gobierno\u00a0entre 1938 y 1973.<\/p>\n<p>Fue l\u00edder del\u00a0partido \u00fanico\u00a0Falange Espa\u00f1ola Tradicionalista y de las JONS, en el que se apoy\u00f3 para establecer un r\u00e9gimen\u00a0fascista\u00a0en sus comienzos, que m\u00e1s tarde derivar\u00eda en unadictadura, conocida como\u00a0franquismo, de tipo conservador, cat\u00f3lico y anticomunista. Este cambio se debi\u00f3 a la derrota del fascismo en la\u00a0Segunda Guerra Mundial. Aglutin\u00f3 en torno al culto a su persona diferentes tendencias delconservadurismo, elnacionalismo\u00a0y elcatolicismo\u00a0opuestas a laizquierda pol\u00edtica\u00a0y al desarrollo de formasdemocr\u00e1ticas\u00a0de gobierno.<\/p>\n<p>Durante su mandato al frente del Ej\u00e9rcito y de la Jefatura del Estado, especialmente durante la Guerra Civil y los primeros a\u00f1os del r\u00e9gimen, tuvieron lugar m\u00faltiples violaciones de los\u00a0derechos humanos, seg\u00fan se\u00f1alan numerosas investigacioneshist\u00f3ricas\u00a0y\u00a0denuncias\u00a0de particulares.\u00a0La cifra total de v\u00edctimas mortales var\u00eda en torno a varios centenares de miles de personas, que perecieron en su mayor\u00eda en\u00a0campos de concentraci\u00f3n, ejecuciones extrajudiciales o en prisi\u00f3n.<\/p>\n<p><a title=\"Franquismo\" href=\"http:\/\/es.wikipedia.org\/wiki\/Franquismo\" target=\"_blank\"><strong>\u00bfQue es el franquismo?<\/strong><\/a><\/p>\n<p><b style=\"color: #252525;font-family: sans-serif;font-size: 14px;font-style: normal;line-height: 22.3999996185303px;background-color: #ffffff\">Franquismo<\/b><span style=\"color: #252525;font-family: sans-serif;font-size: 14px;font-style: normal;line-height: 22.3999996185303px;background-color: #ffffff\">\u00a0es el t\u00e9rmino empleado para referirse a la ideolog\u00eda pol\u00edtica<\/span><span style=\"color: #252525;font-family: sans-serif;font-size: 14px;font-style: normal;line-height: 22.3999996185303px;background-color: #ffffff\">\u00a0ymovimiento social<\/span><span style=\"color: #0b0080;font-family: sans-serif\"><span style=\"font-size: 14px;line-height: 22.3999996185303px;background-color: #ffffff\">\u00a0<\/span><\/span><span style=\"color: #252525;font-family: sans-serif;font-size: 14px;font-style: normal;line-height: 22.3999996185303px;background-color: #ffffff\">de corte fascista<\/span><span style=\"color: #0b0080;font-family: sans-serif\"><span style=\"font-size: 14px;line-height: 22.3999996185303px;background-color: #ffffff\">\u00a0<\/span><\/span><sup id=\"cite_ref-montenegro_1-0\" class=\"reference\" style=\"line-height: 1em;font-style: normal;color: #252525;font-family: sans-serif;background-color: #ffffff\"><\/sup><span style=\"color: #252525;font-family: sans-serif;font-size: 14px;font-style: normal;line-height: 22.3999996185303px;background-color: #ffffff\">que sirvi\u00f3 de apoyo y sustento a la dictadra<\/span><span style=\"color: #252525;font-family: sans-serif;font-size: 14px;font-style: normal;line-height: 22.3999996185303px;background-color: #ffffff\">\u00a0surgida en \u00a0Espa\u00f1a<\/span><span style=\"color: #252525;font-family: sans-serif;font-size: 14px;font-style: normal;line-height: 22.3999996185303px;background-color: #ffffff\">\u00a0durante la Guerra Civil<\/span><span style=\"color: #252525;font-family: sans-serif;font-size: 14px;font-style: normal;line-height: 22.3999996185303px;background-color: #ffffff\">\u00a0entre 1936<\/span><span style=\"color: #252525;font-family: sans-serif;font-size: 14px;font-style: normal;line-height: 22.3999996185303px;background-color: #ffffff\">\u00a0y 1939<\/span><span style=\"color: #252525;font-family: sans-serif;font-size: 14px;font-style: normal;line-height: 22.3999996185303px;background-color: #ffffff\">, y que liderado por el guenera, Francisco Franco<\/span><span style=\"color: #252525;font-family: sans-serif;font-size: 14px;font-style: normal;line-height: 22.3999996185303px;background-color: #ffffff\">, derroc\u00f3<\/span><span style=\"color: #252525;font-family: sans-serif;font-size: 14px;font-style: normal;line-height: 22.3999996185303px;background-color: #ffffff\">\u00a0el gobierno de la Segunda Rep\u00fablica<\/span><span style=\"color: #0b0080;font-family: sans-serif\"><span style=\"font-size: 14px;line-height: 22.3999996185303px;background-color: #ffffff\">\u00a0<\/span><\/span><span style=\"color: #252525;font-family: sans-serif;font-size: 14px;font-style: normal;line-height: 22.3999996185303px;background-color: #ffffff\">y prevaleci\u00f3 hasta su muerte en\u00a01975.<\/span><span style=\"color: #faa700;font-family: sans-serif\"><span style=\"font-size: 14px;line-height: 22.3999996185303px;background-color: #ffffff\"><span style=\"text-decoration: underline\"><br \/>\n<\/span><\/span><\/span><\/p>\n<p><a title=\"Fin del franquismo\" href=\"http:\/\/www.artehistoria.com\/v2\/contextos\/7414.htm\" target=\"_blank\"><strong>Fin del franquismo<\/strong><\/a><\/p>\n<p>La\u00a0muerte de Franco\u00a0puso fin al R\u00e9gimen, ya que se presenta un factor decisivo para el mantenimiento del mismo, pero precisamente por ello no existe posibilidad alguna de sucesi\u00f3n, y su muerte obliga a un replanteamiento general de la vida pol\u00edtica, hecho que corresponde a la\u00a0transici\u00f3n.<\/p>\n<p><strong><a title=\"Transici\u00f3n Espa\u00f1ola\" href=\"http:\/\/es.wikipedia.org\/wiki\/Transici%C3%B3n_Espa%C3%B1ola\" target=\"_blank\">Transici\u00f3n<\/a><\/strong><\/p>\n<p>La\u00a0<b>Transici\u00f3n Espa\u00f1ola<\/b>\u00a0es el per\u00edodo hist\u00f3rico durante el cual se llev\u00f3 a cabo el proceso por el que Espa\u00f1a\u00a0dej\u00f3 atr\u00e1s el\u00a0r\u00e9gimen dictatorial del general Francisco Franco\u00a0y pas\u00f3 a regirse por una\u00a0constituci\u00f3n\u00a0que consagraba un\u00a0Estado social\u00a0y\u00a0democr\u00e1tico\u00a0de Derecho. La tambi\u00e9n llamada\u00a0<b>transici\u00f3n democr\u00e1tica\u00a0<\/b>constituye la primera etapa del\u00a0Reinado de Juan Carlos I de Espa\u00f1a.<\/p>\n<p>&nbsp;<\/p>\n","protected":false},"excerpt":{"rendered":"<p>El trabajo esta contextualizado entre el final de la dictadura franquista y el inicio de la transici\u00f3n. \u00bfQuien era Franco? Francisco Franco Bahamonde\u00a0(El Ferrol,La Coru\u00f1a,\u00a04 de diciembre\u00a0de\u00a01892-Madrid,\u00a020 de noviembre\u00a0de\u00a01975), conocido como\u00a0Francisco Franco, el\u00a0Caudillo, el\u00a0General\u00edsimo\u00a0o simplemente\u00a0Franco, fue un\u00a0militar\u00a0y\u00a0dictador\u00a0espa\u00f1ol, integrante del\u00a0Golpe de &hellip; <a href=\"https:\/\/blogs.ua.es\/historiaoral08\/contexto\/\">Continue reading <span class=\"meta-nav\">&rarr;<\/span><\/a><\/p>\n","protected":false},"author":3618,"featured_media":0,"parent":0,"menu_order":1,"comment_status":"open","ping_status":"open","template":"","meta":{"footnotes":""},"class_list":["post-23","page","type-page","status-publish","hentry"],"_links":{"self":[{"href":"https:\/\/blogs.ua.es\/historiaoral08\/wp-json\/wp\/v2\/pages\/23","targetHints":{"allow":["GET"]}}],"collection":[{"href":"https:\/\/blogs.ua.es\/historiaoral08\/wp-json\/wp\/v2\/pages"}],"about":[{"href":"https:\/\/blogs.ua.es\/historiaoral08\/wp-json\/wp\/v2\/types\/page"}],"author":[{"embeddable":true,"href":"https:\/\/blogs.ua.es\/historiaoral08\/wp-json\/wp\/v2\/users\/3618"}],"replies":[{"embeddable":true,"href":"https:\/\/blogs.ua.es\/historiaoral08\/wp-json\/wp\/v2\/comments?post=23"}],"version-history":[{"count":3,"href":"https:\/\/blogs.ua.es\/historiaoral08\/wp-json\/wp\/v2\/pages\/23\/revisions"}],"predecessor-version":[{"id":139,"href":"https:\/\/blogs.ua.es\/historiaoral08\/wp-json\/wp\/v2\/pages\/23\/revisions\/139"}],"wp:attachment":[{"href":"https:\/\/blogs.ua.es\/historiaoral08\/wp-json\/wp\/v2\/media?parent=23"}],"curies":[{"name":"wp","href":"https:\/\/api.w.org\/{rel}","templated":true}]}}