{"id":46,"date":"2014-12-12T16:41:07","date_gmt":"2014-12-12T16:41:07","guid":{"rendered":"https:\/\/blogs.ua.es\/historiaoral08\/?page_id=46"},"modified":"2015-01-13T17:09:32","modified_gmt":"2015-01-13T17:09:32","slug":"bibliografia","status":"publish","type":"page","link":"https:\/\/blogs.ua.es\/historiaoral08\/bibliografia\/","title":{"rendered":"Bibliografia"},"content":{"rendered":"<p>Francisco Franco.Wikipedia:La Enciclopedia Libre.[en linea][consulta : 15:43 13 de Enero de 2015]Disponible en: <a href=\"http:\/\/es.wikipedia.org\/wiki\/Francisco_Franco\">http:\/\/es.wikipedia.org\/wiki\/Francisco_Franco<\/a><\/p>\n<p>Wikipedia:La Enciclopedia Libre[en linea][consulta : 15:43 13 de Enero de 2015]Disponible en: <a href=\"http:\/\/es.wikipedia.org\/wiki\/Franquismo\">http:\/\/es.wikipedia.org\/wiki\/Franquismo<\/a><\/p>\n<p>El final del franquismo.ARTEHISTORIA V2, la p\u00e1gina del Arte y la Cultura en Espa\u00f1ol.[en linea][consulta : 15:48 13 de Enero de 2015]Disponible en: <a href=\"http:\/\/www.artehistoria.com\/v2\/contextos\/7414.htm\">http:\/\/www.artehistoria.com\/v2\/contextos\/7414.htm<\/a><\/p>\n<p>Transici\u00f3n Espa\u00f1ola.Wikipedia:La Enciclopedia Libre[en linea][consulta : 15:50 13 de Enero de 2015]Disponible en: <a href=\"http:\/\/es.wikipedia.org\/wiki\/Transici%C3%B3n_Espa%C3%B1ola\">http:\/\/es.wikipedia.org\/wiki\/Transici%C3%B3n_Espa%C3%B1ola<\/a><\/p>\n<p>El tiempo vivido 2011-2012.El tiempo vivido 2011-2012: La familia[en linea][consulta : 15:54 13 de Enero de 2015]Disponible en:\u00a0<a href=\"http:\/\/eltiempovividoalbacorderorojas.blogspot.com.es\/2012\/04\/la-familia-en-la-epoca-de-franco.html\">http:\/\/eltiempovividoalbacorderorojas.blogspot.com.es\/2012\/04\/la-familia-en-la-epoca-de-franco.html<\/a><\/p>\n<p>UPyD y LA SEGUNDA TRANSICI\u00d3N\u00a0ESPA\u00d1OLA.Inicio &#8211; WordPress.com[en linea][consulta : 15:57 13 de Enero de 2015]Disponible en:\u00a0<a href=\"http:\/\/inpurisnaturalibus.wordpress.com\/2011\/11\/06\/upyd-y-la-segunda-transicion-espanola\/\">http:\/\/inpurisnaturalibus.wordpress.com\/2011\/11\/06\/upyd-y-la-segunda-transicion-espanola\/<\/a><\/p>\n<p>La educaci\u00f3n en Espa\u00f1a en la \u00e9poca de la dictadura (1938-1970). Universidad Polit\u00e9cnica de Cartagena [en l\u00ednea]. [consulta: 13:30 12 de Enero del 2015]. Disponibleen:\u00a0<a href=\"https:\/\/www.upct.es\/seeu\/_as\/divulgacion_cyt_09\/Libro_Historia_Ciencia\/web\/mapa-centros\/La%20educacion%20durante%20la%20Dictadura.htm\">https:\/\/www.upct.es\/seeu\/_as\/divulgacion_cyt_09\/Libro_Historia_Ciencia\/web\/mapa-centros\/La%20educacion%20durante%20la%20Dictadura.htm<\/a><\/p>\n<p>La industria en Alcoy.Alicante Vivo [en l\u00ednea]. [consulta: 13:35 12 de Enero del 2015]. Disponible en: <a href=\"http:\/\/www.alicantevivo.org\/2007\/03\/nuestra-provincia-15-el-alcoy.html\">http:\/\/www.alicantevivo.org\/2007\/03\/nuestra-provincia-15-el-alcoy.html<\/a><\/p>\n<p>&nbsp;<\/p>\n<p>Ni\u00f1os de Rusia. Wikipedia: la enciclopedia libre [en l\u00ednea] [09:15, 12 de Enero de 2015] Disponible en: <a href=\"http:\/\/es.wikipedia.org\/wiki\/Ni%C3%B1os_de_Rusia\">http:\/\/es.wikipedia.org\/wiki\/Ni%C3%B1os_de_Rusia<\/a><\/p>\n<p>&nbsp;<\/p>\n<p>La educaci\u00f3n en Espa\u00f1a en la \u00e9poca de la dictadura (1938-1970). Universidad Polit\u00e9cnica de Cartagena [en l\u00ednea]. [consulta: 08:50 12 de Enero del 2015]. Disponible en:\u00a0<a href=\"https:\/\/www.upct.es\/seeu\/_as\/divulgacion_cyt_09\/Libro_Historia_Ciencia\/web\/mapa-centros\/La%20educacion%20durante%20la%20Dictadura.htm\">https:\/\/www.upct.es\/seeu\/_as\/divulgacion_cyt_09\/Libro_Historia_Ciencia\/web\/mapa-centros\/La%20educacion%20durante%20la%20Dictadura.htm<\/a><\/p>\n<p>Uni\u00f3n Sovi\u00e9tica. Wikipedia: La enciclopedia libre [en l\u00ednea] [consulta: 09:06, 12 de Enero del 2014] Disponible \u00a0en : <a href=\"http:\/\/es.wikipedia.org\/wiki\/Uni%C3%B3n_Sovi%C3%A9tica#Educaci.C3.B3n\">http:\/\/es.wikipedia.org\/wiki\/Uni%C3%B3n_Sovi%C3%A9tica#Educaci.C3.B3n<\/a><\/p>\n<p>Econom\u00eda de Espa\u00f1a durante la autarqu\u00eda franquista. Wikipedia: La Enciclopedia libre. [en l\u00ednea] [consulta: 09:30, 12 de Enero del 2015] Disponible en:\u00a0<a href=\"http:\/\/es.wikipedia.org\/wiki\/Econom%C3%ADa_de_Espa%C3%B1a_durante_la_autarqu%C3%ADa_franquista\">http:\/\/es.wikipedia.org\/wiki\/Econom%C3%ADa_de_Espa%C3%B1a_durante_la_autarqu%C3%ADa_franquista<\/a><\/p>\n<p>Moros y Cristianos de Alcoy. Wikipedia: La Enciclopedia libre. [en l\u00ednea] [consulta: 12:45, 12 de Enero del 2015] Disponible en: http:\/\/es.wikipedia.org\/wiki\/Moros_y_Cristianos_de_Alcoy<\/p>\n<p>Cabalgata de los reyes magos de Alcoy. Wikipedia: La Enciclopedia libre. [en l\u00ednea] [consulta: 12:44, 12 de Enero del 2015] Disponible en: <a href=\"http:\/\/es.wikipedia.org\/wiki\/Cabalgata_de_Reyes_Magos_de_Alcoy\">http:\/\/es.wikipedia.org\/wiki\/Cabalgata_de_Reyes_Magos_de_Alcoy<\/a><\/p>\n<p>Secci\u00f3n femenina. Wikipedia: La Enciclopedia libre. [en l\u00ednea] [consulta: 12:47, 12 de Enero del 2015] Disponible en: <a href=\"http:\/\/es.wikipedia.org\/wiki\/Secci%C3%B3n_Femenina\">http:\/\/es.wikipedia.org\/wiki\/Secci%C3%B3n_Femenina<\/a><\/p>\n<p>El atentado contra Carrero Blanco.Interoute and VIA NET.WORKS complete acquisition. [en l\u00ednea] [consulta: 12:53, 12 de Enero del 2015] Disponible en: <a href=\"http:\/\/www.vianetworks.es\/personal\/angelberto\/CarrBlanco.htm\">http:\/\/www.vianetworks.es\/personal\/angelberto\/CarrBlanco.htm<\/a><\/p>\n<p>20N.Wikipedia:La Enciclopedia Libre [en l\u00ednea] [consulta: 12:58, 12 de Enero del 2015] Disponible en: <a href=\"http:\/\/es.wikipedia.org\/wiki\/20N#La_muerte_de_Franco_y_los_primeros_20N\">http:\/\/es.wikipedia.org\/wiki\/20N#La_muerte_de_Franco_y_los_primeros_20N<\/a><\/p>\n<p>Arias Navarro, Franco ha muerto.YouTube [en l\u00ednea] [consulta: 13:04, 12 de Enero del 2015] Disponible en:\u00a0<a href=\"https:\/\/www.youtube.com\/watch?v=IbTcTnxGjVo\">https:\/\/www.youtube.com\/watch?v=IbTcTnxGjVo<\/a><\/p>\n<p>La TV en el franquismo.WordPress.com: crea un sitio web o un blog gratuitos. [en l\u00ednea] [consulta: 12:28, 12 de Enero del 2015] Disponible en: <a href=\"https:\/\/mundoria.wordpress.com\/la-tv-en-el-franquismo\/\">https:\/\/mundoria.wordpress.com\/la-tv-en-el-franquismo\/<\/a><\/p>\n<p>&nbsp;<\/p>\n","protected":false},"excerpt":{"rendered":"<p>Francisco Franco.Wikipedia:La Enciclopedia Libre.[en linea][consulta : 15:43 13 de Enero de 2015]Disponible en: http:\/\/es.wikipedia.org\/wiki\/Francisco_Franco Wikipedia:La Enciclopedia Libre[en linea][consulta : 15:43 13 de Enero de 2015]Disponible en: http:\/\/es.wikipedia.org\/wiki\/Franquismo El final del franquismo.ARTEHISTORIA V2, la p\u00e1gina del Arte y la Cultura en &hellip; <a href=\"https:\/\/blogs.ua.es\/historiaoral08\/bibliografia\/\">Continue reading <span class=\"meta-nav\">&rarr;<\/span><\/a><\/p>\n","protected":false},"author":3618,"featured_media":0,"parent":0,"menu_order":6,"comment_status":"open","ping_status":"open","template":"","meta":{"footnotes":""},"class_list":["post-46","page","type-page","status-publish","hentry"],"_links":{"self":[{"href":"https:\/\/blogs.ua.es\/historiaoral08\/wp-json\/wp\/v2\/pages\/46","targetHints":{"allow":["GET"]}}],"collection":[{"href":"https:\/\/blogs.ua.es\/historiaoral08\/wp-json\/wp\/v2\/pages"}],"about":[{"href":"https:\/\/blogs.ua.es\/historiaoral08\/wp-json\/wp\/v2\/types\/page"}],"author":[{"embeddable":true,"href":"https:\/\/blogs.ua.es\/historiaoral08\/wp-json\/wp\/v2\/users\/3618"}],"replies":[{"embeddable":true,"href":"https:\/\/blogs.ua.es\/historiaoral08\/wp-json\/wp\/v2\/comments?post=46"}],"version-history":[{"count":5,"href":"https:\/\/blogs.ua.es\/historiaoral08\/wp-json\/wp\/v2\/pages\/46\/revisions"}],"predecessor-version":[{"id":128,"href":"https:\/\/blogs.ua.es\/historiaoral08\/wp-json\/wp\/v2\/pages\/46\/revisions\/128"}],"wp:attachment":[{"href":"https:\/\/blogs.ua.es\/historiaoral08\/wp-json\/wp\/v2\/media?parent=46"}],"curies":[{"name":"wp","href":"https:\/\/api.w.org\/{rel}","templated":true}]}}