{"id":7,"date":"2014-11-28T09:52:45","date_gmt":"2014-11-28T09:52:45","guid":{"rendered":"https:\/\/blogs.ua.es\/historiaoral08\/?page_id=7"},"modified":"2014-11-28T09:54:28","modified_gmt":"2014-11-28T09:54:28","slug":"presentacion","status":"publish","type":"page","link":"https:\/\/blogs.ua.es\/historiaoral08\/presentacion\/","title":{"rendered":"Presentaci\u00f3n"},"content":{"rendered":"<p>\u00a1Hola! Somos los alumnos Ignacio Ponsoda Llorens y Aitana Navarro P\u00e9rez del primer curso del grado de Historia\/Geograf\u00eda y ordenaci\u00f3n del territorio de la Universidad de Alicante.<\/p>\n<p>Esto es un trabajo de la asignatura Fuentes y documentos para la historia en el que entrevistaremos a una serie de personas para que nos cuenten su experiencia sobre el final de la \u00e9poca franquista as\u00ed como de la transici\u00f3n y completar junto con otros compa\u00f1eros un archivo que recoja informaci\u00f3n en formato de historia oral sobre este tema.<\/p>\n","protected":false},"excerpt":{"rendered":"<p>\u00a1Hola! Somos los alumnos Ignacio Ponsoda Llorens y Aitana Navarro P\u00e9rez del primer curso del grado de Historia\/Geograf\u00eda y ordenaci\u00f3n del territorio de la Universidad de Alicante. Esto es un trabajo de la asignatura Fuentes y documentos para la historia &hellip; <a href=\"https:\/\/blogs.ua.es\/historiaoral08\/presentacion\/\">Continue reading <span class=\"meta-nav\">&rarr;<\/span><\/a><\/p>\n","protected":false},"author":3618,"featured_media":0,"parent":0,"menu_order":0,"comment_status":"open","ping_status":"open","template":"","meta":{"footnotes":""},"class_list":["post-7","page","type-page","status-publish","hentry"],"_links":{"self":[{"href":"https:\/\/blogs.ua.es\/historiaoral08\/wp-json\/wp\/v2\/pages\/7","targetHints":{"allow":["GET"]}}],"collection":[{"href":"https:\/\/blogs.ua.es\/historiaoral08\/wp-json\/wp\/v2\/pages"}],"about":[{"href":"https:\/\/blogs.ua.es\/historiaoral08\/wp-json\/wp\/v2\/types\/page"}],"author":[{"embeddable":true,"href":"https:\/\/blogs.ua.es\/historiaoral08\/wp-json\/wp\/v2\/users\/3618"}],"replies":[{"embeddable":true,"href":"https:\/\/blogs.ua.es\/historiaoral08\/wp-json\/wp\/v2\/comments?post=7"}],"version-history":[{"count":1,"href":"https:\/\/blogs.ua.es\/historiaoral08\/wp-json\/wp\/v2\/pages\/7\/revisions"}],"predecessor-version":[{"id":8,"href":"https:\/\/blogs.ua.es\/historiaoral08\/wp-json\/wp\/v2\/pages\/7\/revisions\/8"}],"wp:attachment":[{"href":"https:\/\/blogs.ua.es\/historiaoral08\/wp-json\/wp\/v2\/media?parent=7"}],"curies":[{"name":"wp","href":"https:\/\/api.w.org\/{rel}","templated":true}]}}