{"id":11,"date":"2014-12-05T12:03:28","date_gmt":"2014-12-05T12:03:28","guid":{"rendered":"https:\/\/blogs.ua.es\/historiaoral10\/?page_id=11"},"modified":"2015-01-13T16:26:42","modified_gmt":"2015-01-13T16:26:42","slug":"metodologia","status":"publish","type":"page","link":"https:\/\/blogs.ua.es\/historiaoral10\/metodologia\/","title":{"rendered":"Metodolog\u00eda"},"content":{"rendered":"<div class=\"page\" title=\"Page 1\">\n<div class=\"section\">\n<div class=\"layoutArea\">\n<div class=\"column\">\n<p>Para hacer las entrevistas que se solicitan para el trabajo pr\u00e1ctico sobre Creaci\u00f3n de fuentes orales de la asignatura Fuentes y Documentos para la Historia, perteneciente al 1o curso del grado de Historia de la Universidad de Alicante, he asistido al curso en el cual, nuestro profesor Carrasco, ha explicado como se crea un blog en el sito de nuestra universidad.<\/p>\n<p>He participado al Taller de Historia Oral, en el cual los profesores han explicado como elegir el tema, como preparar las preguntas, como crear un v\u00ednculo con los entrevistados y hacer que las personas esten tranquilos y listos para contestar a las preguntas, y han explicado cuales son las modalidades para crear un canal en YouTube.<\/p>\n<p>Personalmente, no conozco muchos espa\u00f1oles adultos. Por eso, he entrevistado a mi padre, que claramente es italiano, y una amiga de la familia, que es catalana. El tema elegido para las entrevistas tiene como marco temporal la \u201cPostguerra y Franquismo a trav\u00e9s de fuentes orales\u201d. Para las entrevistas he elegido el tema de la Educaci\u00f3n. Este tema y las diferentes modalidades de Educaci\u00f3n entre dos pa\u00edses, Italia y Espa\u00f1a, que me est\u00e1 muy pr\u00f3ximo porque , ahora mismo, estoy viviendo personalmente la diferencia de la Educaci\u00f3n entre la universidad italiana y la espa\u00f1ola. Por esto, me ha gustado mucho tratar este argumento para destacar las diferencias entre las dos metodolog\u00edas.<\/p>\n<\/div>\n<\/div>\n<\/div>\n<\/div>\n","protected":false},"excerpt":{"rendered":"<p>Para hacer las entrevistas que se solicitan para el trabajo pr\u00e1ctico sobre Creaci\u00f3n de fuentes orales de la asignatura Fuentes y Documentos para la Historia, perteneciente al 1o curso del grado de Historia de la Universidad de Alicante, he asistido al curso en el cual, nuestro profesor Carrasco, ha explicado como se crea un blog [&hellip;]<\/p>\n","protected":false},"author":3727,"featured_media":0,"parent":0,"menu_order":3,"comment_status":"open","ping_status":"open","template":"","meta":{"footnotes":""},"class_list":["post-11","page","type-page","status-publish","hentry"],"_links":{"self":[{"href":"https:\/\/blogs.ua.es\/historiaoral10\/wp-json\/wp\/v2\/pages\/11","targetHints":{"allow":["GET"]}}],"collection":[{"href":"https:\/\/blogs.ua.es\/historiaoral10\/wp-json\/wp\/v2\/pages"}],"about":[{"href":"https:\/\/blogs.ua.es\/historiaoral10\/wp-json\/wp\/v2\/types\/page"}],"author":[{"embeddable":true,"href":"https:\/\/blogs.ua.es\/historiaoral10\/wp-json\/wp\/v2\/users\/3727"}],"replies":[{"embeddable":true,"href":"https:\/\/blogs.ua.es\/historiaoral10\/wp-json\/wp\/v2\/comments?post=11"}],"version-history":[{"count":3,"href":"https:\/\/blogs.ua.es\/historiaoral10\/wp-json\/wp\/v2\/pages\/11\/revisions"}],"predecessor-version":[{"id":72,"href":"https:\/\/blogs.ua.es\/historiaoral10\/wp-json\/wp\/v2\/pages\/11\/revisions\/72"}],"wp:attachment":[{"href":"https:\/\/blogs.ua.es\/historiaoral10\/wp-json\/wp\/v2\/media?parent=11"}],"curies":[{"name":"wp","href":"https:\/\/api.w.org\/{rel}","templated":true}]}}