{"id":13,"date":"2014-12-05T12:03:45","date_gmt":"2014-12-05T12:03:45","guid":{"rendered":"https:\/\/blogs.ua.es\/historiaoral10\/?page_id=13"},"modified":"2015-01-12T18:02:27","modified_gmt":"2015-01-12T18:02:27","slug":"valoracion","status":"publish","type":"page","link":"https:\/\/blogs.ua.es\/historiaoral10\/valoracion\/","title":{"rendered":"Valoraci\u00f3n"},"content":{"rendered":"<div class=\"page\" title=\"Page 2\">\n<div class=\"section\">\n<div class=\"layoutArea\">\n<div class=\"column\">\n<p>Fue una sorpresa cuando el profesor comunic\u00f3 que ten\u00edamos que asistir a un Taller de Historia oral y que ten\u00edamos que desarrollar un proyecto en el cual los alumnos, divididos en grupos de dos personas, ten\u00edan que elegir un tema, documentarse sobre \u00e9l, y escribir las preguntas, buscar personas y entrevistarlos.<br \/>\nEn Italia, las asignaturas no incluyen ning\u00fan tipo de trabajo escrito o pr\u00e1ctico. En realidad, el estudio de las asignaturas se desarrolla con un examen oral entre el profesor y el alumno, despu\u00e9s de haberse estudiado la bibliograf\u00eda dada por el profesor . Mientras que en algunas facultades, como la que asisto , existen talleres en los cuales se desarrollan clases pr\u00e1cticas, as\u00ed como, el uso del programa SIG.<br \/>\nCreo que es una buena idea instruir a los alumnos de la importancia de las fuentes orales. Pero, pienso tambi\u00e9n que es dif\u00edcil desarrollar una entrevista sin experiencia. En mi caso, y con mi experiencia, he encontrado muchas dificultades.<\/p>\n<p>Como elegir el tema sin conocer espa\u00f1oles, que hayan vivido en el marco temporal de la postguerra y el Franquismo, por eso, he tenido que adaptar mi tema a las personas que pod\u00eda entrevistar. Despu\u00e9s, he tenido que traducir la entrevista hecha a mi padre. La inexperiencia ha hecho que las preguntas hechas no son todas aquellas que pod\u00eda hacer, en el sentido que despu\u00e9s que he hecho la entrevista, y la he mirado, me han venido nuevas preguntas en referencia al tema. Desafortunadamente, he hecho el proyecto sola, sin compa\u00f1ero, y creo que tendre m\u00e1s errores que en un trabajo de grupo de dos personas. Porque creo que la comparaci\u00f3n de puntos de vista diferentes es la clave fundamental de este tipo de trabajo. Pero me he divertido mucho al intentar esta nueva experiencia.<\/p>\n<p>Valentina<\/p>\n<\/div>\n<\/div>\n<\/div>\n<\/div>\n","protected":false},"excerpt":{"rendered":"<p>Fue una sorpresa cuando el profesor comunic\u00f3 que ten\u00edamos que asistir a un Taller de Historia oral y que ten\u00edamos que desarrollar un proyecto en el cual los alumnos, divididos en grupos de dos personas, ten\u00edan que elegir un tema, documentarse sobre \u00e9l, y escribir las preguntas, buscar personas y entrevistarlos. En Italia, las asignaturas [&hellip;]<\/p>\n","protected":false},"author":3727,"featured_media":0,"parent":0,"menu_order":4,"comment_status":"open","ping_status":"open","template":"","meta":{"footnotes":""},"class_list":["post-13","page","type-page","status-publish","hentry"],"_links":{"self":[{"href":"https:\/\/blogs.ua.es\/historiaoral10\/wp-json\/wp\/v2\/pages\/13","targetHints":{"allow":["GET"]}}],"collection":[{"href":"https:\/\/blogs.ua.es\/historiaoral10\/wp-json\/wp\/v2\/pages"}],"about":[{"href":"https:\/\/blogs.ua.es\/historiaoral10\/wp-json\/wp\/v2\/types\/page"}],"author":[{"embeddable":true,"href":"https:\/\/blogs.ua.es\/historiaoral10\/wp-json\/wp\/v2\/users\/3727"}],"replies":[{"embeddable":true,"href":"https:\/\/blogs.ua.es\/historiaoral10\/wp-json\/wp\/v2\/comments?post=13"}],"version-history":[{"count":2,"href":"https:\/\/blogs.ua.es\/historiaoral10\/wp-json\/wp\/v2\/pages\/13\/revisions"}],"predecessor-version":[{"id":26,"href":"https:\/\/blogs.ua.es\/historiaoral10\/wp-json\/wp\/v2\/pages\/13\/revisions\/26"}],"wp:attachment":[{"href":"https:\/\/blogs.ua.es\/historiaoral10\/wp-json\/wp\/v2\/media?parent=13"}],"curies":[{"name":"wp","href":"https:\/\/api.w.org\/{rel}","templated":true}]}}