{"id":9,"date":"2014-12-05T12:03:08","date_gmt":"2014-12-05T12:03:08","guid":{"rendered":"https:\/\/blogs.ua.es\/historiaoral10\/?page_id=9"},"modified":"2015-01-13T16:25:37","modified_gmt":"2015-01-13T16:25:37","slug":"bibliografia","status":"publish","type":"page","link":"https:\/\/blogs.ua.es\/historiaoral10\/bibliografia\/","title":{"rendered":"Bibliograf\u00eda\u00a0"},"content":{"rendered":"<p>El tema principal tratado en las entrevistas es la evoluci\u00f3n de la instrucci\u00f3n y la diferencia entre la escuela italiana y catalana<\/p>\n<p><em>Historia de la educaci\u00f3n en Espa\u00f1a<\/em>, Wikipedia, L&#8217;enciclopedia libera, 2014 [consulta 1 diciembre 2014] Disponible en:\u00a0<a href=\"http:\/\/es.wikipedia.org\/wiki\/Historia_de_la_educaci%97n_en_Espa%96a\">http:\/\/es.wikipedia.org\/wiki\/Historia_de_la_educaci\u00f3n_en_Espa\u00f1a<\/a><\/p>\n<p><em>Ieri e oggi la \u201cRiforma\u201d con sempre la stessa \u201ccura\u201d<\/em>, Leonardo.it il portale delle passioni, 2014 [consulta: 1 diciembre 2014] Disponible en: <a href=\"http:\/\/cronologia.leonardo.it\/storia\/tabello\/tabe1530.htm\">http:\/\/cronologia.leonardo.it\/storia\/tabello\/tabe1530.htm<\/a><\/p>\n<p><em>Storia dell\u2019istruzione in Italia<\/em>, Wikipedia, L&#8217;enciclopedia libera, 2014 [consulta 1 diciembre 2014] Disponible en: <a href=\"http:\/\/it.wikipedia.org\/wiki\/Storia_dell'istruzione_in_Italia\">http:\/\/it.wikipedia.org\/wiki\/Storia_dell&#8217;istruzione_in_Italia<\/a><\/p>\n","protected":false},"excerpt":{"rendered":"<p>El tema principal tratado en las entrevistas es la evoluci\u00f3n de la instrucci\u00f3n y la diferencia entre la escuela italiana y catalana Historia de la educaci\u00f3n en Espa\u00f1a, Wikipedia, L&#8217;enciclopedia libera, 2014 [consulta 1 diciembre 2014] Disponible en:\u00a0http:\/\/es.wikipedia.org\/wiki\/Historia_de_la_educaci\u00f3n_en_Espa\u00f1a Ieri e oggi la \u201cRiforma\u201d con sempre la stessa \u201ccura\u201d, Leonardo.it il portale delle passioni, 2014 [consulta: [&hellip;]<\/p>\n","protected":false},"author":3727,"featured_media":0,"parent":0,"menu_order":2,"comment_status":"open","ping_status":"open","template":"","meta":{"footnotes":""},"class_list":["post-9","page","type-page","status-publish","hentry"],"_links":{"self":[{"href":"https:\/\/blogs.ua.es\/historiaoral10\/wp-json\/wp\/v2\/pages\/9","targetHints":{"allow":["GET"]}}],"collection":[{"href":"https:\/\/blogs.ua.es\/historiaoral10\/wp-json\/wp\/v2\/pages"}],"about":[{"href":"https:\/\/blogs.ua.es\/historiaoral10\/wp-json\/wp\/v2\/types\/page"}],"author":[{"embeddable":true,"href":"https:\/\/blogs.ua.es\/historiaoral10\/wp-json\/wp\/v2\/users\/3727"}],"replies":[{"embeddable":true,"href":"https:\/\/blogs.ua.es\/historiaoral10\/wp-json\/wp\/v2\/comments?post=9"}],"version-history":[{"count":4,"href":"https:\/\/blogs.ua.es\/historiaoral10\/wp-json\/wp\/v2\/pages\/9\/revisions"}],"predecessor-version":[{"id":71,"href":"https:\/\/blogs.ua.es\/historiaoral10\/wp-json\/wp\/v2\/pages\/9\/revisions\/71"}],"wp:attachment":[{"href":"https:\/\/blogs.ua.es\/historiaoral10\/wp-json\/wp\/v2\/media?parent=9"}],"curies":[{"name":"wp","href":"https:\/\/api.w.org\/{rel}","templated":true}]}}