{"id":105,"date":"2015-01-09T12:58:48","date_gmt":"2015-01-09T12:58:48","guid":{"rendered":"https:\/\/blogs.ua.es\/historiaoral12\/?page_id=105"},"modified":"2015-01-12T19:24:04","modified_gmt":"2015-01-12T19:24:04","slug":"valoracion","status":"publish","type":"page","link":"https:\/\/blogs.ua.es\/historiaoral12\/valoracion\/","title":{"rendered":"Valoraci\u00f3n"},"content":{"rendered":"<p>El trabajo de fuentes orales resulta ser a su vez una tarea gratificante y complicada.<\/p>\n<p>A su favor podemos decir que el hecho de realizar un trabajo de investigaci\u00f3n de tales caracter\u00edsticas nos permite ponernos en contacto directo con la historia logrando adquirir as\u00ed el concepto de que la historia es algo vivo. Realizar entrevistas a nuestros mayores nos pone cara a cara con el pasado consiguiendo as\u00ed una visi\u00f3n amplia de este ya que nos ofrece un punto subjetivo. De este modo, dejamos atr\u00e1s la visi\u00f3n que nos han ense\u00f1ado, ofreci\u00e9ndonos una historia que no supera las barreras del papel. As\u00ed,\u00a0hemos logrado adquirir una mayor compresi\u00f3n y con esta, aumentar nuestra visi\u00f3n cr\u00edtica.<\/p>\n<p>En contraposici\u00f3n debemos decir que este trabajo es una tarea costosa que cuya elaboraci\u00f3n deber\u00eda ser encargada con periodos de tiempo m\u00e1s amplios. Hacer entrevistas es complicado y conlleva bastante tiempo.<\/p>\n","protected":false},"excerpt":{"rendered":"<p>El trabajo de fuentes orales resulta ser a su vez una tarea gratificante y complicada. A su favor podemos decir que el hecho de realizar un trabajo de investigaci\u00f3n de tales caracter\u00edsticas nos permite ponernos en contacto directo con la &hellip; <a href=\"https:\/\/blogs.ua.es\/historiaoral12\/valoracion\/\">Continue reading <span class=\"meta-nav\">&rarr;<\/span><\/a><\/p>\n","protected":false},"author":3610,"featured_media":0,"parent":0,"menu_order":0,"comment_status":"open","ping_status":"open","template":"","meta":{"footnotes":""},"class_list":["post-105","page","type-page","status-publish","hentry"],"_links":{"self":[{"href":"https:\/\/blogs.ua.es\/historiaoral12\/wp-json\/wp\/v2\/pages\/105","targetHints":{"allow":["GET"]}}],"collection":[{"href":"https:\/\/blogs.ua.es\/historiaoral12\/wp-json\/wp\/v2\/pages"}],"about":[{"href":"https:\/\/blogs.ua.es\/historiaoral12\/wp-json\/wp\/v2\/types\/page"}],"author":[{"embeddable":true,"href":"https:\/\/blogs.ua.es\/historiaoral12\/wp-json\/wp\/v2\/users\/3610"}],"replies":[{"embeddable":true,"href":"https:\/\/blogs.ua.es\/historiaoral12\/wp-json\/wp\/v2\/comments?post=105"}],"version-history":[{"count":7,"href":"https:\/\/blogs.ua.es\/historiaoral12\/wp-json\/wp\/v2\/pages\/105\/revisions"}],"predecessor-version":[{"id":206,"href":"https:\/\/blogs.ua.es\/historiaoral12\/wp-json\/wp\/v2\/pages\/105\/revisions\/206"}],"wp:attachment":[{"href":"https:\/\/blogs.ua.es\/historiaoral12\/wp-json\/wp\/v2\/media?parent=105"}],"curies":[{"name":"wp","href":"https:\/\/api.w.org\/{rel}","templated":true}]}}