{"id":119,"date":"2015-01-09T16:25:27","date_gmt":"2015-01-09T16:25:27","guid":{"rendered":"https:\/\/blogs.ua.es\/historiaoral12\/?page_id=119"},"modified":"2015-01-12T23:26:49","modified_gmt":"2015-01-12T23:26:49","slug":"bibliografia","status":"publish","type":"page","link":"https:\/\/blogs.ua.es\/historiaoral12\/bibliografia\/","title":{"rendered":"Bibliograf\u00eda"},"content":{"rendered":"<p><i><span style=\"font-family: Arial\">\u2212<\/span><\/i><span style=\"font-family: Arial\">BORREGUERO, Concha; CATENA, Elena; G\u00c1NDARA, Cosuelo de la; SALAS, Mar\u00eda:<i> La mujer espa\u00f1ola: de la tradici\u00f3n a la modernidad (1960\u22121980). <\/i>Tecnos, serie de sociolog\u00eda. Madrid, 1986.<\/span><\/p>\n<p><span style=\"font-family: Arial\">\u2212GRACIA, J:<\/span><i><span style=\"font-family: Arial\">\u00a0Estado y cultura : el despertar de una conciencia cr\u00edtica bajo el franquismo.\u00a0<\/span><\/i><span style=\"font-family: Arial\">Presses Universitaires du Mirail, 1996.<\/span><\/p>\n<p><span style=\"font-family: Arial\"><i><span style=\"font-family: Arial\">\u2212<\/span><\/i><span style=\"font-family: Arial\">S\u00c1NCHEZ-REDONDO MORCILLO<\/span><i><span style=\"font-family: Arial\">,<\/span><\/i><span style=\"font-family: Arial\">\u00a0Carlos<strong>:<\/strong><\/span><i><span style=\"font-family: Arial\"> Leer en la escuela durante el franquismo.<\/span><\/i><span style=\"font-family: Arial\">\u00a0<\/span><span style=\"font-family: Arial\">Ediciones de la Universidad de Castilla-La Mancha, 2004.<\/span><br \/>\n<\/span><\/p>\n<p><i><span style=\"font-family: Arial\">\u2212<\/span><\/i><span style=\"font-family: Arial\">MORADIELLOS GARCIA, Enrique:\u00a0<\/span><span style=\"font-family: Arial\"><em>La Espa\u00f1a de Franco (1939-1975) : pol\u00edtica y sociedad. <\/em>S\u00edntesis, 2000.<br \/>\n<\/span><\/p>\n<p><i><span style=\"font-family: Arial\">\u2212<\/span><\/i><span style=\"font-family: Arial\">LAVIANA, Juan Carlos:\u00a0<em>El franquismo a\u00f1o a a\u00f1o: lo que se contaba y se ocultaba durante la dictadura.\u00a0<\/em>Unidad Editorial, 2006.<\/span><\/p>\n<p>&#8211; DUROUX, Rose. <em>La emigraci\u00f3n a Francia (segunda mitad del siglo XX). Unas reflexiones sobre retornos y reintegraciones.<\/em>\u00a0. Hispania, 2002.<\/p>\n<p>-SANTOS, F\u00e9lix.\u00a0<em>Exiliados y emigrados: 1939-1999<\/em>\u00a0[en l\u00ednea].\u00a0 Alicante: Biblioteca Virtual Miguel de Cervantes, 2003 [consulta 9 enero 2015].<\/p>\n<p>Disponible en:\u00a0http:\/\/www.cervantesvirtual.com\/obra-visor-din\/exiliados-y-emigrados-19391999&#8211;0\/html\/<\/p>\n<p>-LAVIANA, Juan Carlos. <em>El franquismo a\u00f1o a a\u00f1o: lo que se contaba y se ocultaba durante la dictadura<\/em>. Unidad Editorial, 2006.<\/p>\n","protected":false},"excerpt":{"rendered":"<p>\u2212BORREGUERO, Concha; CATENA, Elena; G\u00c1NDARA, Cosuelo de la; SALAS, Mar\u00eda: La mujer espa\u00f1ola: de la tradici\u00f3n a la modernidad (1960\u22121980). Tecnos, serie de sociolog\u00eda. Madrid, 1986. \u2212GRACIA, J:\u00a0Estado y cultura : el despertar de una conciencia cr\u00edtica bajo el franquismo.\u00a0Presses &hellip; <a href=\"https:\/\/blogs.ua.es\/historiaoral12\/bibliografia\/\">Continue reading <span class=\"meta-nav\">&rarr;<\/span><\/a><\/p>\n","protected":false},"author":3610,"featured_media":0,"parent":0,"menu_order":0,"comment_status":"open","ping_status":"open","template":"","meta":{"footnotes":""},"class_list":["post-119","page","type-page","status-publish","hentry"],"_links":{"self":[{"href":"https:\/\/blogs.ua.es\/historiaoral12\/wp-json\/wp\/v2\/pages\/119","targetHints":{"allow":["GET"]}}],"collection":[{"href":"https:\/\/blogs.ua.es\/historiaoral12\/wp-json\/wp\/v2\/pages"}],"about":[{"href":"https:\/\/blogs.ua.es\/historiaoral12\/wp-json\/wp\/v2\/types\/page"}],"author":[{"embeddable":true,"href":"https:\/\/blogs.ua.es\/historiaoral12\/wp-json\/wp\/v2\/users\/3610"}],"replies":[{"embeddable":true,"href":"https:\/\/blogs.ua.es\/historiaoral12\/wp-json\/wp\/v2\/comments?post=119"}],"version-history":[{"count":12,"href":"https:\/\/blogs.ua.es\/historiaoral12\/wp-json\/wp\/v2\/pages\/119\/revisions"}],"predecessor-version":[{"id":226,"href":"https:\/\/blogs.ua.es\/historiaoral12\/wp-json\/wp\/v2\/pages\/119\/revisions\/226"}],"wp:attachment":[{"href":"https:\/\/blogs.ua.es\/historiaoral12\/wp-json\/wp\/v2\/media?parent=119"}],"curies":[{"name":"wp","href":"https:\/\/api.w.org\/{rel}","templated":true}]}}