{"id":135,"date":"2015-01-09T18:08:17","date_gmt":"2015-01-09T18:08:17","guid":{"rendered":"https:\/\/blogs.ua.es\/historiaoral12\/?page_id=135"},"modified":"2015-01-12T19:30:28","modified_gmt":"2015-01-12T19:30:28","slug":"metodologia","status":"publish","type":"page","link":"https:\/\/blogs.ua.es\/historiaoral12\/metodologia\/","title":{"rendered":"Metodolog\u00eda"},"content":{"rendered":"<p>Para la elaboraci\u00f3n de este proyecto, las pautas a seguir han consistido en las siguientes:<\/p>\n<p>En primer lugar debimos crear nuestro blog en la web, utilizando la plataforma proporcionada por la Universidad de Alicante. El siguiente paso consisti\u00f3 en buscar a los candidatos de nuestras entrevistas para realizarselas de dos formas: en audio y en v\u00eddeo. Dicha elecci\u00f3n vino dada ajust\u00e1ndonos a los temas que nos fueron propuestos, seleccionando a las personas que nos pareciesen id\u00f3neas para ellos. Una vez tuvimos las entrevistas, comenzamos su edici\u00f3n con diferentes programas para posteriormente pasar a su subida.<\/p>\n<p>Tras tener los materiales colgados los estructuramos seg\u00fan las pautas que nos fueron dadas en las diversas clases pr\u00e1cticas de la asignatura, estructur\u00e1ndolas en dos apartados, uno de contextualizaci\u00f3n del tema, donde nos servimos de una bibliograf\u00eda que obtuvimos en la red y en la Biblioteca de la Universidad de Alicante (BUA), y otro de ficha t\u00e9cnica, donde realizamos una descripci\u00f3n de las entrevistas.<\/p>\n<p>Concluidos los\u00a0apartados anteriormente citados, el resultado fue este proyecto del cual nos sentimos bastante orgullosos dado que ha sido el resultado de un gran esfuerzo.<\/p>\n<p>&nbsp;<\/p>\n","protected":false},"excerpt":{"rendered":"<p>Para la elaboraci\u00f3n de este proyecto, las pautas a seguir han consistido en las siguientes: En primer lugar debimos crear nuestro blog en la web, utilizando la plataforma proporcionada por la Universidad de Alicante. El siguiente paso consisti\u00f3 en buscar &hellip; <a href=\"https:\/\/blogs.ua.es\/historiaoral12\/metodologia\/\">Continue reading <span class=\"meta-nav\">&rarr;<\/span><\/a><\/p>\n","protected":false},"author":3610,"featured_media":0,"parent":0,"menu_order":0,"comment_status":"open","ping_status":"open","template":"","meta":{"footnotes":""},"class_list":["post-135","page","type-page","status-publish","hentry"],"_links":{"self":[{"href":"https:\/\/blogs.ua.es\/historiaoral12\/wp-json\/wp\/v2\/pages\/135","targetHints":{"allow":["GET"]}}],"collection":[{"href":"https:\/\/blogs.ua.es\/historiaoral12\/wp-json\/wp\/v2\/pages"}],"about":[{"href":"https:\/\/blogs.ua.es\/historiaoral12\/wp-json\/wp\/v2\/types\/page"}],"author":[{"embeddable":true,"href":"https:\/\/blogs.ua.es\/historiaoral12\/wp-json\/wp\/v2\/users\/3610"}],"replies":[{"embeddable":true,"href":"https:\/\/blogs.ua.es\/historiaoral12\/wp-json\/wp\/v2\/comments?post=135"}],"version-history":[{"count":7,"href":"https:\/\/blogs.ua.es\/historiaoral12\/wp-json\/wp\/v2\/pages\/135\/revisions"}],"predecessor-version":[{"id":207,"href":"https:\/\/blogs.ua.es\/historiaoral12\/wp-json\/wp\/v2\/pages\/135\/revisions\/207"}],"wp:attachment":[{"href":"https:\/\/blogs.ua.es\/historiaoral12\/wp-json\/wp\/v2\/media?parent=135"}],"curies":[{"name":"wp","href":"https:\/\/api.w.org\/{rel}","templated":true}]}}