{"id":8,"date":"2014-11-28T09:51:26","date_gmt":"2014-11-28T09:51:26","guid":{"rendered":"https:\/\/blogs.ua.es\/historiaoral12\/?page_id=8"},"modified":"2015-01-09T17:01:44","modified_gmt":"2015-01-09T17:01:44","slug":"presentacion","status":"publish","type":"page","link":"https:\/\/blogs.ua.es\/historiaoral12\/presentacion\/","title":{"rendered":"Presentaci\u00f3n"},"content":{"rendered":"<p>Este blog es una trabajo para la asignatura de\u00a0<em>Fuentes y Documentos para la historia<\/em> impartida durante el curso acad\u00e9mico de 2014\/2015 en la Universidad de Alicante (UA).<\/p>\n<p>El proyecto, denominado &#8221;Historia Oral&#8221;, consiste en la utilizaci\u00f3n de Fuentes Orales como m\u00e9todo de estudio. En \u00e9l, podremos encontrar una series de entrevistas realizadas por nosotros mismos donde escucharemos el testimonio de diversas personas sobre una serie de temas que se localizan en en el periodo temporal que se comprende entre el Franquismo y la Transici\u00f3n en Espa\u00f1a.<\/p>\n<p>Sus creadores han sido dos alumnos de la propia universidad, bajo la tutela del profesor Antonio Carrasco, que se encuentran cursando el primer curso del Grado en Historia: Jaime L\u00f3pez Mart\u00ednez y Jose Andr\u00e9s L\u00f3pez Mart\u00ednez.<\/p>\n","protected":false},"excerpt":{"rendered":"<p>Este blog es una trabajo para la asignatura de\u00a0Fuentes y Documentos para la historia impartida durante el curso acad\u00e9mico de 2014\/2015 en la Universidad de Alicante (UA). El proyecto, denominado &#8221;Historia Oral&#8221;, consiste en la utilizaci\u00f3n de Fuentes Orales como &hellip; <a href=\"https:\/\/blogs.ua.es\/historiaoral12\/presentacion\/\">Continue reading <span class=\"meta-nav\">&rarr;<\/span><\/a><\/p>\n","protected":false},"author":3610,"featured_media":0,"parent":0,"menu_order":0,"comment_status":"open","ping_status":"open","template":"","meta":{"footnotes":""},"class_list":["post-8","page","type-page","status-publish","hentry"],"_links":{"self":[{"href":"https:\/\/blogs.ua.es\/historiaoral12\/wp-json\/wp\/v2\/pages\/8","targetHints":{"allow":["GET"]}}],"collection":[{"href":"https:\/\/blogs.ua.es\/historiaoral12\/wp-json\/wp\/v2\/pages"}],"about":[{"href":"https:\/\/blogs.ua.es\/historiaoral12\/wp-json\/wp\/v2\/types\/page"}],"author":[{"embeddable":true,"href":"https:\/\/blogs.ua.es\/historiaoral12\/wp-json\/wp\/v2\/users\/3610"}],"replies":[{"embeddable":true,"href":"https:\/\/blogs.ua.es\/historiaoral12\/wp-json\/wp\/v2\/comments?post=8"}],"version-history":[{"count":3,"href":"https:\/\/blogs.ua.es\/historiaoral12\/wp-json\/wp\/v2\/pages\/8\/revisions"}],"predecessor-version":[{"id":126,"href":"https:\/\/blogs.ua.es\/historiaoral12\/wp-json\/wp\/v2\/pages\/8\/revisions\/126"}],"wp:attachment":[{"href":"https:\/\/blogs.ua.es\/historiaoral12\/wp-json\/wp\/v2\/media?parent=8"}],"curies":[{"name":"wp","href":"https:\/\/api.w.org\/{rel}","templated":true}]}}