{"id":31,"date":"2014-12-18T10:24:24","date_gmt":"2014-12-18T10:24:24","guid":{"rendered":"https:\/\/blogs.ua.es\/historiaoral20\/?page_id=31"},"modified":"2015-01-13T22:02:38","modified_gmt":"2015-01-13T22:02:38","slug":"valoracion","status":"publish","type":"page","link":"https:\/\/blogs.ua.es\/historiaoral20\/valoracion\/","title":{"rendered":"Valoraci\u00f3n"},"content":{"rendered":"<p style=\"text-align: center\">Nosotros somos de la opinion, que para conocer una \u00e9poca, no hay que basarse solo en los hechos hist\u00f3ricos que sucedieron, hay que indagar mas all\u00e1, conocer la realidad del d\u00eda a d\u00eda, la historia de la gente an\u00f3nima, que es mayor\u00eda en cada \u00e9poca.<\/p>\n<p style=\"text-align: center\">Dicen que la historia la escriben los vencedores, y por tanto no se cuenta toda la verdad. Por eso nuestro gran inter\u00e9s en este proyecto, que rescata las vivencias de gente com\u00fan, que no filtran los hechos, y nos contaran su experiencia tal y como sucedi\u00f3.<\/p>\n<p style=\"text-align: center\">Gracias a este blog, hemos podido acercaros y daros otro punto de vista de una \u00e9poca que aun hoy en d\u00eda no deja a nadie indiferente.<\/p>\n","protected":false},"excerpt":{"rendered":"<p>Nosotros somos de la opinion, que para conocer una \u00e9poca, no hay que basarse solo en los hechos hist\u00f3ricos que sucedieron, hay que indagar mas all\u00e1, conocer la realidad del d\u00eda a d\u00eda, la historia de la gente an\u00f3nima, que es mayor\u00eda en cada \u00e9poca. Dicen que la historia la escriben los vencedores, y por [&hellip;]<\/p>\n","protected":false},"author":1873,"featured_media":0,"parent":0,"menu_order":0,"comment_status":"open","ping_status":"open","template":"","meta":{"footnotes":""},"class_list":["post-31","page","type-page","status-publish","hentry"],"_links":{"self":[{"href":"https:\/\/blogs.ua.es\/historiaoral20\/wp-json\/wp\/v2\/pages\/31","targetHints":{"allow":["GET"]}}],"collection":[{"href":"https:\/\/blogs.ua.es\/historiaoral20\/wp-json\/wp\/v2\/pages"}],"about":[{"href":"https:\/\/blogs.ua.es\/historiaoral20\/wp-json\/wp\/v2\/types\/page"}],"author":[{"embeddable":true,"href":"https:\/\/blogs.ua.es\/historiaoral20\/wp-json\/wp\/v2\/users\/1873"}],"replies":[{"embeddable":true,"href":"https:\/\/blogs.ua.es\/historiaoral20\/wp-json\/wp\/v2\/comments?post=31"}],"version-history":[{"count":4,"href":"https:\/\/blogs.ua.es\/historiaoral20\/wp-json\/wp\/v2\/pages\/31\/revisions"}],"predecessor-version":[{"id":155,"href":"https:\/\/blogs.ua.es\/historiaoral20\/wp-json\/wp\/v2\/pages\/31\/revisions\/155"}],"wp:attachment":[{"href":"https:\/\/blogs.ua.es\/historiaoral20\/wp-json\/wp\/v2\/media?parent=31"}],"curies":[{"name":"wp","href":"https:\/\/api.w.org\/{rel}","templated":true}]}}