{"id":19,"date":"2014-11-28T22:33:50","date_gmt":"2014-11-28T21:33:50","guid":{"rendered":"https:\/\/blogs.ua.es\/historiaoral21\/?page_id=19"},"modified":"2015-01-11T14:21:05","modified_gmt":"2015-01-11T13:21:05","slug":"bibliografia","status":"publish","type":"page","link":"https:\/\/blogs.ua.es\/historiaoral21\/bibliografia\/","title":{"rendered":"Bibliograf\u00eda"},"content":{"rendered":"<p>PANTALE\u00d3N CADILLA, Xurxo. REY TRIST\u00c1N, Eduardo. \u00a0<em>Gui\u00f3n para la elaboraci\u00f3n de una fuente oral<\/em>. USC, 2006.<\/p>\n<p>TRONCOSO DE LA FUENTE, Rosa. Fuentes orales: Creaci\u00f3n e interpretaci\u00f3n. Pontificia Universidad Cat\u00f3lica del Per\u00fa, 1999.<\/p>\n<p>THOMPSON, Paul. Historia oral y contemporaneidad. Historia, memoria y pasado reciente. Universidad Nacional de Rosario. 2003\/4.<\/p>\n<p>AR\u00d3STEGUI, Julio. La investigaci\u00f3n hist\u00f3rica: Teor\u00eda y m\u00e9todo. Los instrumentos del an\u00e1lisis hist\u00f3rico. Barcelona. Grijalbo Mondadori. \u00a01995.<\/p>\n<p>Mujeres y transici\u00f3n [en l\u00ednea].\u00a0Haciendo historia. G\u00e9nero y transici\u00f3n. [consulta: 1 enero 2015]. Disponible en:\u00a0http:\/\/www.mujeresytransicion.es\/<\/p>\n<p>&nbsp;<\/p>\n<p>&nbsp;<\/p>\n<p><strong>Breve comentario.<\/strong><\/p>\n<p>Las primeras cuatro referencias corresponden a materiales proporcionados por el profesorado, siendo especialmente interesantes los art\u00edculos de Rosa Troncoso y Xurxo Pantale\u00f3n con Eduardo Rey, pues de manera sencilla elaboran una serie de pasos para la entrevista que nos han sido \u00fatiles e interesantes.<\/p>\n<p>Para los testimonios de Nieves Montesinos hemos consultado la p\u00e1gina web de Mujeres y transici\u00f3n que se menciona, adem\u00e1s de diversos materiales del mismo proyecto, como una revista informativa sobre la exposici\u00f3n.<\/p>\n","protected":false},"excerpt":{"rendered":"<p>PANTALE\u00d3N CADILLA, Xurxo. REY TRIST\u00c1N, Eduardo. \u00a0Gui\u00f3n para la elaboraci\u00f3n de una fuente oral. USC, 2006. TRONCOSO DE LA FUENTE, Rosa. Fuentes orales: Creaci\u00f3n e interpretaci\u00f3n. Pontificia Universidad Cat\u00f3lica del Per\u00fa, 1999. THOMPSON, Paul. Historia oral y contemporaneidad. Historia, memoria &hellip; <a href=\"https:\/\/blogs.ua.es\/historiaoral21\/bibliografia\/\">Continue reading <span class=\"meta-nav\">&rarr;<\/span><\/a><\/p>\n","protected":false},"author":3627,"featured_media":0,"parent":0,"menu_order":1,"comment_status":"open","ping_status":"open","template":"","meta":{"footnotes":""},"class_list":["post-19","page","type-page","status-publish","hentry"],"_links":{"self":[{"href":"https:\/\/blogs.ua.es\/historiaoral21\/wp-json\/wp\/v2\/pages\/19","targetHints":{"allow":["GET"]}}],"collection":[{"href":"https:\/\/blogs.ua.es\/historiaoral21\/wp-json\/wp\/v2\/pages"}],"about":[{"href":"https:\/\/blogs.ua.es\/historiaoral21\/wp-json\/wp\/v2\/types\/page"}],"author":[{"embeddable":true,"href":"https:\/\/blogs.ua.es\/historiaoral21\/wp-json\/wp\/v2\/users\/3627"}],"replies":[{"embeddable":true,"href":"https:\/\/blogs.ua.es\/historiaoral21\/wp-json\/wp\/v2\/comments?post=19"}],"version-history":[{"count":4,"href":"https:\/\/blogs.ua.es\/historiaoral21\/wp-json\/wp\/v2\/pages\/19\/revisions"}],"predecessor-version":[{"id":52,"href":"https:\/\/blogs.ua.es\/historiaoral21\/wp-json\/wp\/v2\/pages\/19\/revisions\/52"}],"wp:attachment":[{"href":"https:\/\/blogs.ua.es\/historiaoral21\/wp-json\/wp\/v2\/media?parent=19"}],"curies":[{"name":"wp","href":"https:\/\/api.w.org\/{rel}","templated":true}]}}