{"id":21,"date":"2014-11-28T22:34:24","date_gmt":"2014-11-28T21:34:24","guid":{"rendered":"https:\/\/blogs.ua.es\/historiaoral21\/?page_id=21"},"modified":"2015-01-13T17:30:04","modified_gmt":"2015-01-13T16:30:04","slug":"metodologia","status":"publish","type":"page","link":"https:\/\/blogs.ua.es\/historiaoral21\/metodologia\/","title":{"rendered":"Metodolog\u00eda"},"content":{"rendered":"<p>Una vez recibidas las instrucciones del trabajo por parte del profesorado nos reunimos los componentes del trabajo para delimitar las partes que nos corresponder\u00eda realizar a cada uno, as\u00ed como iniciar la b\u00fasqueda de los entrevistados, asumiendo que es la parte fundamental del trabajo.<\/p>\n<p>Al mismo tiempo procedimos a adelantar la parte t\u00e9cnica (blog) lo m\u00e1ximo posible, quedando el dise\u00f1o con la estructura definida (distintas p\u00e1ginas y entradas) en poco tiempo. Tambi\u00e9n le\u00edmos parte del material proporcionado por el profesor que podr\u00eda ayudarnos de cara a la elaboraci\u00f3n del trabajo. (Los textos est\u00e1n detallados en el apartado de la bibliograf\u00eda)<\/p>\n<p>La grabaci\u00f3n de las entrevistas sufri\u00f3 alg\u00fan que otro contratiempo. Los dos alumnos tuvimos problemas t\u00e9cnicos, en un caso afectando notablemente a la calidad del v\u00eddeo y en otro caso viendo cortada la entrevista y teniendo que reanudarla otro d\u00eda. Pedir excepcionalmente un rato para la entrevista tambi\u00e9n complic\u00f3 el trabajo, habiendo sido mucho m\u00e1s f\u00e1cil acudir a familiares a los que poder pedir en confianza m\u00e1s tiempo. Dificultad tambi\u00e9n que conllev\u00f3 realizar la entrevista en videoconferencia.<\/p>\n<p>Videoconferencia que fue grabada desde un ordenador port\u00e1til a trav\u00e9s de una c\u00e1mara digital, motivo por el cual el audio se vio afectado. (Descubrimos otras formas de grabar una conferencia con mejor calidad tras la entrevista)<\/p>\n<p>Una vez finalizadas las entrevistas procedimos a editarlas, a\u00f1adiendo al v\u00eddeo los t\u00edtulos y subt\u00edtulos para las preguntas convenientes. Para dos de los testimonios se opt\u00f3 por un tratado simple, siguiendo las indicaciones para la edici\u00f3n b\u00e1sica que dieron los profesores en el taller. Mientras que los otros dos v\u00eddeos fueron editados utilizando otros programas, hecho que result\u00f3 m\u00e1s complicado de lo previsto y causa de los problemas t\u00e9cnicos que afectaron al resultado final.<\/p>\n<p>Con los v\u00eddeos editados pasamos a la \u00faltima fase, darle los \u00faltimos retoques al blog, completando apartados como \u00e9ste (metodolog\u00eda), valoraci\u00f3n, o bibliograf\u00eda.<\/p>\n","protected":false},"excerpt":{"rendered":"<p>Una vez recibidas las instrucciones del trabajo por parte del profesorado nos reunimos los componentes del trabajo para delimitar las partes que nos corresponder\u00eda realizar a cada uno, as\u00ed como iniciar la b\u00fasqueda de los entrevistados, asumiendo que es la &hellip; <a href=\"https:\/\/blogs.ua.es\/historiaoral21\/metodologia\/\">Continue reading <span class=\"meta-nav\">&rarr;<\/span><\/a><\/p>\n","protected":false},"author":3627,"featured_media":0,"parent":0,"menu_order":2,"comment_status":"open","ping_status":"open","template":"","meta":{"footnotes":""},"class_list":["post-21","page","type-page","status-publish","hentry"],"_links":{"self":[{"href":"https:\/\/blogs.ua.es\/historiaoral21\/wp-json\/wp\/v2\/pages\/21","targetHints":{"allow":["GET"]}}],"collection":[{"href":"https:\/\/blogs.ua.es\/historiaoral21\/wp-json\/wp\/v2\/pages"}],"about":[{"href":"https:\/\/blogs.ua.es\/historiaoral21\/wp-json\/wp\/v2\/types\/page"}],"author":[{"embeddable":true,"href":"https:\/\/blogs.ua.es\/historiaoral21\/wp-json\/wp\/v2\/users\/3627"}],"replies":[{"embeddable":true,"href":"https:\/\/blogs.ua.es\/historiaoral21\/wp-json\/wp\/v2\/comments?post=21"}],"version-history":[{"count":4,"href":"https:\/\/blogs.ua.es\/historiaoral21\/wp-json\/wp\/v2\/pages\/21\/revisions"}],"predecessor-version":[{"id":62,"href":"https:\/\/blogs.ua.es\/historiaoral21\/wp-json\/wp\/v2\/pages\/21\/revisions\/62"}],"wp:attachment":[{"href":"https:\/\/blogs.ua.es\/historiaoral21\/wp-json\/wp\/v2\/media?parent=21"}],"curies":[{"name":"wp","href":"https:\/\/api.w.org\/{rel}","templated":true}]}}